{"id":7588,"date":"2021-02-21T14:00:36","date_gmt":"2021-02-21T14:00:36","guid":{"rendered":"https:\/\/www.autonvaraosahaku.fi\/?product=tedgum-00508529-kallistuksenvakaajan-puslat"},"modified":"2021-02-21T14:00:37","modified_gmt":"2021-02-21T14:00:37","slug":"tedgum-00508529-kallistuksenvakaajan-puslat","status":"publish","type":"product","link":"https:\/\/www.autonvaraosahaku.fi\/?product=tedgum-00508529-kallistuksenvakaajan-puslat","title":{"rendered":"TEDGUM 00508529 Kallistuksenvakaajan puslat"},"content":{"rendered":"<p>Asennuspuoli: Sisempi, Etuakseli; Lukum\u00e4\u00e4r\u00e4 akselille: 2; Kallistuksenvakaajan l\u00e4pimitta [mm]: 26; L\u00e4pimitta [mm]: 24; OPEL: FRONTERA A Sport 5_SUD2,FRONTERA A 5_MWL4,CAMPO TF_,MONTEREY A UBS_; 0350663, 350663, 350664, 350665, 350666, 350667, 4300925, 4302206, 91132004, 91132005, 91151923, 94318777, 94459459, 97036342, 97070359; Kallistuksenvakaajan Kumit,Vakaajan Hela<\/p>\n","protected":false},"excerpt":{"rendered":"<p>TEDGUM Kallistuksenvakaajan Puslat 00508529 Kallistuksenvakaajan Kumit,Vakaajan Hela OPEL,FRONTERA A Sport 5_SUD2,FRONTERA A 5_MWL4,CAMPO TF_<\/p>\n","protected":false},"featured_media":0,"template":"","meta":{"site-sidebar-layout":"default","site-content-layout":"default","ast-global-header-display":"","ast-main-header-display":"","ast-hfb-above-header-display":"","ast-hfb-below-header-display":"","ast-hfb-mobile-header-display":"","site-post-title":"","ast-breadcrumbs-content":"","ast-featured-img":"","footer-sml-layout":"","theme-transparent-header-meta":"","adv-header-id-meta":"","stick-header-meta":"","header-above-stick-meta":"","header-main-stick-meta":"","header-below-stick-meta":""},"pwb-brand":[155],"product_cat":[82],"product_tag":[],"class_list":{"0":"post-7588","1":"product","2":"type-product","3":"status-publish","5":"pwb-brand-tedgum","6":"product_cat-kallistuksenvakaajan-puslat","7":"desktop-align-left","8":"tablet-align-left","9":"mobile-align-left","11":"first","12":"instock","13":"product-type-external"},"brands":[{"id":155,"name":"TEDGUM","slug":"tedgum"}],"_links":{"self":[{"href":"https:\/\/www.autonvaraosahaku.fi\/index.php?rest_route=\/wp\/v2\/product\/7588","targetHints":{"allow":["GET"]}}],"collection":[{"href":"https:\/\/www.autonvaraosahaku.fi\/index.php?rest_route=\/wp\/v2\/product"}],"about":[{"href":"https:\/\/www.autonvaraosahaku.fi\/index.php?rest_route=\/wp\/v2\/types\/product"}],"wp:attachment":[{"href":"https:\/\/www.autonvaraosahaku.fi\/index.php?rest_route=%2Fwp%2Fv2%2Fmedia&parent=7588"}],"wp:term":[{"taxonomy":"pwb-brand","embeddable":true,"href":"https:\/\/www.autonvaraosahaku.fi\/index.php?rest_route=%2Fwp%2Fv2%2Fpwb-brand&post=7588"},{"taxonomy":"product_cat","embeddable":true,"href":"https:\/\/www.autonvaraosahaku.fi\/index.php?rest_route=%2Fwp%2Fv2%2Fproduct_cat&post=7588"},{"taxonomy":"product_tag","embeddable":true,"href":"https:\/\/www.autonvaraosahaku.fi\/index.php?rest_route=%2Fwp%2Fv2%2Fproduct_tag&post=7588"}],"curies":[{"name":"wp","href":"https:\/\/api.w.org\/{rel}","templated":true}]}}