{"id":75886,"date":"2021-02-21T19:42:29","date_gmt":"2021-02-21T19:42:29","guid":{"rendered":"https:\/\/www.autonvaraosahaku.fi\/?product=febi-bilstein-38405-oljynsuodatin"},"modified":"2021-02-21T19:42:30","modified_gmt":"2021-02-21T19:42:30","slug":"febi-bilstein-38405-oljynsuodatin","status":"publish","type":"product","link":"https:\/\/www.autonvaraosahaku.fi\/?product=febi-bilstein-38405-oljynsuodatin","title":{"rendered":"FEBI BILSTEIN 38405 \u00d6ljynsuodatin"},"content":{"rendered":"<p>Suodatintyyppi: Suodatinpanos, Suodatinpanos; Sis\u00e4l\u00e4pimitta [mm]: 31,0; Korkeus (mm): 155; Ulkol\u00e4pimitta [mm]: 63,5; Paino [kg]: 0,031; Moottorinumero: CGXC; CMDA; VW: TOUAREG 7P5; AUDI: A4 Avant 8K5, B8,A6 Avant 4F5, C6,A4 Avant 8ED, B7,A4 8K2, B8,Q5 8R,A6 4F2, C6,A6 Avant 4G5, C7, 4GD,A5 8T3,A4 Cabriolet 8H7, B6, 8HE, B7,A5 Sportback 8TA,A4 8EC, B7,Q7 4L,A8 4E_,A6 4G2, C7, 4GC,A6 Allroad 4FH, C6,A7 Sportback 4GA, 4GF,A5 Cabriolet 8F7,A8 4H_,A6 Allroad 4GH, 4GJ; PORSCHE: CAYENNE,PANAMERA; 06E115562, 06E115562A, 06E115562C, 6E115562, 6E115562A, 6E115562C, 6E198563, 95810722200, 95810722201, 06E115562, 06E115562A, 06E115562C, 6E115562, 6E115562A, 6E115562C, 6E198563<\/p>\n","protected":false},"excerpt":{"rendered":"<p>FEBI BILSTEIN \u00d6ljynsuodatin 38405  VW,AUDI,PORSCHE,TOUAREG 7P5,A4 Avant 8K5, B8,A6 Avant 4F5, C6,A4 Avant 8ED, B7,A4 8K2, B8,Q5 8R,A6 4F2, C6<\/p>\n","protected":false},"featured_media":0,"template":"","meta":{"site-sidebar-layout":"default","site-content-layout":"default","ast-global-header-display":"","ast-main-header-display":"","ast-hfb-above-header-display":"","ast-hfb-below-header-display":"","ast-hfb-mobile-header-display":"","site-post-title":"","ast-breadcrumbs-content":"","ast-featured-img":"","footer-sml-layout":"","theme-transparent-header-meta":"","adv-header-id-meta":"","stick-header-meta":"","header-above-stick-meta":"","header-main-stick-meta":"","header-below-stick-meta":""},"pwb-brand":[50],"product_cat":[30],"product_tag":[],"class_list":{"0":"post-75886","1":"product","2":"type-product","3":"status-publish","5":"pwb-brand-febi-bilstein","6":"product_cat-oljynsuodatin","7":"desktop-align-left","8":"tablet-align-left","9":"mobile-align-left","11":"first","12":"instock","13":"product-type-external"},"brands":[{"id":50,"name":"FEBI BILSTEIN","slug":"febi-bilstein"}],"_links":{"self":[{"href":"https:\/\/www.autonvaraosahaku.fi\/index.php?rest_route=\/wp\/v2\/product\/75886","targetHints":{"allow":["GET"]}}],"collection":[{"href":"https:\/\/www.autonvaraosahaku.fi\/index.php?rest_route=\/wp\/v2\/product"}],"about":[{"href":"https:\/\/www.autonvaraosahaku.fi\/index.php?rest_route=\/wp\/v2\/types\/product"}],"wp:attachment":[{"href":"https:\/\/www.autonvaraosahaku.fi\/index.php?rest_route=%2Fwp%2Fv2%2Fmedia&parent=75886"}],"wp:term":[{"taxonomy":"pwb-brand","embeddable":true,"href":"https:\/\/www.autonvaraosahaku.fi\/index.php?rest_route=%2Fwp%2Fv2%2Fpwb-brand&post=75886"},{"taxonomy":"product_cat","embeddable":true,"href":"https:\/\/www.autonvaraosahaku.fi\/index.php?rest_route=%2Fwp%2Fv2%2Fproduct_cat&post=75886"},{"taxonomy":"product_tag","embeddable":true,"href":"https:\/\/www.autonvaraosahaku.fi\/index.php?rest_route=%2Fwp%2Fv2%2Fproduct_tag&post=75886"}],"curies":[{"name":"wp","href":"https:\/\/api.w.org\/{rel}","templated":true}]}}