{"id":75946,"date":"2021-02-21T19:42:50","date_gmt":"2021-02-21T19:42:50","guid":{"rendered":"https:\/\/www.autonvaraosahaku.fi\/?product=jp-group-1114302400-jaahdyttimen-letku"},"modified":"2021-02-21T19:42:51","modified_gmt":"2021-02-21T19:42:51","slug":"jp-group-1114302400-jaahdyttimen-letku","status":"publish","type":"product","link":"https:\/\/www.autonvaraosahaku.fi\/?product=jp-group-1114302400-jaahdyttimen-letku","title":{"rendered":"JP GROUP 1114302400 J\u00e4\u00e4hdyttimen letku"},"content":{"rendered":"<p>Asennuspuoli: Imusarja; J\u00e4\u00e4hdytysjohto: v\u00e4liputkesta kaasuttimeen; Moottorinumero: ABN; VW: GOLF II 19E, 1G1,PASSAT Variant 3A5, 35I,PASSAT 3A2, 35I,JETTA II 19E, 1G2, 165,PASSAT Variant 32B,PASSAT 32B,PASSAT Stufenheck 32B; SEAT: TOLEDO I 1L; 037121057, 037121057<\/p>\n","protected":false},"excerpt":{"rendered":"<p>JP GROUP J\u00e4\u00e4hdyttimen Letku JP Group 1114302400  VW,SEAT,GOLF II 19E, 1G1,PASSAT Variant 3A5, 35I,PASSAT 3A2, 35I,JETTA II 19E, 1G2, 165<\/p>\n","protected":false},"featured_media":0,"template":"","meta":{"site-sidebar-layout":"default","site-content-layout":"default","ast-global-header-display":"","ast-main-header-display":"","ast-hfb-above-header-display":"","ast-hfb-below-header-display":"","ast-hfb-mobile-header-display":"","site-post-title":"","ast-breadcrumbs-content":"","ast-featured-img":"","footer-sml-layout":"","theme-transparent-header-meta":"","adv-header-id-meta":"","stick-header-meta":"","header-above-stick-meta":"","header-main-stick-meta":"","header-below-stick-meta":""},"pwb-brand":[131],"product_cat":[206],"product_tag":[],"class_list":{"0":"post-75946","1":"product","2":"type-product","3":"status-publish","5":"pwb-brand-jp-group","6":"product_cat-jaahdyttimen-letku","7":"desktop-align-left","8":"tablet-align-left","9":"mobile-align-left","11":"first","12":"instock","13":"product-type-external"},"brands":[{"id":131,"name":"JP GROUP","slug":"jp-group"}],"_links":{"self":[{"href":"https:\/\/www.autonvaraosahaku.fi\/index.php?rest_route=\/wp\/v2\/product\/75946","targetHints":{"allow":["GET"]}}],"collection":[{"href":"https:\/\/www.autonvaraosahaku.fi\/index.php?rest_route=\/wp\/v2\/product"}],"about":[{"href":"https:\/\/www.autonvaraosahaku.fi\/index.php?rest_route=\/wp\/v2\/types\/product"}],"wp:attachment":[{"href":"https:\/\/www.autonvaraosahaku.fi\/index.php?rest_route=%2Fwp%2Fv2%2Fmedia&parent=75946"}],"wp:term":[{"taxonomy":"pwb-brand","embeddable":true,"href":"https:\/\/www.autonvaraosahaku.fi\/index.php?rest_route=%2Fwp%2Fv2%2Fpwb-brand&post=75946"},{"taxonomy":"product_cat","embeddable":true,"href":"https:\/\/www.autonvaraosahaku.fi\/index.php?rest_route=%2Fwp%2Fv2%2Fproduct_cat&post=75946"},{"taxonomy":"product_tag","embeddable":true,"href":"https:\/\/www.autonvaraosahaku.fi\/index.php?rest_route=%2Fwp%2Fv2%2Fproduct_tag&post=75946"}],"curies":[{"name":"wp","href":"https:\/\/api.w.org\/{rel}","templated":true}]}}