{"id":75952,"date":"2021-02-21T19:42:50","date_gmt":"2021-02-21T19:42:50","guid":{"rendered":"https:\/\/www.autonvaraosahaku.fi\/?product=ridex-3926a0018-ilmamassamittari"},"modified":"2021-02-21T19:42:53","modified_gmt":"2021-02-21T19:42:53","slug":"ridex-3926a0018-ilmamassamittari","status":"publish","type":"product","link":"https:\/\/www.autonvaraosahaku.fi\/?product=ridex-3926a0018-ilmamassamittari","title":{"rendered":"RIDEX 3926A0018 Ilmamassamittari"},"content":{"rendered":"<p>Suositeltu korjauksenlaajennus: Ilmasuodatin; Nimellisj\u00e4nnite (V): 12; Liittimi\u00e4: 4; Kotelomalli: Kopalla; Sis\u00e4\u00e4ntulol\u00e4pimitta [mm]: 70; Valmistusvuosi alkaen: 08\/1996; VOLVO: V70 I LV,850 Kombi LW,XC70 CROSS COUNTRY,C70 I Cabriolet,C70 I Coupe,850 LS,S70 LS; RENAULT: MEGANE I Classic LA0\/1_,SAFRANE II B54_; 7403507697, 7700100572, 7703507697, 1275749, 12757490, 3507697; Ilmam\u00e4\u00e4r\u00e4mittari,MAF Anturi<\/p>\n","protected":false},"excerpt":{"rendered":"<p>RIDEX Ilmamassamittari 3926A0018 Ilmam\u00e4\u00e4r\u00e4mittari,MAF Anturi VOLVO,RENAULT,V70 I LV,850 Kombi LW,XC70 CROSS COUNTRY,C70 I Cabriolet,C70 I Coupe,850 LS<\/p>\n","protected":false},"featured_media":0,"template":"","meta":{"site-sidebar-layout":"default","site-content-layout":"default","ast-global-header-display":"","ast-main-header-display":"","ast-hfb-above-header-display":"","ast-hfb-below-header-display":"","ast-hfb-mobile-header-display":"","site-post-title":"","ast-breadcrumbs-content":"","ast-featured-img":"","footer-sml-layout":"","theme-transparent-header-meta":"","adv-header-id-meta":"","stick-header-meta":"","header-above-stick-meta":"","header-main-stick-meta":"","header-below-stick-meta":""},"pwb-brand":[157],"product_cat":[270],"product_tag":[],"class_list":{"0":"post-75952","1":"product","2":"type-product","3":"status-publish","5":"pwb-brand-ridex","6":"product_cat-ilmamassamittari","7":"desktop-align-left","8":"tablet-align-left","9":"mobile-align-left","11":"first","12":"instock","13":"product-type-external"},"brands":[{"id":157,"name":"RIDEX","slug":"ridex"}],"_links":{"self":[{"href":"https:\/\/www.autonvaraosahaku.fi\/index.php?rest_route=\/wp\/v2\/product\/75952","targetHints":{"allow":["GET"]}}],"collection":[{"href":"https:\/\/www.autonvaraosahaku.fi\/index.php?rest_route=\/wp\/v2\/product"}],"about":[{"href":"https:\/\/www.autonvaraosahaku.fi\/index.php?rest_route=\/wp\/v2\/types\/product"}],"wp:attachment":[{"href":"https:\/\/www.autonvaraosahaku.fi\/index.php?rest_route=%2Fwp%2Fv2%2Fmedia&parent=75952"}],"wp:term":[{"taxonomy":"pwb-brand","embeddable":true,"href":"https:\/\/www.autonvaraosahaku.fi\/index.php?rest_route=%2Fwp%2Fv2%2Fpwb-brand&post=75952"},{"taxonomy":"product_cat","embeddable":true,"href":"https:\/\/www.autonvaraosahaku.fi\/index.php?rest_route=%2Fwp%2Fv2%2Fproduct_cat&post=75952"},{"taxonomy":"product_tag","embeddable":true,"href":"https:\/\/www.autonvaraosahaku.fi\/index.php?rest_route=%2Fwp%2Fv2%2Fproduct_tag&post=75952"}],"curies":[{"name":"wp","href":"https:\/\/api.w.org\/{rel}","templated":true}]}}