{"id":75975,"date":"2021-02-21T19:42:57","date_gmt":"2021-02-21T19:42:57","guid":{"rendered":"https:\/\/www.autonvaraosahaku.fi\/?product=bugiad-bsp23352-muut-luokat"},"modified":"2021-02-21T19:43:01","modified_gmt":"2021-02-21T19:43:01","slug":"bugiad-bsp23352-muut-luokat","status":"publish","type":"product","link":"https:\/\/www.autonvaraosahaku.fi\/?product=bugiad-bsp23352-muut-luokat","title":{"rendered":"BUGIAD BSP23352 Muut luokat"},"content":{"rendered":"<p>Asennuspuoli: Etuakseli; Sis\u00e4l\u00e4pimitta [mm]: 20; Ulkol\u00e4pimitta [mm]: 69,4; Korkeus (mm): 21; VW: LT 28-46 II Kasten 2DA, 2DD, 2DH,LT 28-35 II Bus 2DB, 2DE, 2DK,LT 28-46 II Pritsche\/Fahrgestell 2DC, 2DF, 2DG, 2DL, 2DM; AUDI: A6 Avant 4B5, C5,A6 4B2, C5,100 4A, C4,A8 4D2, 4D8,A6 Avant 4A, C4,A6 4A, C4,100 Avant 4A, C4,V8 44_, 4C_<\/p>\n","protected":false},"excerpt":{"rendered":"<p>BUGIAD Laakeri, Tuulettimen Akseli &#8211; Moottorinj\u00e4\u00e4hdytys BSP23352  VW,AUDI,LT 28-46 II Kasten 2DA, 2DD, 2DH,LT 28-35 II Bus 2DB, 2DE, 2DK<\/p>\n","protected":false},"featured_media":0,"template":"","meta":{"site-sidebar-layout":"default","site-content-layout":"default","ast-global-header-display":"","ast-main-header-display":"","ast-hfb-above-header-display":"","ast-hfb-below-header-display":"","ast-hfb-mobile-header-display":"","site-post-title":"","ast-breadcrumbs-content":"","ast-featured-img":"","footer-sml-layout":"","theme-transparent-header-meta":"","adv-header-id-meta":"","stick-header-meta":"","header-above-stick-meta":"","header-main-stick-meta":"","header-below-stick-meta":""},"pwb-brand":[373],"product_cat":[37],"product_tag":[],"class_list":{"0":"post-75975","1":"product","2":"type-product","3":"status-publish","5":"pwb-brand-bugiad","6":"product_cat-muut-luokat","7":"desktop-align-left","8":"tablet-align-left","9":"mobile-align-left","11":"first","12":"instock","13":"product-type-external"},"brands":[{"id":373,"name":"BUGIAD","slug":"bugiad"}],"_links":{"self":[{"href":"https:\/\/www.autonvaraosahaku.fi\/index.php?rest_route=\/wp\/v2\/product\/75975","targetHints":{"allow":["GET"]}}],"collection":[{"href":"https:\/\/www.autonvaraosahaku.fi\/index.php?rest_route=\/wp\/v2\/product"}],"about":[{"href":"https:\/\/www.autonvaraosahaku.fi\/index.php?rest_route=\/wp\/v2\/types\/product"}],"wp:attachment":[{"href":"https:\/\/www.autonvaraosahaku.fi\/index.php?rest_route=%2Fwp%2Fv2%2Fmedia&parent=75975"}],"wp:term":[{"taxonomy":"pwb-brand","embeddable":true,"href":"https:\/\/www.autonvaraosahaku.fi\/index.php?rest_route=%2Fwp%2Fv2%2Fpwb-brand&post=75975"},{"taxonomy":"product_cat","embeddable":true,"href":"https:\/\/www.autonvaraosahaku.fi\/index.php?rest_route=%2Fwp%2Fv2%2Fproduct_cat&post=75975"},{"taxonomy":"product_tag","embeddable":true,"href":"https:\/\/www.autonvaraosahaku.fi\/index.php?rest_route=%2Fwp%2Fv2%2Fproduct_tag&post=75975"}],"curies":[{"name":"wp","href":"https:\/\/api.w.org\/{rel}","templated":true}]}}