{"id":76057,"date":"2021-02-21T19:43:26","date_gmt":"2021-02-21T19:43:26","guid":{"rendered":"https:\/\/www.autonvaraosahaku.fi\/?product=mahle-original-ti-233-88-termostaatti"},"modified":"2021-02-21T19:43:30","modified_gmt":"2021-02-21T19:43:30","slug":"mahle-original-ti-233-88-termostaatti","status":"publish","type":"product","link":"https:\/\/www.autonvaraosahaku.fi\/?product=mahle-original-ti-233-88-termostaatti","title":{"rendered":"MAHLE ORIGINAL TI 233 88 Termostaatti"},"content":{"rendered":"<p>Avausl\u00e4mp\u00f6tila [\u00b0C]: 88; Lis\u00e4tarvike\/lis\u00e4tieto: Tiivisteill\u00e4, Tiivisteill\u00e4, Ilman tiivisteit\u00e4; Valmistusvuosi alkaen: 09\/1999; LAND ROVER: RANGE ROVER III LM; OPEL: OMEGA B Caravan 21_, 22_, 23_,OMEGA B 25_, 26_, 27_; BMW: 3 E46,5 E39,3 Touring E46,5 Touring E39,X5 E53,7 E38; HYUNDAI: GALLOPER I; 11512354056, 2354056, 93171547, PEL000050, 1338139, 93171547; Termostaatti, J\u00e4\u00e4hdytysneste<\/p>\n","protected":false},"excerpt":{"rendered":"<p>MAHLE ORIGINAL Termostaatti TI 233 88 Termostaatti, J\u00e4\u00e4hdytysneste LAND ROVER,OPEL,BMW,RANGE ROVER III LM,OMEGA B Caravan 21_, 22_, 23_<\/p>\n","protected":false},"featured_media":0,"template":"","meta":{"site-sidebar-layout":"default","site-content-layout":"default","ast-global-header-display":"","ast-main-header-display":"","ast-hfb-above-header-display":"","ast-hfb-below-header-display":"","ast-hfb-mobile-header-display":"","site-post-title":"","ast-breadcrumbs-content":"","ast-featured-img":"","footer-sml-layout":"","theme-transparent-header-meta":"","adv-header-id-meta":"","stick-header-meta":"","header-above-stick-meta":"","header-main-stick-meta":"","header-below-stick-meta":""},"pwb-brand":[153],"product_cat":[174],"product_tag":[],"class_list":{"0":"post-76057","1":"product","2":"type-product","3":"status-publish","5":"pwb-brand-mahle-original","6":"product_cat-termostaatti","7":"desktop-align-left","8":"tablet-align-left","9":"mobile-align-left","11":"first","12":"instock","13":"product-type-external"},"brands":[{"id":153,"name":"MAHLE ORIGINAL","slug":"mahle-original"}],"_links":{"self":[{"href":"https:\/\/www.autonvaraosahaku.fi\/index.php?rest_route=\/wp\/v2\/product\/76057","targetHints":{"allow":["GET"]}}],"collection":[{"href":"https:\/\/www.autonvaraosahaku.fi\/index.php?rest_route=\/wp\/v2\/product"}],"about":[{"href":"https:\/\/www.autonvaraosahaku.fi\/index.php?rest_route=\/wp\/v2\/types\/product"}],"wp:attachment":[{"href":"https:\/\/www.autonvaraosahaku.fi\/index.php?rest_route=%2Fwp%2Fv2%2Fmedia&parent=76057"}],"wp:term":[{"taxonomy":"pwb-brand","embeddable":true,"href":"https:\/\/www.autonvaraosahaku.fi\/index.php?rest_route=%2Fwp%2Fv2%2Fpwb-brand&post=76057"},{"taxonomy":"product_cat","embeddable":true,"href":"https:\/\/www.autonvaraosahaku.fi\/index.php?rest_route=%2Fwp%2Fv2%2Fproduct_cat&post=76057"},{"taxonomy":"product_tag","embeddable":true,"href":"https:\/\/www.autonvaraosahaku.fi\/index.php?rest_route=%2Fwp%2Fv2%2Fproduct_tag&post=76057"}],"curies":[{"name":"wp","href":"https:\/\/api.w.org\/{rel}","templated":true}]}}