{"id":76080,"date":"2021-02-21T19:43:34","date_gmt":"2021-02-21T19:43:34","guid":{"rendered":"https:\/\/www.autonvaraosahaku.fi\/?product=ridex-447k0225-ilmastoinnin-kompressori"},"modified":"2021-02-21T19:43:42","modified_gmt":"2021-02-21T19:43:42","slug":"ridex-447k0225-ilmastoinnin-kompressori","status":"publish","type":"product","link":"https:\/\/www.autonvaraosahaku.fi\/?product=ridex-447k0225-ilmastoinnin-kompressori","title":{"rendered":"RIDEX 447K0225 Ilmastoinnin kompressori"},"content":{"rendered":"<p>Kompressorin tunnus: 7SEU16C; Hihnapy\u00f6r\u00e4-\u00d8[mm]: 110; Iskutilavuus-kompressori (ccm): 170; J\u00e4nnite [V] alkaen: 12; Rihloja (kpl): 6; Kompressori\u00f6ljy: PAG 46; \u00d6ljynt\u00e4ytt\u00f6m\u00e4\u00e4r\u00e4 [ml]: 150; Kylm\u00e4aine: R 134a; Napojen m\u00e4\u00e4r\u00e4: 2; Sis\u00e4\u00e4ntulol\u00e4pimitta [mm]: 18; Ulostulon l\u00e4pimitta [mm]: 15,3; Moottorimalli: BKS; VW: TOUAREG 7LA, 7L6, 7L7,PHAETON 3D_,TOUAREG 7P5; AUDI: Q7 4L; 3D0820803B, 3D0820803G, 3D0820803H, 3D0820803J, 3D0820803P, 3D0820803T, 3D0820805C, 4E0260805AC, 4E0260805AG, 4E0260805G, 7L6820803C, 7L6820803F, 7L6820803J, 7L6820803K, 7L6820803M, 7L6820803Q, 7L6820803T, 7P0820803D, 7P0820803N, 3D0820803B, 3D0820803G, 3D0820803H, 3D0820803J, 3D0820803P, 3D0820803T, 3D0820805C, 4E0260805AC, 4E0260805AG, 4E0260805G, 7L6820803C, 7L6820803F, 7L6820803J, 7L6820803K, 7L6820803M, 7L6820803Q, 7L6820803T, 7P0820803D, 7P0820803N, 3D0820803B, 3D0820803G, 3D0820803H, 3D0820803J, 3D0820803P, 3D0820803T, 3D0820805C, 4E0260805AC, 4E0260805AG, 4E0260805G, 7L6820803C, 7L6820803F, 7L6820803J, 7L6820803K, 7L6820803M, 7L6820803Q, 7L6820803T, 7P0820803D, 7P0820803N; AC Kompressori,Kompressori, Ilmastointilaite<\/p>\n","protected":false},"excerpt":{"rendered":"<p>RIDEX Ilmastoinnin Kompressori 447K0225 AC Kompressori,Kompressori, Ilmastointilaite VW,AUDI,TOUAREG 7LA, 7L6, 7L7,PHAETON 3D_,TOUAREG 7P5,Q7 4L<\/p>\n","protected":false},"featured_media":0,"template":"","meta":{"site-sidebar-layout":"default","site-content-layout":"default","ast-global-header-display":"","ast-main-header-display":"","ast-hfb-above-header-display":"","ast-hfb-below-header-display":"","ast-hfb-mobile-header-display":"","site-post-title":"","ast-breadcrumbs-content":"","ast-featured-img":"","footer-sml-layout":"","theme-transparent-header-meta":"","adv-header-id-meta":"","stick-header-meta":"","header-above-stick-meta":"","header-main-stick-meta":"","header-below-stick-meta":""},"pwb-brand":[157],"product_cat":[444],"product_tag":[],"class_list":{"0":"post-76080","1":"product","2":"type-product","3":"status-publish","5":"pwb-brand-ridex","6":"product_cat-ilmastoinnin-kompressori","7":"desktop-align-left","8":"tablet-align-left","9":"mobile-align-left","11":"first","12":"instock","13":"product-type-external"},"brands":[{"id":157,"name":"RIDEX","slug":"ridex"}],"_links":{"self":[{"href":"https:\/\/www.autonvaraosahaku.fi\/index.php?rest_route=\/wp\/v2\/product\/76080","targetHints":{"allow":["GET"]}}],"collection":[{"href":"https:\/\/www.autonvaraosahaku.fi\/index.php?rest_route=\/wp\/v2\/product"}],"about":[{"href":"https:\/\/www.autonvaraosahaku.fi\/index.php?rest_route=\/wp\/v2\/types\/product"}],"wp:attachment":[{"href":"https:\/\/www.autonvaraosahaku.fi\/index.php?rest_route=%2Fwp%2Fv2%2Fmedia&parent=76080"}],"wp:term":[{"taxonomy":"pwb-brand","embeddable":true,"href":"https:\/\/www.autonvaraosahaku.fi\/index.php?rest_route=%2Fwp%2Fv2%2Fpwb-brand&post=76080"},{"taxonomy":"product_cat","embeddable":true,"href":"https:\/\/www.autonvaraosahaku.fi\/index.php?rest_route=%2Fwp%2Fv2%2Fproduct_cat&post=76080"},{"taxonomy":"product_tag","embeddable":true,"href":"https:\/\/www.autonvaraosahaku.fi\/index.php?rest_route=%2Fwp%2Fv2%2Fproduct_tag&post=76080"}],"curies":[{"name":"wp","href":"https:\/\/api.w.org\/{rel}","templated":true}]}}