{"id":76082,"date":"2021-02-21T19:43:34","date_gmt":"2021-02-21T19:43:34","guid":{"rendered":"https:\/\/www.autonvaraosahaku.fi\/?product=ashika-gom-605-muut-luokat"},"modified":"2021-02-21T19:43:42","modified_gmt":"2021-02-21T19:43:42","slug":"ashika-gom-605-muut-luokat","status":"publish","type":"product","link":"https:\/\/www.autonvaraosahaku.fi\/?product=ashika-gom-605-muut-luokat","title":{"rendered":"ASHIKA GOM-605 Muut luokat"},"content":{"rendered":"<p>Asennuspuoli: Edess\u00e4; Pituus (mm): 74; Sis\u00e4l\u00e4pimitta [mm]: 16; Ulkol\u00e4pimitta [mm]: 36,2; DAIHATSU: FEROZA Soft Top F300,SPORTRAK F300,FOURTRAK F7, F8,ROCKY Soft Top F7, F8,WILDCAT\/ROCKY F70,WILDCAT\/ROCKY F75; 9004385046<\/p>\n","protected":false},"excerpt":{"rendered":"<p>ASHIKA Laakerin Holkki, Lehtijousi GOM-605  DAIHATSU,FEROZA Soft Top F300,SPORTRAK F300,FOURTRAK F7, F8,ROCKY Soft Top F7, F8,WILDCAT\/ROCKY F70<\/p>\n","protected":false},"featured_media":0,"template":"","meta":{"site-sidebar-layout":"default","site-content-layout":"default","ast-global-header-display":"","ast-main-header-display":"","ast-hfb-above-header-display":"","ast-hfb-below-header-display":"","ast-hfb-mobile-header-display":"","site-post-title":"","ast-breadcrumbs-content":"","ast-featured-img":"","footer-sml-layout":"","theme-transparent-header-meta":"","adv-header-id-meta":"","stick-header-meta":"","header-above-stick-meta":"","header-main-stick-meta":"","header-below-stick-meta":""},"pwb-brand":[102],"product_cat":[37],"product_tag":[],"class_list":{"0":"post-76082","1":"product","2":"type-product","3":"status-publish","5":"pwb-brand-ashika","6":"product_cat-muut-luokat","7":"desktop-align-left","8":"tablet-align-left","9":"mobile-align-left","11":"first","12":"instock","13":"product-type-external"},"brands":[{"id":102,"name":"ASHIKA","slug":"ashika"}],"_links":{"self":[{"href":"https:\/\/www.autonvaraosahaku.fi\/index.php?rest_route=\/wp\/v2\/product\/76082","targetHints":{"allow":["GET"]}}],"collection":[{"href":"https:\/\/www.autonvaraosahaku.fi\/index.php?rest_route=\/wp\/v2\/product"}],"about":[{"href":"https:\/\/www.autonvaraosahaku.fi\/index.php?rest_route=\/wp\/v2\/types\/product"}],"wp:attachment":[{"href":"https:\/\/www.autonvaraosahaku.fi\/index.php?rest_route=%2Fwp%2Fv2%2Fmedia&parent=76082"}],"wp:term":[{"taxonomy":"pwb-brand","embeddable":true,"href":"https:\/\/www.autonvaraosahaku.fi\/index.php?rest_route=%2Fwp%2Fv2%2Fpwb-brand&post=76082"},{"taxonomy":"product_cat","embeddable":true,"href":"https:\/\/www.autonvaraosahaku.fi\/index.php?rest_route=%2Fwp%2Fv2%2Fproduct_cat&post=76082"},{"taxonomy":"product_tag","embeddable":true,"href":"https:\/\/www.autonvaraosahaku.fi\/index.php?rest_route=%2Fwp%2Fv2%2Fproduct_tag&post=76082"}],"curies":[{"name":"wp","href":"https:\/\/api.w.org\/{rel}","templated":true}]}}