{"id":76089,"date":"2021-02-21T19:43:44","date_gmt":"2021-02-21T19:43:44","guid":{"rendered":"https:\/\/www.autonvaraosahaku.fi\/?product=ridex-51t0083-raidetangon-sisapaa"},"modified":"2021-02-21T19:43:46","modified_gmt":"2021-02-21T19:43:46","slug":"ridex-51t0083-raidetangon-sisapaa","status":"publish","type":"product","link":"https:\/\/www.autonvaraosahaku.fi\/?product=ridex-51t0083-raidetangon-sisapaa","title":{"rendered":"RIDEX 51T0083 Raidetangon sis\u00e4p\u00e4\u00e4"},"content":{"rendered":"<p>Kierre 1: M16x1,5; kierre 2: M18x1,5; Pituus (mm): 399,00; Asennuspuoli: Vorderachse; VW: CRAFTER 30-50 Kasten 2E_,CRAFTER 30-35 Bus 2E_,CRAFTER 30-50 Pritsche\/Fahrgestell 2F_; MERCEDES-BENZ: SPRINTER 3,5-t Kasten 906,SPRINTER 3,5-t Bus 906,SPRINTER 3-t Kasten 906,SPRINTER 3,5-t Pritsche\/Fahrgestell 906,SPRINTER 3-t Bus 906,SPRINTER 5-t Kasten 906,SPRINTER 5-t Pritsche\/Fahrgestell 906,SPRINTER 3-t Pritsche\/Fahrgestell 906,SPRINTER 5-t Pritsche\/Fahrgestell 905,SPRINTER 4,6-t Pritsche\/Fahrgestell 906,SPRINTER 4,6-t Kasten 906,SPRINTER 5-t Bus; 68020843AA, 9064600055, 9064600155, A9064600055, A9064600155, 2E0713410, 2E0713491; Raidetangon P\u00e4\u00e4 Sisempi,Raidetangon P\u00e4\u00e4, Suora<\/p>\n","protected":false},"excerpt":{"rendered":"<p>RIDEX Raidetangon Sis\u00e4p\u00e4\u00e4 51T0083 Raidetangon P\u00e4\u00e4 Sisempi,Raidetangon P\u00e4\u00e4, Suora VW,MERCEDES-BENZ,CRAFTER 30-50 Kasten 2E_,CRAFTER 30-35 Bus 2E_<\/p>\n","protected":false},"featured_media":0,"template":"","meta":{"site-sidebar-layout":"default","site-content-layout":"default","ast-global-header-display":"","ast-main-header-display":"","ast-hfb-above-header-display":"","ast-hfb-below-header-display":"","ast-hfb-mobile-header-display":"","site-post-title":"","ast-breadcrumbs-content":"","ast-featured-img":"","footer-sml-layout":"","theme-transparent-header-meta":"","adv-header-id-meta":"","stick-header-meta":"","header-above-stick-meta":"","header-main-stick-meta":"","header-below-stick-meta":""},"pwb-brand":[157],"product_cat":[208],"product_tag":[],"class_list":{"0":"post-76089","1":"product","2":"type-product","3":"status-publish","5":"pwb-brand-ridex","6":"product_cat-raidetangon-sisapaa","7":"desktop-align-left","8":"tablet-align-left","9":"mobile-align-left","11":"first","12":"instock","13":"product-type-external"},"brands":[{"id":157,"name":"RIDEX","slug":"ridex"}],"_links":{"self":[{"href":"https:\/\/www.autonvaraosahaku.fi\/index.php?rest_route=\/wp\/v2\/product\/76089","targetHints":{"allow":["GET"]}}],"collection":[{"href":"https:\/\/www.autonvaraosahaku.fi\/index.php?rest_route=\/wp\/v2\/product"}],"about":[{"href":"https:\/\/www.autonvaraosahaku.fi\/index.php?rest_route=\/wp\/v2\/types\/product"}],"wp:attachment":[{"href":"https:\/\/www.autonvaraosahaku.fi\/index.php?rest_route=%2Fwp%2Fv2%2Fmedia&parent=76089"}],"wp:term":[{"taxonomy":"pwb-brand","embeddable":true,"href":"https:\/\/www.autonvaraosahaku.fi\/index.php?rest_route=%2Fwp%2Fv2%2Fpwb-brand&post=76089"},{"taxonomy":"product_cat","embeddable":true,"href":"https:\/\/www.autonvaraosahaku.fi\/index.php?rest_route=%2Fwp%2Fv2%2Fproduct_cat&post=76089"},{"taxonomy":"product_tag","embeddable":true,"href":"https:\/\/www.autonvaraosahaku.fi\/index.php?rest_route=%2Fwp%2Fv2%2Fproduct_tag&post=76089"}],"curies":[{"name":"wp","href":"https:\/\/api.w.org\/{rel}","templated":true}]}}