{"id":76112,"date":"2021-02-21T19:43:51","date_gmt":"2021-02-21T19:43:51","guid":{"rendered":"https:\/\/www.autonvaraosahaku.fi\/?product=ridex-193b0024-vetonivelen-suojakumi"},"modified":"2021-02-21T19:43:54","modified_gmt":"2021-02-21T19:43:54","slug":"ridex-193b0024-vetonivelen-suojakumi","status":"publish","type":"product","link":"https:\/\/www.autonvaraosahaku.fi\/?product=ridex-193b0024-vetonivelen-suojakumi","title":{"rendered":"RIDEX 193B0024 Vetonivelen suojakumi"},"content":{"rendered":"<p>Paksuus [mm]: 87; Sis\u00e4l\u00e4pimitta [mm]: 22, 77; Materiaali: Kumi; Asennuspuoli: Py\u00f6r\u00e4n puoli, Etuakseli; Paino [kg]: 0,264; Sis\u00e4l\u00e4pimitta 1 [mm]: 77; Sis\u00e4l\u00e4pimitta 2 [mm]: 22; HYUNDAI: PONY X-2,S COUPE SLC,PONY \/ EXCEL Stufenheck X-2; DAIHATSU: APPLAUSE II A101,APPLAUSE I A101, A111; TOYOTA: STARLET EP91,COROLLA Liftback _E11_,COROLLA Compact _E11_,STARLET _P8_,PASEO Coupe EL54,COROLLA Compact _E10_,CARINA E _T19_,COROLLA _E11_,CARINA E Stufenheck _T19_,COROLLA Wagon __E11_,CARINA E Sportswagon _T19_,STARLET _P7_,COROLLA Liftback _E10_,COROLLA Liftback _E9_,PASEO Cabriolet EL54,COROLLA _E10_,CARINA II _T17_,CARINA II Stufenheck _T17_,COROLLA Compact _E9_,CELICA Liftback ST16_, AT16_,COROLLA Wagon _E10_,CAMRY _V2_,COROLLA Station Wagon _E9_,COROLLA _E9_,COROLLA Liftback _E8_,CARINA II Station Wagon _T17_,COROLLA FX Compact E8B,CARINA II _T15_,CAMRY Station Wagon _V2_,CARINA II Stufenheck _T15_,COROLLA _E8_,CELICA AT16_, ST16_; MITSUBISHI: COLT V CJ_, CP_; 0442812270, 4950924A00, 0442812270, 0443810022, 0443810060, 0443812071, 0443812170, 0443812172, 0443812370, 0443816040, 0443816080, 0443816081, 4344717020, 4344732021; Vetoakselin Suojakumi,Paljekumi, Vetoakseli<\/p>\n","protected":false},"excerpt":{"rendered":"<p>RIDEX Vetonivelen Suojakumi 193B0024 Vetoakselin Suojakumi,Paljekumi, Vetoakseli HYUNDAI,DAIHATSU,TOYOTA,PONY X-2,S COUPE SLC<\/p>\n","protected":false},"featured_media":0,"template":"","meta":{"site-sidebar-layout":"default","site-content-layout":"default","ast-global-header-display":"","ast-main-header-display":"","ast-hfb-above-header-display":"","ast-hfb-below-header-display":"","ast-hfb-mobile-header-display":"","site-post-title":"","ast-breadcrumbs-content":"","ast-featured-img":"","footer-sml-layout":"","theme-transparent-header-meta":"","adv-header-id-meta":"","stick-header-meta":"","header-above-stick-meta":"","header-main-stick-meta":"","header-below-stick-meta":""},"pwb-brand":[157],"product_cat":[42],"product_tag":[],"class_list":{"0":"post-76112","1":"product","2":"type-product","3":"status-publish","5":"pwb-brand-ridex","6":"product_cat-vetonivelen-suojakumi","7":"desktop-align-left","8":"tablet-align-left","9":"mobile-align-left","11":"first","12":"instock","13":"product-type-external"},"brands":[{"id":157,"name":"RIDEX","slug":"ridex"}],"_links":{"self":[{"href":"https:\/\/www.autonvaraosahaku.fi\/index.php?rest_route=\/wp\/v2\/product\/76112","targetHints":{"allow":["GET"]}}],"collection":[{"href":"https:\/\/www.autonvaraosahaku.fi\/index.php?rest_route=\/wp\/v2\/product"}],"about":[{"href":"https:\/\/www.autonvaraosahaku.fi\/index.php?rest_route=\/wp\/v2\/types\/product"}],"wp:attachment":[{"href":"https:\/\/www.autonvaraosahaku.fi\/index.php?rest_route=%2Fwp%2Fv2%2Fmedia&parent=76112"}],"wp:term":[{"taxonomy":"pwb-brand","embeddable":true,"href":"https:\/\/www.autonvaraosahaku.fi\/index.php?rest_route=%2Fwp%2Fv2%2Fpwb-brand&post=76112"},{"taxonomy":"product_cat","embeddable":true,"href":"https:\/\/www.autonvaraosahaku.fi\/index.php?rest_route=%2Fwp%2Fv2%2Fproduct_cat&post=76112"},{"taxonomy":"product_tag","embeddable":true,"href":"https:\/\/www.autonvaraosahaku.fi\/index.php?rest_route=%2Fwp%2Fv2%2Fproduct_tag&post=76112"}],"curies":[{"name":"wp","href":"https:\/\/api.w.org\/{rel}","templated":true}]}}