{"id":76120,"date":"2021-02-21T19:43:51","date_gmt":"2021-02-21T19:43:51","guid":{"rendered":"https:\/\/www.autonvaraosahaku.fi\/?product=mahle-original-tx-114-82d-termostaatti"},"modified":"2021-02-21T19:43:57","modified_gmt":"2021-02-21T19:43:57","slug":"mahle-original-tx-114-82d-termostaatti","status":"publish","type":"product","link":"https:\/\/www.autonvaraosahaku.fi\/?product=mahle-original-tx-114-82d-termostaatti","title":{"rendered":"MAHLE ORIGINAL TX 114 82D Termostaatti"},"content":{"rendered":"<p>Avausl\u00e4mp\u00f6tila [\u00b0C]: 82; Lis\u00e4tarvike\/lis\u00e4tieto: Tiivisteill\u00e4; Vaihteistomalli: Schaltgetriebe; NISSAN: X-TRAIL T30,ALMERA TINO V10,ALMERA II Hatchback N16,NAVARA D40,PATHFINDER R51,PRIMERA Kombi WP12,PRIMERA P12,NAVARA Pritsche\/Fahrgestell D40,PRIMERA Hatchback P12,MURANO Z51,PICK UP D22,NAVARA D22,ALMERA Mk II N16,NP300,NAVARA Pritsche\/Fahrgestell D22,CABSTAR E Pick-up US,NT400 CABSTAR F24F; KIA: SPORTAGE SL,SPORTAGE JE_, KM_,SORENTO II XM,CARNIVAL II GQ,CARNIVAL \/ GRAND CARNIVAL III VQ,MAGENTIS GD,MAGENTIS MG,OPIRUS GH,SPORTAGE QL,SORENTO III,SOUL II PS,BORREGO; LEXUS: GS GRS19_, UZS19_, GWS19_,GS UZS161, JZS160,LS UCF20,SC UZZ40_,LS UCF30,LX UZJ100,GX _J12_,LX US; HONDA: CR-V III RE; HYUNDAI: ix35 LM, EL, ELH,TUCSON JM,SANTA F\u00c9 I SM,SANTA F\u00c9 II CM,TERRACAN HP,COUPE GK,TRAJET FO,ix55,SANTA F\u00c9 III DM,SONATA IV EF,GRANDEUR TG,XG XG,GRAND SANTA F\u00c9,TUCSON,HIGHWAY VAN,TIBURON Coupe,GRANDEUR HG; VOLVO: XC90 I,S80 II AS; SAAB: 9-5 Kombi YS3E,9-5 YS3E; INFINITI: FX,M Y51,QX56,Q70 Y51,QX70; OPEL: VECTRA C Caravan,SIGNUM,VECTRA C,VECTRA C GTS; CHRYSLER: STRATUS Cabriolet JX,STRATUS JA,SEBRING Coupe FJ,CIRRUS; MD194988, 97361771, 19300RFWG01, 19301RFW305, 2500035531, 2550035530, 2550035531, 2550035540, 2550037200, 255003A000, 255003A010, 255003B060, 21200AD201, 21200AD21A, 8973617710, 2500035531, 2550035530, 2550035531, 2550035540, 2550037200, 255003A000, 255003A010, 9091603100, 9091603138, 1305A102, 1305A191, 1305A192, 1305A601, MD174233, MD194988, 21200AD200, 21200AD201, 21200AD21A, 21200BN300, 21200BN301, 21200MA70A, 6338014, 6338029, 97176464, 97361771, 7701052705, 7701057805, 05952148, 5952148, 9091603094, 9091603100, 9091603117, 9091603138, 97176464, 97361771, 30720083; Termostaatti, J\u00e4\u00e4hdytysneste<\/p>\n","protected":false},"excerpt":{"rendered":"<p>MAHLE ORIGINAL Termostaatti TX 114 82D Termostaatti, J\u00e4\u00e4hdytysneste NISSAN,KIA,LEXUS,X-TRAIL T30,ALMERA TINO V10,ALMERA II Hatchback N16,NAVARA D40<\/p>\n","protected":false},"featured_media":0,"template":"","meta":{"site-sidebar-layout":"default","site-content-layout":"default","ast-global-header-display":"","ast-main-header-display":"","ast-hfb-above-header-display":"","ast-hfb-below-header-display":"","ast-hfb-mobile-header-display":"","site-post-title":"","ast-breadcrumbs-content":"","ast-featured-img":"","footer-sml-layout":"","theme-transparent-header-meta":"","adv-header-id-meta":"","stick-header-meta":"","header-above-stick-meta":"","header-main-stick-meta":"","header-below-stick-meta":""},"pwb-brand":[153],"product_cat":[174],"product_tag":[],"class_list":{"0":"post-76120","1":"product","2":"type-product","3":"status-publish","5":"pwb-brand-mahle-original","6":"product_cat-termostaatti","7":"desktop-align-left","8":"tablet-align-left","9":"mobile-align-left","11":"first","12":"instock","13":"product-type-external"},"brands":[{"id":153,"name":"MAHLE ORIGINAL","slug":"mahle-original"}],"_links":{"self":[{"href":"https:\/\/www.autonvaraosahaku.fi\/index.php?rest_route=\/wp\/v2\/product\/76120","targetHints":{"allow":["GET"]}}],"collection":[{"href":"https:\/\/www.autonvaraosahaku.fi\/index.php?rest_route=\/wp\/v2\/product"}],"about":[{"href":"https:\/\/www.autonvaraosahaku.fi\/index.php?rest_route=\/wp\/v2\/types\/product"}],"wp:attachment":[{"href":"https:\/\/www.autonvaraosahaku.fi\/index.php?rest_route=%2Fwp%2Fv2%2Fmedia&parent=76120"}],"wp:term":[{"taxonomy":"pwb-brand","embeddable":true,"href":"https:\/\/www.autonvaraosahaku.fi\/index.php?rest_route=%2Fwp%2Fv2%2Fpwb-brand&post=76120"},{"taxonomy":"product_cat","embeddable":true,"href":"https:\/\/www.autonvaraosahaku.fi\/index.php?rest_route=%2Fwp%2Fv2%2Fproduct_cat&post=76120"},{"taxonomy":"product_tag","embeddable":true,"href":"https:\/\/www.autonvaraosahaku.fi\/index.php?rest_route=%2Fwp%2Fv2%2Fproduct_tag&post=76120"}],"curies":[{"name":"wp","href":"https:\/\/api.w.org\/{rel}","templated":true}]}}