{"id":7614,"date":"2021-02-21T14:00:40","date_gmt":"2021-02-21T14:00:40","guid":{"rendered":"https:\/\/www.autonvaraosahaku.fi\/?product=dr-motor-automotive-drm0147-muut-luokat"},"modified":"2021-02-21T14:00:41","modified_gmt":"2021-02-21T14:00:41","slug":"dr-motor-automotive-drm0147-muut-luokat","status":"publish","type":"product","link":"https:\/\/www.autonvaraosahaku.fi\/?product=dr-motor-automotive-drm0147-muut-luokat","title":{"rendered":"DR.MOTOR AUTOMOTIVE DRM0147 Muut luokat"},"content":{"rendered":"<p>M\u00e4\u00e4r\u00e4: 10; VW: LT 28-46 II Kasten 2DA, 2DD, 2DH,LT 28-46 II Pritsche\/Fahrgestell 2DC, 2DF, 2DG, 2DL, 2DM; MAZDA: 5 CR19,6 Station Wagon GY,CX-5 KE, GH,6 Kombi GH,323 F VI BJ,PREMACY CP,CX-7 ER,6 Hatchback GG,6 GG,3 BL,3 BM,6 Kombi GJ, GH,6 Schr\u00e4gheck GH,626 V Hatchback GF,6 GH,MPV II LW,626 V GF,626 V Station Wagon GW,6 Stufenheck GJ, GH,3 Stufenheck BL,FAMILIA VI BJ,3 Stufenheck BM,BT-50 CD, UN,2 DL, DJ,CX-3 DK,CX-5 KF; BMW: 3 E46,5 E39,3 Touring E46,5 Touring E39,X5 E53,7 E38; CHEVROLET: MALIBU V300; JEEP: RENEGADE Gel\u00e4ndewagen geschlossen BU; KIA: SORENTO I JC; HYUNDAI: H-1 Travel TQ,H-1 Cargo TQ,H-1 \/ STAREX,PORTER Pritsche\/Fahrgestell; VOLVO: V50 MW,V70 III BW,C30,S40 II MS,S80 II AS; SAAB: 9-3 YS3F,9-5 Kombi YS3E,9-3 Kombi YS3F,9-5 YS3E,9-3 Cabriolet YS3F,9-5 YS3G,9-3X; OPEL: ZAFIRA B A05,ASTRA H Caravan L35,ASTRA H L48,ASTRA J Sports Tourer,CORSA B 73_, 78_, 79_,INSIGNIA Caravan,VECTRA C Caravan,ASTRA J,ASTRA H GTC L08,SIGNUM,VECTRA C,ZAFIRA TOURER C P12,VECTRA C GTS,ANTARA,ASTRA H TwinTop L67,VIVARO Kasten F7,INSIGNIA,INSIGNIA Stufenheck,VIVARO Combi J7,ASTRA GTC J,CASCADA W13,COMBO Kasten\/Kombi X12,ASTRA H Kasten L70,MOVANO B Kasten,COMBO Tour X12,MOVANO B Bus,CORSA B Kasten 73_,VIVARO Pritsche\/Fahrgestell E7,MOVANO B Pritsche\/Fahrgestell,INSIGNIA A Country Tourer G09,CROSSLAND X,GRANDLAND X A18,INSIGNIA CC,INSIGNIA B Country Tourer Z18; 55221016, 9804220580, 55204259, 73504242, RF2A13H51B, 9804220580<\/p>\n","protected":false},"excerpt":{"rendered":"<p>DR.MOTOR AUTOMOTIVE L\u00e4mp\u00f6suojalevy, Ruiskutusj\u00e4rj. DRM0147  VW,MAZDA,BMW,LT 28-46 II Kasten 2DA, 2DD, 2DH<\/p>\n","protected":false},"featured_media":0,"template":"","meta":{"site-sidebar-layout":"default","site-content-layout":"default","ast-global-header-display":"","ast-main-header-display":"","ast-hfb-above-header-display":"","ast-hfb-below-header-display":"","ast-hfb-mobile-header-display":"","site-post-title":"","ast-breadcrumbs-content":"","ast-featured-img":"","footer-sml-layout":"","theme-transparent-header-meta":"","adv-header-id-meta":"","stick-header-meta":"","header-above-stick-meta":"","header-main-stick-meta":"","header-below-stick-meta":""},"pwb-brand":[163],"product_cat":[37],"product_tag":[],"class_list":{"0":"post-7614","1":"product","2":"type-product","3":"status-publish","5":"pwb-brand-dr-motor-automotive","6":"product_cat-muut-luokat","7":"desktop-align-left","8":"tablet-align-left","9":"mobile-align-left","11":"first","12":"instock","13":"product-type-external"},"brands":[{"id":163,"name":"DR.MOTOR AUTOMOTIVE","slug":"dr-motor-automotive"}],"_links":{"self":[{"href":"https:\/\/www.autonvaraosahaku.fi\/index.php?rest_route=\/wp\/v2\/product\/7614","targetHints":{"allow":["GET"]}}],"collection":[{"href":"https:\/\/www.autonvaraosahaku.fi\/index.php?rest_route=\/wp\/v2\/product"}],"about":[{"href":"https:\/\/www.autonvaraosahaku.fi\/index.php?rest_route=\/wp\/v2\/types\/product"}],"wp:attachment":[{"href":"https:\/\/www.autonvaraosahaku.fi\/index.php?rest_route=%2Fwp%2Fv2%2Fmedia&parent=7614"}],"wp:term":[{"taxonomy":"pwb-brand","embeddable":true,"href":"https:\/\/www.autonvaraosahaku.fi\/index.php?rest_route=%2Fwp%2Fv2%2Fpwb-brand&post=7614"},{"taxonomy":"product_cat","embeddable":true,"href":"https:\/\/www.autonvaraosahaku.fi\/index.php?rest_route=%2Fwp%2Fv2%2Fproduct_cat&post=7614"},{"taxonomy":"product_tag","embeddable":true,"href":"https:\/\/www.autonvaraosahaku.fi\/index.php?rest_route=%2Fwp%2Fv2%2Fproduct_tag&post=7614"}],"curies":[{"name":"wp","href":"https:\/\/api.w.org\/{rel}","templated":true}]}}