{"id":76140,"date":"2021-02-21T19:44:00","date_gmt":"2021-02-21T19:44:00","guid":{"rendered":"https:\/\/www.autonvaraosahaku.fi\/?product=autofren-seinsa-d41962c-jarrusatula-korjaussarja"},"modified":"2021-02-21T19:44:05","modified_gmt":"2021-02-21T19:44:05","slug":"autofren-seinsa-d41962c-jarrusatula-korjaussarja","status":"publish","type":"product","link":"https:\/\/www.autonvaraosahaku.fi\/?product=autofren-seinsa-d41962c-jarrusatula-korjaussarja","title":{"rendered":"AUTOFREN SEINSA D41962C Jarrusatula korjaussarja"},"content":{"rendered":"<p>Asennuspuoli: Etuakseli; L\u00e4pimitta [mm]: 44; Jarruj\u00e4rjestelm\u00e4: ATE; T\u00e4yssarja: ; OE-numerolle: 0004201401; MERCEDES-BENZ: G-CLASS W463,G-CLASS W460,G-CLASS W461,T1 Bus 601,T1 Pritsche\/Fahrgestell 602,T1 Kasten 602,T1 Pritsche\/Fahrgestell 601,T2\/LN1 Kasten\/Kombi,T1 Kasten 601,T1 Bus 602,T1\/TN Pritsche\/Fahrgestell,G-CLASS Cabrio W463,T2\/LN1 Pritsche\/Fahrgestell,T1\/TN Kasten\/Kombi,T2\/LN1 Kipper; PUCH: G-MODELL W 460,G-MODELL W 463; MAN: G90; 0004201401, 0004208901, 0004209001, 0004209301, 0004209401, 0024204098, 0024204198, 0024213898, 0024213998, 0024214098, 0024214198, 0034213998, 0034214098, 0034214198, 0034214298, 0034214398, 0034214498, 0034214598, 0034214698, 0034214798, 0034214898, 0034214998, 0034215098, 0044208183, 0044217898, 0044217998, 0044218298, 0044218398, 0064212198, 0064212298, 0064212398, 0064212498, 0064212998, 0064213098, 0064213198, 0064213298, 0074211598, 0074211698, 0074218398, 0074218498, 0084211898, 0084211998, 0084212098, 0084212198, 24204098, 24204198, 24213898, 24213998, 24214098, 24214198, 34213998, 34214098, 34214198, 34214298, 34214398, 34214498, 34214598, 34214698, 34214798, 34214898, 34214998, 34215098, 4201401, 4208901, 4209001, 4209301, 44208183, 44217898, 44217998, 44218298, 44218398, 4614200702, 64212398, 64212498, 64213198, 64213298, 6674202901, 6674203001, 6674203101, 6674203201, 6674203501, 6674203601, 6674203701, 6674203801, 6674206001, 6674206101, 6674206201, 6674206301, 74211598&#8230;; Korjaussarja, Jarrusatula<\/p>\n","protected":false},"excerpt":{"rendered":"<p>AUTOFREN SEINSA Jarrusatula Korjaussarja D41962C Korjaussarja, Jarrusatula MERCEDES-BENZ,PUCH,MAN,G-CLASS W463,G-CLASS W460,G-CLASS W461,T1 Bus 601<\/p>\n","protected":false},"featured_media":0,"template":"","meta":{"site-sidebar-layout":"default","site-content-layout":"default","ast-global-header-display":"","ast-main-header-display":"","ast-hfb-above-header-display":"","ast-hfb-below-header-display":"","ast-hfb-mobile-header-display":"","site-post-title":"","ast-breadcrumbs-content":"","ast-featured-img":"","footer-sml-layout":"","theme-transparent-header-meta":"","adv-header-id-meta":"","stick-header-meta":"","header-above-stick-meta":"","header-main-stick-meta":"","header-below-stick-meta":""},"pwb-brand":[243],"product_cat":[57],"product_tag":[],"class_list":{"0":"post-76140","1":"product","2":"type-product","3":"status-publish","5":"pwb-brand-autofren-seinsa","6":"product_cat-jarrusatula-korjaussarja","7":"desktop-align-left","8":"tablet-align-left","9":"mobile-align-left","11":"first","12":"instock","13":"product-type-external"},"brands":[{"id":243,"name":"AUTOFREN SEINSA","slug":"autofren-seinsa"}],"_links":{"self":[{"href":"https:\/\/www.autonvaraosahaku.fi\/index.php?rest_route=\/wp\/v2\/product\/76140","targetHints":{"allow":["GET"]}}],"collection":[{"href":"https:\/\/www.autonvaraosahaku.fi\/index.php?rest_route=\/wp\/v2\/product"}],"about":[{"href":"https:\/\/www.autonvaraosahaku.fi\/index.php?rest_route=\/wp\/v2\/types\/product"}],"wp:attachment":[{"href":"https:\/\/www.autonvaraosahaku.fi\/index.php?rest_route=%2Fwp%2Fv2%2Fmedia&parent=76140"}],"wp:term":[{"taxonomy":"pwb-brand","embeddable":true,"href":"https:\/\/www.autonvaraosahaku.fi\/index.php?rest_route=%2Fwp%2Fv2%2Fpwb-brand&post=76140"},{"taxonomy":"product_cat","embeddable":true,"href":"https:\/\/www.autonvaraosahaku.fi\/index.php?rest_route=%2Fwp%2Fv2%2Fproduct_cat&post=76140"},{"taxonomy":"product_tag","embeddable":true,"href":"https:\/\/www.autonvaraosahaku.fi\/index.php?rest_route=%2Fwp%2Fv2%2Fproduct_tag&post=76140"}],"curies":[{"name":"wp","href":"https:\/\/api.w.org\/{rel}","templated":true}]}}