{"id":76160,"date":"2021-02-21T19:44:08","date_gmt":"2021-02-21T19:44:08","guid":{"rendered":"https:\/\/www.autonvaraosahaku.fi\/?product=hella-5dr-004-241-131-laturin-jannitteensaadin"},"modified":"2021-02-21T19:44:13","modified_gmt":"2021-02-21T19:44:13","slug":"hella-5dr-004-241-131-laturin-jannitteensaadin","status":"publish","type":"product","link":"https:\/\/www.autonvaraosahaku.fi\/?product=hella-5dr-004-241-131-laturin-jannitteensaadin","title":{"rendered":"HELLA 5DR 004 241-131 Laturin j\u00e4nnitteens\u00e4\u00e4din"},"content":{"rendered":"<p>Valmistaja rajaus: Bosch; Nimellisj\u00e4nnite (V): 12; K\u00e4ytt\u00f6j\u00e4nnite [V]: 14,1; Laturityyppi: Vastuksella; Valmistusvuosi alkaen: 06\/1980; VW: GOLF II 19E, 1G1,GOLF I Cabriolet 155,TRANSPORTER III Bus,SCIROCCO 53B,GOLF I 17,PASSAT Variant 32B,PASSAT 32B,POLO 86,SCIROCCO 53,JETTA I 16,DERBY 86C, 80,DERBY 86,SANTANA 32B; AUDI: 80 81, 85, B2,COUPE 81, 85,100 43, C2,100 Avant 43, C2; SEAT: IBIZA I 021A,MALAGA 023A,RONDA 022A; VOLVO: 940 II Kombi 945,940 Kombi 945,240 Kombi P245,740 Kombi 745,740 744,240 P242, P244,480 E,440 K 445,460 L 464,940 944,760 704, 764,340-360 343, 345,960 Kombi 965,760 Kombi 704, 765,940 II 944,960 964,340-360 Stufenheck 344; SAAB: 9000 Schr\u00e4gheck,900 I Cabriolet,900 I Combi Coupe,900 I AC4, AM4,9000,99,90,99 Combi Coupe; MERCEDES-BENZ: 190 W201,Stufenheck W124,SL R107,Stufenheck W123,S-CLASS W126,KOMBI Kombi S124,E-CLASS W124,COUPE C124,G-CLASS W460,E-CLASS Kombi S124,COUPE C123,S-CLASS Coupe C126,KOMBI Kombi S123,T1 Bus 601,100 Bus 631,E-CLASS Cabriolet A124,SL Coupe C107,E-CLASS Coupe C124,T1 Pritsche\/Fahrgestell 602,T1 Kasten 602,T1 Pritsche\/Fahrgestell 601,T1 Kasten 601,CABRIOLET A124,T1 Bus 602; OPEL: REKORD E 17_-19_, 11_, 14_, 16_,SENATOR A 29_,KADETT D 31_-34_, 41_-44_,REKORD E Caravan 61_, 66_, 67_,KADETT D Caravan 35_, 36_, 45_, 46_; LANCIA: A 112; FIAT: PANDA 141A_; CITRO\u00cbN: 2 CV,BX XB-_,C25 Bus 280_, 290_,CX I MA,BX Break XB-_,C15 VD-_,CX I Break MA; 0003980592, 049903803G, 068903803, 068903803A, 068903803D, 12311279548, 12311711391, 12311726022, 12321271644, 1232127954, 12321279548, 12321711391, 12321711399, 1271644, 1279548, 1711139, 1711391, 1711399, 1726022, 576147, 576159, 9405761558, 35237106, 121840, 60743883, 60743883, D5RY10316B, 8122844, 8194971, 60743883, 0021544106, 0021545106, 0021547206, 0025545106, A0021544106, A0021545106, A0021547206, A0025545106, 576147, 576159, 8559619, 8571846, 8590549, 0003980592, 049903803G, 068903803, 068903803A, 068903803D, 3980592, 68903803, 9405761558, 1323467, 1324617, 0003980592, 049903803G, 068903803, 068903803A, 068903803D; Laturin S\u00e4\u00e4din,J\u00e4nniteens\u00e4\u00e4din<\/p>\n","protected":false},"excerpt":{"rendered":"<p>HELLA Laturin J\u00e4nnitteens\u00e4\u00e4din 5DR 004 241-131 Laturin S\u00e4\u00e4din,J\u00e4nniteens\u00e4\u00e4din VW,AUDI,SEAT,GOLF II 19E, 1G1,GOLF I Cabriolet 155,TRANSPORTER III Bus<\/p>\n","protected":false},"featured_media":0,"template":"","meta":{"site-sidebar-layout":"default","site-content-layout":"default","ast-global-header-display":"","ast-main-header-display":"","ast-hfb-above-header-display":"","ast-hfb-below-header-display":"","ast-hfb-mobile-header-display":"","site-post-title":"","ast-breadcrumbs-content":"","ast-featured-img":"","footer-sml-layout":"","theme-transparent-header-meta":"","adv-header-id-meta":"","stick-header-meta":"","header-above-stick-meta":"","header-main-stick-meta":"","header-below-stick-meta":""},"pwb-brand":[24],"product_cat":[420],"product_tag":[],"class_list":{"0":"post-76160","1":"product","2":"type-product","3":"status-publish","5":"pwb-brand-hella","6":"product_cat-laturin-jannitteensaadin","7":"desktop-align-left","8":"tablet-align-left","9":"mobile-align-left","11":"first","12":"instock","13":"product-type-external"},"brands":[{"id":24,"name":"HELLA","slug":"hella"}],"_links":{"self":[{"href":"https:\/\/www.autonvaraosahaku.fi\/index.php?rest_route=\/wp\/v2\/product\/76160","targetHints":{"allow":["GET"]}}],"collection":[{"href":"https:\/\/www.autonvaraosahaku.fi\/index.php?rest_route=\/wp\/v2\/product"}],"about":[{"href":"https:\/\/www.autonvaraosahaku.fi\/index.php?rest_route=\/wp\/v2\/types\/product"}],"wp:attachment":[{"href":"https:\/\/www.autonvaraosahaku.fi\/index.php?rest_route=%2Fwp%2Fv2%2Fmedia&parent=76160"}],"wp:term":[{"taxonomy":"pwb-brand","embeddable":true,"href":"https:\/\/www.autonvaraosahaku.fi\/index.php?rest_route=%2Fwp%2Fv2%2Fpwb-brand&post=76160"},{"taxonomy":"product_cat","embeddable":true,"href":"https:\/\/www.autonvaraosahaku.fi\/index.php?rest_route=%2Fwp%2Fv2%2Fproduct_cat&post=76160"},{"taxonomy":"product_tag","embeddable":true,"href":"https:\/\/www.autonvaraosahaku.fi\/index.php?rest_route=%2Fwp%2Fv2%2Fproduct_tag&post=76160"}],"curies":[{"name":"wp","href":"https:\/\/api.w.org\/{rel}","templated":true}]}}