{"id":76176,"date":"2021-02-21T19:44:15","date_gmt":"2021-02-21T19:44:15","guid":{"rendered":"https:\/\/www.autonvaraosahaku.fi\/?product=ate-13-0460-4401-2-jarrupalat"},"modified":"2021-02-21T19:44:19","modified_gmt":"2021-02-21T19:44:19","slug":"ate-13-0460-4401-2-jarrupalat","status":"publish","type":"product","link":"https:\/\/www.autonvaraosahaku.fi\/?product=ate-13-0460-4401-2-jarrupalat","title":{"rendered":"ATE 13.0460-4401.2 Jarrupalat"},"content":{"rendered":"<p>Leveys (mm): 149,0; Korkeus (mm): 75,0; Paksuus [mm]: 18,0; Kulumisenilmaisimen liitos: Kulumisenilmaisemelle, Ilman kulumisenilmaisinta; Jarruj\u00e4rjestelm\u00e4: ATE; Tarkistuskilpi: E1 90R-01291\/074; MAPP-koodi saatavilla: ; Suositellun tarvikkeen tuotenumero: 13.0460-0158.2, 13.0460-0160.2, 24.8190-0401.2, 24.8190-0406.2; Huomioi mitat: ; M\u00e4\u00e4r\u00e4yksikk\u00f6: Akselisarja; Asennuspuoli: Vorderachse; MERCEDES-BENZ: G-CLASS W463,G-CLASS W460,G-CLASS W461,T1 Bus 601,T1 Pritsche\/Fahrgestell 602,T1 Kasten 602,T1 Pritsche\/Fahrgestell 601,T2\/LN1 Kasten\/Kombi,T1 Kasten 601,T1 Bus 602,T1\/TN Pritsche\/Fahrgestell,G-CLASS Cabrio W463,T2\/LN1 Pritsche\/Fahrgestell,T1\/TN Kasten\/Kombi,T2\/LN1 Kipper; PUCH: G-MODELL W 460,G-MODELL W 463; 0014201420, 0015867042, 0015868942, 0034200720, 0044201420, 0054209820, 4604200020, 6014207620, 6014208720, 6015860042, A0014201420, A0015867042, A0015868942, A0034200720, A0044201420, A0054209820, A4604200020, A6014207620, A6014208720, A6015860042; Jarrupalasarja,Jarrupala, Levyjarru<\/p>\n","protected":false},"excerpt":{"rendered":"<p>ATE Jarrupalat 13.0460-4401.2 Jarrupalasarja,Jarrupala, Levyjarru MERCEDES-BENZ,PUCH,G-CLASS W463,G-CLASS W460,G-CLASS W461,T1 Bus 601<\/p>\n","protected":false},"featured_media":0,"template":"","meta":{"site-sidebar-layout":"default","site-content-layout":"default","ast-global-header-display":"","ast-main-header-display":"","ast-hfb-above-header-display":"","ast-hfb-below-header-display":"","ast-hfb-mobile-header-display":"","site-post-title":"","ast-breadcrumbs-content":"","ast-featured-img":"","footer-sml-layout":"","theme-transparent-header-meta":"","adv-header-id-meta":"","stick-header-meta":"","header-above-stick-meta":"","header-main-stick-meta":"","header-below-stick-meta":""},"pwb-brand":[108],"product_cat":[100],"product_tag":[],"class_list":{"0":"post-76176","1":"product","2":"type-product","3":"status-publish","5":"pwb-brand-ate","6":"product_cat-jarrupalat","7":"desktop-align-left","8":"tablet-align-left","9":"mobile-align-left","11":"first","12":"instock","13":"product-type-external"},"brands":[{"id":108,"name":"ATE","slug":"ate"}],"_links":{"self":[{"href":"https:\/\/www.autonvaraosahaku.fi\/index.php?rest_route=\/wp\/v2\/product\/76176","targetHints":{"allow":["GET"]}}],"collection":[{"href":"https:\/\/www.autonvaraosahaku.fi\/index.php?rest_route=\/wp\/v2\/product"}],"about":[{"href":"https:\/\/www.autonvaraosahaku.fi\/index.php?rest_route=\/wp\/v2\/types\/product"}],"wp:attachment":[{"href":"https:\/\/www.autonvaraosahaku.fi\/index.php?rest_route=%2Fwp%2Fv2%2Fmedia&parent=76176"}],"wp:term":[{"taxonomy":"pwb-brand","embeddable":true,"href":"https:\/\/www.autonvaraosahaku.fi\/index.php?rest_route=%2Fwp%2Fv2%2Fpwb-brand&post=76176"},{"taxonomy":"product_cat","embeddable":true,"href":"https:\/\/www.autonvaraosahaku.fi\/index.php?rest_route=%2Fwp%2Fv2%2Fproduct_cat&post=76176"},{"taxonomy":"product_tag","embeddable":true,"href":"https:\/\/www.autonvaraosahaku.fi\/index.php?rest_route=%2Fwp%2Fv2%2Fproduct_tag&post=76176"}],"curies":[{"name":"wp","href":"https:\/\/api.w.org\/{rel}","templated":true}]}}