{"id":76190,"date":"2021-02-21T19:44:23","date_gmt":"2021-02-21T19:44:23","guid":{"rendered":"https:\/\/www.autonvaraosahaku.fi\/?product=hella-6zl-003-259-171-oljynpaineanturi"},"modified":"2021-02-21T19:44:25","modified_gmt":"2021-02-21T19:44:25","slug":"hella-6zl-003-259-171-oljynpaineanturi","status":"publish","type":"product","link":"https:\/\/www.autonvaraosahaku.fi\/?product=hella-6zl-003-259-171-oljynpaineanturi","title":{"rendered":"HELLA 6ZL 003 259-171 \u00d6ljynpaineanturi"},"content":{"rendered":"<p>Kytkent\u00e4paine alkaen [bar]: 0,35; Kytkinpaine enint. [bar]: 0,55; Nimellisj\u00e4nnite (V): 12; Liittimi\u00e4: 1; V\u00e4ri vastaa alkuper\u00e4isosaa: Musta; Kierremitta: M14x1,5; Yhdistelm\u00e4kytkintoiminto: Avaaja; Avainv\u00e4li: 24; Virta (A): 0,25; Valmistusvuoteen: 07\/1987; OPEL: OMEGA A 16_, 17_, 19_,KADETT E CC 33_, 34_, 43_, 44_,CORSA A CC 93_, 94_, 98_, 99_,KADETT C Coupe,MANTA B 58_, 59_,KADETT B,MONZA A 22_,KADETT C,KADETT E Cabriolet 43B_,ASCONA B 81_, 86_, 87_, 88_,ASCONA C 81_, 86_, 87_, 88_,REKORD E 17_-19_, 11_, 14_, 16_,SENATOR A 29_,MANTA A 58_, 59_,OMEGA A Caravan 66_, 67_,CORSA A TR 91_, 92_, 96_, 97_,KADETT D 31_-34_, 41_-44_,KADETT E 39_, 49_,KADETT B Coupe,ASCONA C CC 84_, 89_,REKORD D,KADETT E Caravan 35_, 36_, 45_, 46_,ASCONA A 81_, 86_, 87_, 88_,MANTA B CC 53_, 55_,KADETT C City,COMMODORE B Coupe,COMMODORE C 14_, 19_,COMMODORE B,REKORD E Caravan 61_, 66_, 67_,REKORD D Coupe,KADETT C Caravan,KADETT B Caravan,KADETT D Caravan 35_, 36_, 45_, 46_,COMMODORE C Caravan 61,KADETT E Kasten 37_, 47_,REKORD D Caravan,ASCONA A Voyage 84_, 89_,KADETT E Combo 38_, 48_; ALFA ROMEO: ALFASUD Sprint 902.A,ALFASUD 901,ALFASUD Giardinetta 904; PORSCHE: BOXSTER 986,BOXSTER 987,CAYMAN 987; 1252506, 8954566, 98660620302, 98660620303; \u00d6ljynpainekytkin<\/p>\n","protected":false},"excerpt":{"rendered":"<p>HELLA \u00d6ljynpaineanturi 6ZL 003 259-171 \u00d6ljynpainekytkin OPEL,ALFA ROMEO,PORSCHE,OMEGA A 16_, 17_, 19_,KADETT E CC 33_, 34_, 43_, 44_<\/p>\n","protected":false},"featured_media":0,"template":"","meta":{"site-sidebar-layout":"default","site-content-layout":"default","ast-global-header-display":"","ast-main-header-display":"","ast-hfb-above-header-display":"","ast-hfb-below-header-display":"","ast-hfb-mobile-header-display":"","site-post-title":"","ast-breadcrumbs-content":"","ast-featured-img":"","footer-sml-layout":"","theme-transparent-header-meta":"","adv-header-id-meta":"","stick-header-meta":"","header-above-stick-meta":"","header-main-stick-meta":"","header-below-stick-meta":""},"pwb-brand":[24],"product_cat":[235],"product_tag":[],"class_list":{"0":"post-76190","1":"product","2":"type-product","3":"status-publish","5":"pwb-brand-hella","6":"product_cat-oljynpaineanturi","7":"desktop-align-left","8":"tablet-align-left","9":"mobile-align-left","11":"first","12":"instock","13":"product-type-external"},"brands":[{"id":24,"name":"HELLA","slug":"hella"}],"_links":{"self":[{"href":"https:\/\/www.autonvaraosahaku.fi\/index.php?rest_route=\/wp\/v2\/product\/76190","targetHints":{"allow":["GET"]}}],"collection":[{"href":"https:\/\/www.autonvaraosahaku.fi\/index.php?rest_route=\/wp\/v2\/product"}],"about":[{"href":"https:\/\/www.autonvaraosahaku.fi\/index.php?rest_route=\/wp\/v2\/types\/product"}],"wp:attachment":[{"href":"https:\/\/www.autonvaraosahaku.fi\/index.php?rest_route=%2Fwp%2Fv2%2Fmedia&parent=76190"}],"wp:term":[{"taxonomy":"pwb-brand","embeddable":true,"href":"https:\/\/www.autonvaraosahaku.fi\/index.php?rest_route=%2Fwp%2Fv2%2Fpwb-brand&post=76190"},{"taxonomy":"product_cat","embeddable":true,"href":"https:\/\/www.autonvaraosahaku.fi\/index.php?rest_route=%2Fwp%2Fv2%2Fproduct_cat&post=76190"},{"taxonomy":"product_tag","embeddable":true,"href":"https:\/\/www.autonvaraosahaku.fi\/index.php?rest_route=%2Fwp%2Fv2%2Fproduct_tag&post=76190"}],"curies":[{"name":"wp","href":"https:\/\/api.w.org\/{rel}","templated":true}]}}