{"id":76197,"date":"2021-02-21T19:44:23","date_gmt":"2021-02-21T19:44:23","guid":{"rendered":"https:\/\/www.autonvaraosahaku.fi\/?product=bilstein-22-170996-iskunvaimennin"},"modified":"2021-02-21T19:44:27","modified_gmt":"2021-02-21T19:44:27","slug":"bilstein-22-170996-iskunvaimennin","status":"publish","type":"product","link":"https:\/\/www.autonvaraosahaku.fi\/?product=bilstein-22-170996-iskunvaimennin","title":{"rendered":"BILSTEIN 22-170996 Iskunvaimennin"},"content":{"rendered":"<p>Asennuspuoli: Etuakseli, vasen; Iskunvaimennin tyyppi: Kaasupaine; Iskunvaimennin malli: Joustintuki; parilliset tuotenumerot: 22-171009; Iskunvaimennusj\u00e4rjestelm\u00e4: Kaksiputki; Tuotelinja: &#8211; B4 OE Replacement; Alustarakenne: f\u00fcr Fahrzeuge mit Standard Fahrwerk; MINI: MINI R56,MINI R50, R53,MINI CLUBMAN R55,MINI Cabriolet R57,MINI Coupe R58,MINI Roadster R59,MINI CLUBVAN R55; 31316781903, 31316782209, 31316784513, 31316785213, 31316789553, 31316857133, 31316857135, 31306764917, 31306764919, 31316759417, 31316763129, 31316763131, 31316780471, 31316781903, 31316782207, 31316782209, 31316784513, 31316785213, 31316789551, 31316789553, 31316855357, 31316857133, 31316857135; Iskarit,Iskunvaimennin<\/p>\n","protected":false},"excerpt":{"rendered":"<p>BILSTEIN Iskunvaimentimet 22-170996 Iskarit,Iskunvaimennin MINI,MINI R56,MINI R50, R53,MINI CLUBMAN R55,MINI Cabriolet R57,MINI Coupe R58<\/p>\n","protected":false},"featured_media":0,"template":"","meta":{"site-sidebar-layout":"default","site-content-layout":"default","ast-global-header-display":"","ast-main-header-display":"","ast-hfb-above-header-display":"","ast-hfb-below-header-display":"","ast-hfb-mobile-header-display":"","site-post-title":"","ast-breadcrumbs-content":"","ast-featured-img":"","footer-sml-layout":"","theme-transparent-header-meta":"","adv-header-id-meta":"","stick-header-meta":"","header-above-stick-meta":"","header-main-stick-meta":"","header-below-stick-meta":""},"pwb-brand":[114],"product_cat":[80],"product_tag":[],"class_list":{"0":"post-76197","1":"product","2":"type-product","3":"status-publish","5":"pwb-brand-bilstein","6":"product_cat-iskunvaimennin","7":"desktop-align-left","8":"tablet-align-left","9":"mobile-align-left","11":"first","12":"instock","13":"product-type-external"},"brands":[{"id":114,"name":"BILSTEIN","slug":"bilstein"}],"_links":{"self":[{"href":"https:\/\/www.autonvaraosahaku.fi\/index.php?rest_route=\/wp\/v2\/product\/76197","targetHints":{"allow":["GET"]}}],"collection":[{"href":"https:\/\/www.autonvaraosahaku.fi\/index.php?rest_route=\/wp\/v2\/product"}],"about":[{"href":"https:\/\/www.autonvaraosahaku.fi\/index.php?rest_route=\/wp\/v2\/types\/product"}],"wp:attachment":[{"href":"https:\/\/www.autonvaraosahaku.fi\/index.php?rest_route=%2Fwp%2Fv2%2Fmedia&parent=76197"}],"wp:term":[{"taxonomy":"pwb-brand","embeddable":true,"href":"https:\/\/www.autonvaraosahaku.fi\/index.php?rest_route=%2Fwp%2Fv2%2Fpwb-brand&post=76197"},{"taxonomy":"product_cat","embeddable":true,"href":"https:\/\/www.autonvaraosahaku.fi\/index.php?rest_route=%2Fwp%2Fv2%2Fproduct_cat&post=76197"},{"taxonomy":"product_tag","embeddable":true,"href":"https:\/\/www.autonvaraosahaku.fi\/index.php?rest_route=%2Fwp%2Fv2%2Fproduct_tag&post=76197"}],"curies":[{"name":"wp","href":"https:\/\/api.w.org\/{rel}","templated":true}]}}