{"id":7620,"date":"2021-02-21T14:00:43","date_gmt":"2021-02-21T14:00:43","guid":{"rendered":"https:\/\/www.autonvaraosahaku.fi\/?product=abakus-551-2004l-ue-sumuvalot"},"modified":"2021-02-21T14:00:43","modified_gmt":"2021-02-21T14:00:43","slug":"abakus-551-2004l-ue-sumuvalot","status":"publish","type":"product","link":"https:\/\/www.autonvaraosahaku.fi\/?product=abakus-551-2004l-ue-sumuvalot","title":{"rendered":"ABAKUS 551-2004L-UE Sumuvalot"},"content":{"rendered":"<p>Rekister\u00f6ity tyyppi: E-hyv\u00e4ksytty; Asennuspuoli: Vasen; Adapterin muoto: O-muoto; Vuosimallista: 1998; Lamppumalli: H1; Lis\u00e4tarvike\/lis\u00e4tieto: Lampun kannalla; NISSAN: PRIMASTAR Bus X83,PRIMASTAR Kasten X83,KUBISTAR Kasten X80; OPEL: VIVARO Kasten F7,VIVARO Combi J7; RENAULT: TWINGO I C06_,SC\u00c9NIC II JM0\/1_,KANGOO KC0\/1_,SC\u00c9NIC I JA0\/1_,MEGANE Scenic JA0\/1_,TRAFIC II Bus JL,MEGANE I BA0\/1_,TRAFIC II Kasten FL,KANGOO Express FC0\/1_,LAGUNA I B56_, 556_,LAGUNA I Grandtour K56_,TRAFIC II Pritsche\/Fahrgestell EL; 7701045718; Sumuvalo<\/p>\n","protected":false},"excerpt":{"rendered":"<p>ABAKUS Sumuvalot 551-2004L-UE Sumuvalo NISSAN,OPEL,RENAULT,PRIMASTAR Bus X83,PRIMASTAR Kasten X83,KUBISTAR Kasten X80,VIVARO Kasten F7,VIVARO Combi J7<\/p>\n","protected":false},"featured_media":0,"template":"","meta":{"site-sidebar-layout":"default","site-content-layout":"default","ast-global-header-display":"","ast-main-header-display":"","ast-hfb-above-header-display":"","ast-hfb-below-header-display":"","ast-hfb-mobile-header-display":"","site-post-title":"","ast-breadcrumbs-content":"","ast-featured-img":"","footer-sml-layout":"","theme-transparent-header-meta":"","adv-header-id-meta":"","stick-header-meta":"","header-above-stick-meta":"","header-main-stick-meta":"","header-below-stick-meta":""},"pwb-brand":[148],"product_cat":[119],"product_tag":[],"class_list":{"0":"post-7620","1":"product","2":"type-product","3":"status-publish","5":"pwb-brand-abakus","6":"product_cat-sumuvalot","7":"desktop-align-left","8":"tablet-align-left","9":"mobile-align-left","11":"first","12":"instock","13":"product-type-external"},"brands":[{"id":148,"name":"ABAKUS","slug":"abakus"}],"_links":{"self":[{"href":"https:\/\/www.autonvaraosahaku.fi\/index.php?rest_route=\/wp\/v2\/product\/7620","targetHints":{"allow":["GET"]}}],"collection":[{"href":"https:\/\/www.autonvaraosahaku.fi\/index.php?rest_route=\/wp\/v2\/product"}],"about":[{"href":"https:\/\/www.autonvaraosahaku.fi\/index.php?rest_route=\/wp\/v2\/types\/product"}],"wp:attachment":[{"href":"https:\/\/www.autonvaraosahaku.fi\/index.php?rest_route=%2Fwp%2Fv2%2Fmedia&parent=7620"}],"wp:term":[{"taxonomy":"pwb-brand","embeddable":true,"href":"https:\/\/www.autonvaraosahaku.fi\/index.php?rest_route=%2Fwp%2Fv2%2Fpwb-brand&post=7620"},{"taxonomy":"product_cat","embeddable":true,"href":"https:\/\/www.autonvaraosahaku.fi\/index.php?rest_route=%2Fwp%2Fv2%2Fproduct_cat&post=7620"},{"taxonomy":"product_tag","embeddable":true,"href":"https:\/\/www.autonvaraosahaku.fi\/index.php?rest_route=%2Fwp%2Fv2%2Fproduct_tag&post=7620"}],"curies":[{"name":"wp","href":"https:\/\/api.w.org\/{rel}","templated":true}]}}