{"id":76214,"date":"2021-02-21T19:44:31","date_gmt":"2021-02-21T19:44:31","guid":{"rendered":"https:\/\/www.autonvaraosahaku.fi\/?product=ate-13-0460-7173-2-jarrupalat"},"modified":"2021-02-21T19:44:34","modified_gmt":"2021-02-21T19:44:34","slug":"ate-13-0460-7173-2-jarrupalat","status":"publish","type":"product","link":"https:\/\/www.autonvaraosahaku.fi\/?product=ate-13-0460-7173-2-jarrupalat","title":{"rendered":"ATE 13.0460-7173.2 Jarrupalat"},"content":{"rendered":"<p>Leveys 1 (mm): 155,1; Korkeus 1 (mm): 74,0; Paksuus 1 [mm]: 20,3; Leveys 2 (mm): 156,3; Korkeus 2 (mm): 74,0; Paksuus 2 [mm]: 19,6; Kulumisenilmaisimen liitos: ilman kulumisvaroitinkosketinta, akustisella kulumavaroittimella; Jarruj\u00e4rjestelm\u00e4: ATE; Tarkistuskilpi: E1 90R-01651\/594; MAPP-koodi saatavilla: ; Suositellun tarvikkeen tuotenumero: 24.8190-0018.2, 24.8190-0718.2; Huomioi mitat: ; M\u00e4\u00e4r\u00e4yksikk\u00f6: Akselisarja; Valmistusvuosi alkaen: 09\/1996; SAAB: 9-5 Kombi YS3E,9-3 YS3D,9-5 YS3E,9-3 Cabriolet YS3D,900 II Cabriolet,900 II,900 II Coupe; OPEL: ZAFIRA A F75_,ASTRA G CC F48_, F08_,ASTRA G Caravan F35_,ASTRA G Cabriolet F67,ASTRA G Coupe F07_; VAUXHALL: ZAFIRA Mk I A F75,ASTRA Mk IV G CC,ASTRA Mk IV G Coupe F67,ASTRA Mk IV G Convertible; 1605032, 1605984, 9195064, 93173734, 4778254, 4839924, 5055371, 5062203, 5062211, 5064795, 5124078, 5232350, 5392485, 5532544, 5533518, 93192749, 1605032, 1605984, 9195064, 93173734; Jarrupalasarja,Jarrupala, Levyjarru<\/p>\n","protected":false},"excerpt":{"rendered":"<p>ATE Jarrupalat 13.0460-7173.2 Jarrupalasarja,Jarrupala, Levyjarru SAAB,OPEL,VAUXHALL,9-5 Kombi YS3E,9-3 YS3D,9-5 YS3E,9-3 Cabriolet YS3D<\/p>\n","protected":false},"featured_media":0,"template":"","meta":{"site-sidebar-layout":"default","site-content-layout":"default","ast-global-header-display":"","ast-main-header-display":"","ast-hfb-above-header-display":"","ast-hfb-below-header-display":"","ast-hfb-mobile-header-display":"","site-post-title":"","ast-breadcrumbs-content":"","ast-featured-img":"","footer-sml-layout":"","theme-transparent-header-meta":"","adv-header-id-meta":"","stick-header-meta":"","header-above-stick-meta":"","header-main-stick-meta":"","header-below-stick-meta":""},"pwb-brand":[108],"product_cat":[100],"product_tag":[],"class_list":{"0":"post-76214","1":"product","2":"type-product","3":"status-publish","5":"pwb-brand-ate","6":"product_cat-jarrupalat","7":"desktop-align-left","8":"tablet-align-left","9":"mobile-align-left","11":"first","12":"instock","13":"product-type-external"},"brands":[{"id":108,"name":"ATE","slug":"ate"}],"_links":{"self":[{"href":"https:\/\/www.autonvaraosahaku.fi\/index.php?rest_route=\/wp\/v2\/product\/76214","targetHints":{"allow":["GET"]}}],"collection":[{"href":"https:\/\/www.autonvaraosahaku.fi\/index.php?rest_route=\/wp\/v2\/product"}],"about":[{"href":"https:\/\/www.autonvaraosahaku.fi\/index.php?rest_route=\/wp\/v2\/types\/product"}],"wp:attachment":[{"href":"https:\/\/www.autonvaraosahaku.fi\/index.php?rest_route=%2Fwp%2Fv2%2Fmedia&parent=76214"}],"wp:term":[{"taxonomy":"pwb-brand","embeddable":true,"href":"https:\/\/www.autonvaraosahaku.fi\/index.php?rest_route=%2Fwp%2Fv2%2Fpwb-brand&post=76214"},{"taxonomy":"product_cat","embeddable":true,"href":"https:\/\/www.autonvaraosahaku.fi\/index.php?rest_route=%2Fwp%2Fv2%2Fproduct_cat&post=76214"},{"taxonomy":"product_tag","embeddable":true,"href":"https:\/\/www.autonvaraosahaku.fi\/index.php?rest_route=%2Fwp%2Fv2%2Fproduct_tag&post=76214"}],"curies":[{"name":"wp","href":"https:\/\/api.w.org\/{rel}","templated":true}]}}