{"id":76278,"date":"2021-02-21T19:44:55","date_gmt":"2021-02-21T19:44:55","guid":{"rendered":"https:\/\/www.autonvaraosahaku.fi\/?product=elring-505-450-oljypohjan-tiiviste"},"modified":"2021-02-21T19:44:59","modified_gmt":"2021-02-21T19:44:59","slug":"elring-505-450-oljypohjan-tiiviste","status":"publish","type":"product","link":"https:\/\/www.autonvaraosahaku.fi\/?product=elring-505-450-oljypohjan-tiiviste","title":{"rendered":"ELRING 505.450 \u00d6ljypohjan tiiviste"},"content":{"rendered":"<p>Materiaali: ACM (polyakryyli-kautsu); Moottorinumerosta: 273487; IVECO: DAILY IV Kasten\/Kombi,DAILY III Pritsche\/Fahrgestell,DAILY III Kasten\/Kombi,DAILY IV Pritsche\/Fahrgestell,DAILY V Kasten\/Kombi,DAILY V Pritsche\/Fahrgestell,DAILY IV Bus,DAILY IV Kipper,DAILY V Kipper,DAILY VI Kasten\/Kombi,DAILY III Bus,DAILY VI Pritsche\/Fahrgestell,DAILY VI Bus; FIAT: DUCATO Kasten 250,DUCATO Pritsche\/Fahrgestell 250,DUCATO Bus 250,DUCATO Kasten 244,DUCATO Pritsche\/Fahrgestell 244,DUCATO Bus 244, Z_; CITRO\u00cbN: JUMPER Kasten,JUMPER Bus 244, Z_; PEUGEOT: BOXER Kasten,BOXER Bus; 030462, 504018307, 5802102162, 030462; Tiiviste, \u00d6ljypohja<\/p>\n","protected":false},"excerpt":{"rendered":"<p>ELRING \u00d6ljypohjan Tiiviste 505.450 Tiiviste, \u00d6ljypohja IVECO,FIAT,CITRO\u00cbN,DAILY IV Kasten\/Kombi,DAILY III Pritsche\/Fahrgestell,DAILY III Kasten\/Kombi<\/p>\n","protected":false},"featured_media":0,"template":"","meta":{"site-sidebar-layout":"default","site-content-layout":"default","ast-global-header-display":"","ast-main-header-display":"","ast-hfb-above-header-display":"","ast-hfb-below-header-display":"","ast-hfb-mobile-header-display":"","site-post-title":"","ast-breadcrumbs-content":"","ast-featured-img":"","footer-sml-layout":"","theme-transparent-header-meta":"","adv-header-id-meta":"","stick-header-meta":"","header-above-stick-meta":"","header-main-stick-meta":"","header-below-stick-meta":""},"pwb-brand":[26],"product_cat":[180],"product_tag":[],"class_list":{"0":"post-76278","1":"product","2":"type-product","3":"status-publish","5":"pwb-brand-elring","6":"product_cat-oljypohjan-tiiviste","7":"desktop-align-left","8":"tablet-align-left","9":"mobile-align-left","11":"first","12":"instock","13":"product-type-external"},"brands":[{"id":26,"name":"ELRING","slug":"elring"}],"_links":{"self":[{"href":"https:\/\/www.autonvaraosahaku.fi\/index.php?rest_route=\/wp\/v2\/product\/76278","targetHints":{"allow":["GET"]}}],"collection":[{"href":"https:\/\/www.autonvaraosahaku.fi\/index.php?rest_route=\/wp\/v2\/product"}],"about":[{"href":"https:\/\/www.autonvaraosahaku.fi\/index.php?rest_route=\/wp\/v2\/types\/product"}],"wp:attachment":[{"href":"https:\/\/www.autonvaraosahaku.fi\/index.php?rest_route=%2Fwp%2Fv2%2Fmedia&parent=76278"}],"wp:term":[{"taxonomy":"pwb-brand","embeddable":true,"href":"https:\/\/www.autonvaraosahaku.fi\/index.php?rest_route=%2Fwp%2Fv2%2Fpwb-brand&post=76278"},{"taxonomy":"product_cat","embeddable":true,"href":"https:\/\/www.autonvaraosahaku.fi\/index.php?rest_route=%2Fwp%2Fv2%2Fproduct_cat&post=76278"},{"taxonomy":"product_tag","embeddable":true,"href":"https:\/\/www.autonvaraosahaku.fi\/index.php?rest_route=%2Fwp%2Fv2%2Fproduct_tag&post=76278"}],"curies":[{"name":"wp","href":"https:\/\/api.w.org\/{rel}","templated":true}]}}