{"id":76288,"date":"2021-02-21T19:45:02","date_gmt":"2021-02-21T19:45:02","guid":{"rendered":"https:\/\/www.autonvaraosahaku.fi\/?product=mapco-20703-iskunvaimennin"},"modified":"2021-02-21T19:45:03","modified_gmt":"2021-02-21T19:45:03","slug":"mapco-20703-iskunvaimennin","status":"publish","type":"product","link":"https:\/\/www.autonvaraosahaku.fi\/?product=mapco-20703-iskunvaimennin","title":{"rendered":"MAPCO 20703 Iskunvaimennin"},"content":{"rendered":"<p>Iskunvaimennin tyyppi: Kaasupaine; Asennuspuoli: Taka-akseli; Iskunvaimennin malli: Vaimennin ei jousta kantava; Iskunvaimennusj\u00e4rjestelm\u00e4: Kaksiputki; Iskunvaimennin asennustapa: Silmukka ylh\u00e4\u00e4ll\u00e4, Silmukka alhaalla; Vaihdettava pareittain: ; Varusteet: f\u00fcr Fahrzeuge ohne Niveauregulierung; OPEL: MERIVA,ZAFIRA A F75_,COMBO Kasten\/Kombi,COMBO Tour,CORSA C Kasten F08, W5L; VAUXHALL: ZAFIRA Mk I A F75,CORSAVAN Mk II C,MERIVA Mk I A,COMBO Mk II C Kasten\/Kombi F25; 13271702, 13319751, 13319752, 22007803, 3431165, 3431230, 3449692, 3451375, 436151, 436173, 436174, 436185, 436188, 436285, 436293, 436294, 436295, 436307, 436326, 436341, 436347, 436355, 436356, 436357, 436358, 436365, 436380, 436381, 436393, 436394, 436398, 436406, 436468, 436469, 436471, 436480, 436482, 72119059, 72119125, 72119126, 88963482, 8939585, 8953422, 8965567, 8967834, 8977900, 90005038, 9004027, 9004187, 90157012, 90399490, 91018422, 92078324, 920870085, 92087085, 9293946, 93177217, 93182103, 93183975, 93185698, 93185700, 93187577, 93191027, 93197045, 95183570, 96183570, 97043818; Iskarit,Iskunvaimennin<\/p>\n","protected":false},"excerpt":{"rendered":"<p>MAPCO Iskunvaimentimet 20703 Iskarit,Iskunvaimennin OPEL,VAUXHALL,MERIVA,ZAFIRA A F75_,COMBO Kasten\/Kombi,COMBO Tour,CORSA C Kasten F08, W5L<\/p>\n","protected":false},"featured_media":0,"template":"","meta":{"site-sidebar-layout":"default","site-content-layout":"default","ast-global-header-display":"","ast-main-header-display":"","ast-hfb-above-header-display":"","ast-hfb-below-header-display":"","ast-hfb-mobile-header-display":"","site-post-title":"","ast-breadcrumbs-content":"","ast-featured-img":"","footer-sml-layout":"","theme-transparent-header-meta":"","adv-header-id-meta":"","stick-header-meta":"","header-above-stick-meta":"","header-main-stick-meta":"","header-below-stick-meta":""},"pwb-brand":[36],"product_cat":[80],"product_tag":[],"class_list":{"0":"post-76288","1":"product","2":"type-product","3":"status-publish","5":"pwb-brand-mapco","6":"product_cat-iskunvaimennin","7":"desktop-align-left","8":"tablet-align-left","9":"mobile-align-left","11":"first","12":"instock","13":"product-type-external"},"brands":[{"id":36,"name":"MAPCO","slug":"mapco"}],"_links":{"self":[{"href":"https:\/\/www.autonvaraosahaku.fi\/index.php?rest_route=\/wp\/v2\/product\/76288","targetHints":{"allow":["GET"]}}],"collection":[{"href":"https:\/\/www.autonvaraosahaku.fi\/index.php?rest_route=\/wp\/v2\/product"}],"about":[{"href":"https:\/\/www.autonvaraosahaku.fi\/index.php?rest_route=\/wp\/v2\/types\/product"}],"wp:attachment":[{"href":"https:\/\/www.autonvaraosahaku.fi\/index.php?rest_route=%2Fwp%2Fv2%2Fmedia&parent=76288"}],"wp:term":[{"taxonomy":"pwb-brand","embeddable":true,"href":"https:\/\/www.autonvaraosahaku.fi\/index.php?rest_route=%2Fwp%2Fv2%2Fpwb-brand&post=76288"},{"taxonomy":"product_cat","embeddable":true,"href":"https:\/\/www.autonvaraosahaku.fi\/index.php?rest_route=%2Fwp%2Fv2%2Fproduct_cat&post=76288"},{"taxonomy":"product_tag","embeddable":true,"href":"https:\/\/www.autonvaraosahaku.fi\/index.php?rest_route=%2Fwp%2Fv2%2Fproduct_tag&post=76288"}],"curies":[{"name":"wp","href":"https:\/\/api.w.org\/{rel}","templated":true}]}}