{"id":76290,"date":"2021-02-21T19:45:02","date_gmt":"2021-02-21T19:45:02","guid":{"rendered":"https:\/\/www.autonvaraosahaku.fi\/?product=mapco-47661-jarrulevyt"},"modified":"2021-02-21T19:45:04","modified_gmt":"2021-02-21T19:45:04","slug":"mapco-47661-jarrulevyt","status":"publish","type":"product","link":"https:\/\/www.autonvaraosahaku.fi\/?product=mapco-47661-jarrulevyt","title":{"rendered":"MAPCO 47661 Jarrulevyt"},"content":{"rendered":"<p>M\u00e4\u00e4r\u00e4yksikk\u00f6: Sarja; moniosainen: moniosainen; Jarruj\u00e4rjestelm\u00e4: ATE; Asennuspuoli: Etuakseli; Jarrulevytyyppi: Tuuletettu; Reikien m\u00e4\u00e4r\u00e4: 5; Jarrulevyn paksuus (mm): 28; Ulkol\u00e4pimitta [mm]: 300; Vannekoko (tuumaa): 16; LAND ROVER: FREELANDER 2 FA_,RANGE ROVER EVOQUE LV; VOLVO: V70 III BW,V60,XC70 II,S80 II AS,S60 II; FORD: S-MAX WA6,GALAXY WA6<\/p>\n","protected":false},"excerpt":{"rendered":"<p>MAPCO Jarrupalasarja Levyjarru 47661  LAND ROVER,VOLVO,FORD,FREELANDER 2 FA_,RANGE ROVER EVOQUE LV,V70 III BW,V60,XC70 II,S80 II AS,S60 II,S-MAX WA6<\/p>\n","protected":false},"featured_media":0,"template":"","meta":{"site-sidebar-layout":"default","site-content-layout":"default","ast-global-header-display":"","ast-main-header-display":"","ast-hfb-above-header-display":"","ast-hfb-below-header-display":"","ast-hfb-mobile-header-display":"","site-post-title":"","ast-breadcrumbs-content":"","ast-featured-img":"","footer-sml-layout":"","theme-transparent-header-meta":"","adv-header-id-meta":"","stick-header-meta":"","header-above-stick-meta":"","header-main-stick-meta":"","header-below-stick-meta":""},"pwb-brand":[36],"product_cat":[66],"product_tag":[],"class_list":{"0":"post-76290","1":"product","2":"type-product","3":"status-publish","5":"pwb-brand-mapco","6":"product_cat-jarrulevyt","7":"desktop-align-left","8":"tablet-align-left","9":"mobile-align-left","11":"first","12":"instock","13":"product-type-external"},"brands":[{"id":36,"name":"MAPCO","slug":"mapco"}],"_links":{"self":[{"href":"https:\/\/www.autonvaraosahaku.fi\/index.php?rest_route=\/wp\/v2\/product\/76290","targetHints":{"allow":["GET"]}}],"collection":[{"href":"https:\/\/www.autonvaraosahaku.fi\/index.php?rest_route=\/wp\/v2\/product"}],"about":[{"href":"https:\/\/www.autonvaraosahaku.fi\/index.php?rest_route=\/wp\/v2\/types\/product"}],"wp:attachment":[{"href":"https:\/\/www.autonvaraosahaku.fi\/index.php?rest_route=%2Fwp%2Fv2%2Fmedia&parent=76290"}],"wp:term":[{"taxonomy":"pwb-brand","embeddable":true,"href":"https:\/\/www.autonvaraosahaku.fi\/index.php?rest_route=%2Fwp%2Fv2%2Fpwb-brand&post=76290"},{"taxonomy":"product_cat","embeddable":true,"href":"https:\/\/www.autonvaraosahaku.fi\/index.php?rest_route=%2Fwp%2Fv2%2Fproduct_cat&post=76290"},{"taxonomy":"product_tag","embeddable":true,"href":"https:\/\/www.autonvaraosahaku.fi\/index.php?rest_route=%2Fwp%2Fv2%2Fproduct_tag&post=76290"}],"curies":[{"name":"wp","href":"https:\/\/api.w.org\/{rel}","templated":true}]}}