{"id":76306,"date":"2021-02-21T19:45:02","date_gmt":"2021-02-21T19:45:02","guid":{"rendered":"https:\/\/www.autonvaraosahaku.fi\/?product=frigair-1306-5331-raitisilmasuodatin"},"modified":"2021-02-21T19:45:08","modified_gmt":"2021-02-21T19:45:08","slug":"frigair-1306-5331-raitisilmasuodatin","status":"publish","type":"product","link":"https:\/\/www.autonvaraosahaku.fi\/?product=frigair-1306-5331-raitisilmasuodatin","title":{"rendered":"FRIGAIR 1306.5331 Raitisilmasuodatin"},"content":{"rendered":"<p>Varustelumahdollisuudet: Singolo \/ Single; Pituus 1 (mm): 214; Korkeus 1 (mm): 214; Paksuus 1 [mm]: 25; Vaihteistomalli: f\u00fcr Schaltgetriebe; SMART: FORTWO Coupe 451,FORTWO Cabrio 451; 4518300018, 4518350247, A4518300018, A4518350247; Sis\u00e4ilmansuodatin,Suodatin, Sis\u00e4ilma<\/p>\n","protected":false},"excerpt":{"rendered":"<p>FRIGAIR Raitisilmasuodatin 1306.5331 Sis\u00e4ilmansuodatin,Suodatin, Sis\u00e4ilma SMART,FORTWO Coupe 451,FORTWO Cabrio 451<\/p>\n","protected":false},"featured_media":0,"template":"","meta":{"site-sidebar-layout":"default","site-content-layout":"default","ast-global-header-display":"","ast-main-header-display":"","ast-hfb-above-header-display":"","ast-hfb-below-header-display":"","ast-hfb-mobile-header-display":"","site-post-title":"","ast-breadcrumbs-content":"","ast-featured-img":"","footer-sml-layout":"","theme-transparent-header-meta":"","adv-header-id-meta":"","stick-header-meta":"","header-above-stick-meta":"","header-main-stick-meta":"","header-below-stick-meta":""},"pwb-brand":[460],"product_cat":[19],"product_tag":[],"class_list":{"0":"post-76306","1":"product","2":"type-product","3":"status-publish","5":"pwb-brand-frigair","6":"product_cat-raitisilmasuodatin","7":"desktop-align-left","8":"tablet-align-left","9":"mobile-align-left","11":"first","12":"instock","13":"product-type-external"},"brands":[{"id":460,"name":"FRIGAIR","slug":"frigair"}],"_links":{"self":[{"href":"https:\/\/www.autonvaraosahaku.fi\/index.php?rest_route=\/wp\/v2\/product\/76306","targetHints":{"allow":["GET"]}}],"collection":[{"href":"https:\/\/www.autonvaraosahaku.fi\/index.php?rest_route=\/wp\/v2\/product"}],"about":[{"href":"https:\/\/www.autonvaraosahaku.fi\/index.php?rest_route=\/wp\/v2\/types\/product"}],"wp:attachment":[{"href":"https:\/\/www.autonvaraosahaku.fi\/index.php?rest_route=%2Fwp%2Fv2%2Fmedia&parent=76306"}],"wp:term":[{"taxonomy":"pwb-brand","embeddable":true,"href":"https:\/\/www.autonvaraosahaku.fi\/index.php?rest_route=%2Fwp%2Fv2%2Fpwb-brand&post=76306"},{"taxonomy":"product_cat","embeddable":true,"href":"https:\/\/www.autonvaraosahaku.fi\/index.php?rest_route=%2Fwp%2Fv2%2Fproduct_cat&post=76306"},{"taxonomy":"product_tag","embeddable":true,"href":"https:\/\/www.autonvaraosahaku.fi\/index.php?rest_route=%2Fwp%2Fv2%2Fproduct_tag&post=76306"}],"curies":[{"name":"wp","href":"https:\/\/api.w.org\/{rel}","templated":true}]}}