{"id":76312,"date":"2021-02-21T19:45:10","date_gmt":"2021-02-21T19:45:10","guid":{"rendered":"https:\/\/www.autonvaraosahaku.fi\/?product=ajusa-51008400-kannentiiviste"},"modified":"2021-02-21T19:45:12","modified_gmt":"2021-02-21T19:45:12","slug":"ajusa-51008400-kannentiiviste","status":"publish","type":"product","link":"https:\/\/www.autonvaraosahaku.fi\/?product=ajusa-51008400-kannentiiviste","title":{"rendered":"AJUSA 51008400 Kannentiiviste"},"content":{"rendered":"<p>Lis\u00e4tarvike\/lis\u00e4tieto: Ilman sylinterikannen tiivistett\u00e4, Venttiilivarren tiivisteell\u00e4; Vain jnk. yhteydess\u00e4: 81000600; Paino [g]: 459,44; TECDOC-moottorinumero: 227; VW: TRANSPORTER IV Bus 70XB, 70XC, 7DB, 7DW,TRANSPORTER IV Kasten 70XA,TRANSPORTER IV Pritsche\/Fahrgestell 70XD; AUDI: 100 4A, C4,100 44, 44Q, C3,100 Avant 4A, C4,100 Avant 44, 44Q, C3<\/p>\n","protected":false},"excerpt":{"rendered":"<p>AJUSA T\u00e4ydellinen Tiivistesarja Moottori 51008400  VW,AUDI,TRANSPORTER IV Bus 70XB, 70XC, 7DB, 7DW,TRANSPORTER IV Kasten 70XA<\/p>\n","protected":false},"featured_media":0,"template":"","meta":{"site-sidebar-layout":"default","site-content-layout":"default","ast-global-header-display":"","ast-main-header-display":"","ast-hfb-above-header-display":"","ast-hfb-below-header-display":"","ast-hfb-mobile-header-display":"","site-post-title":"","ast-breadcrumbs-content":"","ast-featured-img":"","footer-sml-layout":"","theme-transparent-header-meta":"","adv-header-id-meta":"","stick-header-meta":"","header-above-stick-meta":"","header-main-stick-meta":"","header-below-stick-meta":""},"pwb-brand":[211],"product_cat":[230],"product_tag":[],"class_list":{"0":"post-76312","1":"product","2":"type-product","3":"status-publish","5":"pwb-brand-ajusa","6":"product_cat-kannentiiviste","7":"desktop-align-left","8":"tablet-align-left","9":"mobile-align-left","11":"first","12":"instock","13":"product-type-external"},"brands":[{"id":211,"name":"AJUSA","slug":"ajusa"}],"_links":{"self":[{"href":"https:\/\/www.autonvaraosahaku.fi\/index.php?rest_route=\/wp\/v2\/product\/76312","targetHints":{"allow":["GET"]}}],"collection":[{"href":"https:\/\/www.autonvaraosahaku.fi\/index.php?rest_route=\/wp\/v2\/product"}],"about":[{"href":"https:\/\/www.autonvaraosahaku.fi\/index.php?rest_route=\/wp\/v2\/types\/product"}],"wp:attachment":[{"href":"https:\/\/www.autonvaraosahaku.fi\/index.php?rest_route=%2Fwp%2Fv2%2Fmedia&parent=76312"}],"wp:term":[{"taxonomy":"pwb-brand","embeddable":true,"href":"https:\/\/www.autonvaraosahaku.fi\/index.php?rest_route=%2Fwp%2Fv2%2Fpwb-brand&post=76312"},{"taxonomy":"product_cat","embeddable":true,"href":"https:\/\/www.autonvaraosahaku.fi\/index.php?rest_route=%2Fwp%2Fv2%2Fproduct_cat&post=76312"},{"taxonomy":"product_tag","embeddable":true,"href":"https:\/\/www.autonvaraosahaku.fi\/index.php?rest_route=%2Fwp%2Fv2%2Fproduct_tag&post=76312"}],"curies":[{"name":"wp","href":"https:\/\/api.w.org\/{rel}","templated":true}]}}