{"id":76329,"date":"2021-02-21T19:45:21","date_gmt":"2021-02-21T19:45:21","guid":{"rendered":"https:\/\/www.autonvaraosahaku.fi\/?product=mapco-26822-pyoranlaakerit"},"modified":"2021-02-21T19:45:24","modified_gmt":"2021-02-21T19:45:24","slug":"mapco-26822-pyoranlaakerit","status":"publish","type":"product","link":"https:\/\/www.autonvaraosahaku.fi\/?product=mapco-26822-pyoranlaakerit","title":{"rendered":"MAPCO 26822 Py\u00f6r\u00e4nlaakerit"},"content":{"rendered":"<p>Asennuspuoli: etuakseli molemminpuoleinen; Leveys (mm): 20, 21,3; Sis\u00e4l\u00e4pimitta [mm]: 45, 40; Ulkol\u00e4pimitta [mm]: 75, 68; Valmistusvuoteen: 12\/1990; CHEVROLET: COLORADO; OPEL: FRONTERA B 6B_,FRONTERA A Sport 5_SUD2,FRONTERA A 5_MWL4,CAMPO TF_,MONTEREY A UBS_,MONTEREY B; VAUXHALL: FRONTERA Mk II B,FRONTERA Mk I A,MONTEREY,FRONTERA Mk I A Sport,BRAVA Pick-up; ISUZU: D-MAX 8DH,TROOPER UBS,D-MAX Pritsche\/Fahrgestell 8DH,TROOPER,TROOPER Soft Top UBS,TROOPER UB,CAMPO KB,TROOPER Soft Top,TROOPER Soft Top UB; 9004366014, 894227041, 8942270410, 894227440, 8942588192, 8944077110, 8971183060, 8971183070, 8980365940, 0328109, 0330020, 0330023, 94258819; Py\u00f6r\u00e4nlaakerisarja<\/p>\n","protected":false},"excerpt":{"rendered":"<p>MAPCO Py\u00f6r\u00e4nlaakerit 26822 Py\u00f6r\u00e4nlaakerisarja CHEVROLET,OPEL,VAUXHALL,COLORADO,FRONTERA B 6B_,FRONTERA A Sport 5_SUD2,FRONTERA A 5_MWL4,CAMPO TF_<\/p>\n","protected":false},"featured_media":0,"template":"","meta":{"site-sidebar-layout":"default","site-content-layout":"default","ast-global-header-display":"","ast-main-header-display":"","ast-hfb-above-header-display":"","ast-hfb-below-header-display":"","ast-hfb-mobile-header-display":"","site-post-title":"","ast-breadcrumbs-content":"","ast-featured-img":"","footer-sml-layout":"","theme-transparent-header-meta":"","adv-header-id-meta":"","stick-header-meta":"","header-above-stick-meta":"","header-main-stick-meta":"","header-below-stick-meta":""},"pwb-brand":[36],"product_cat":[83],"product_tag":[],"class_list":{"0":"post-76329","1":"product","2":"type-product","3":"status-publish","5":"pwb-brand-mapco","6":"product_cat-pyoranlaakerit","7":"desktop-align-left","8":"tablet-align-left","9":"mobile-align-left","11":"first","12":"instock","13":"product-type-external"},"brands":[{"id":36,"name":"MAPCO","slug":"mapco"}],"_links":{"self":[{"href":"https:\/\/www.autonvaraosahaku.fi\/index.php?rest_route=\/wp\/v2\/product\/76329","targetHints":{"allow":["GET"]}}],"collection":[{"href":"https:\/\/www.autonvaraosahaku.fi\/index.php?rest_route=\/wp\/v2\/product"}],"about":[{"href":"https:\/\/www.autonvaraosahaku.fi\/index.php?rest_route=\/wp\/v2\/types\/product"}],"wp:attachment":[{"href":"https:\/\/www.autonvaraosahaku.fi\/index.php?rest_route=%2Fwp%2Fv2%2Fmedia&parent=76329"}],"wp:term":[{"taxonomy":"pwb-brand","embeddable":true,"href":"https:\/\/www.autonvaraosahaku.fi\/index.php?rest_route=%2Fwp%2Fv2%2Fpwb-brand&post=76329"},{"taxonomy":"product_cat","embeddable":true,"href":"https:\/\/www.autonvaraosahaku.fi\/index.php?rest_route=%2Fwp%2Fv2%2Fproduct_cat&post=76329"},{"taxonomy":"product_tag","embeddable":true,"href":"https:\/\/www.autonvaraosahaku.fi\/index.php?rest_route=%2Fwp%2Fv2%2Fproduct_tag&post=76329"}],"curies":[{"name":"wp","href":"https:\/\/api.w.org\/{rel}","templated":true}]}}