{"id":76336,"date":"2021-02-21T19:45:21","date_gmt":"2021-02-21T19:45:21","guid":{"rendered":"https:\/\/www.autonvaraosahaku.fi\/?product=febi-bilstein-32796-pyoranpultit"},"modified":"2021-02-21T19:45:27","modified_gmt":"2021-02-21T19:45:27","slug":"febi-bilstein-32796-pyoranpultit","status":"publish","type":"product","link":"https:\/\/www.autonvaraosahaku.fi\/?product=febi-bilstein-32796-pyoranpultit","title":{"rendered":"FEBI BILSTEIN 32796 Py\u00f6r\u00e4npultit"},"content":{"rendered":"<p>Pituus (mm): 89,5; Ulkokierre [mm]: M22 x 1,5; Kierteen pituus (mm): 50; Laatu \/ luokka: 10.9; Runkopituus [mm]: 14; Materiaali: Ter\u00e4s; Pinta: Sinkki-liuska-pinnoite; Ruuvin pituus ilman p\u00e4\u00e4t\u00e4: 79; Asennuspuoli: etuakseli molemminpuoleinen, Taka-akseli, molemminpuolinen; Py\u00e4lletyn osan halkaisija [mm]: 25,5; Ruuvikanta-\u00d8 [mm]: 36; Paino [kg]: 0,31, 0,31; Moottorinumero: D16B520; VOLVO: 7700,8300,8500,8700,9400,9700,9900,B12,B6,B7,FH,FH II,FH12,FH16,FH16 II,FL,FL6,FM,FM12,FM9,FMX,FMX II; RENAULT TRUCKS: C,D,K,MAGNUM,MIDLUM,PREMIUM 2,T; T203043, 7420515514, 20515514<\/p>\n","protected":false},"excerpt":{"rendered":"<p>FEBI BILSTEIN Py\u00f6r\u00e4npultit 32796  VOLVO,RENAULT TRUCKS,7700,8300,8500,8700,9400,9700,9900,B12,B6,B7,FH,FH II,FH12,FH16,FH16 II,FL,FL6,FM,FM12,FM9,FMX<\/p>\n","protected":false},"featured_media":0,"template":"","meta":{"site-sidebar-layout":"default","site-content-layout":"default","ast-global-header-display":"","ast-main-header-display":"","ast-hfb-above-header-display":"","ast-hfb-below-header-display":"","ast-hfb-mobile-header-display":"","site-post-title":"","ast-breadcrumbs-content":"","ast-featured-img":"","footer-sml-layout":"","theme-transparent-header-meta":"","adv-header-id-meta":"","stick-header-meta":"","header-above-stick-meta":"","header-main-stick-meta":"","header-below-stick-meta":""},"pwb-brand":[50],"product_cat":[51],"product_tag":[],"class_list":{"0":"post-76336","1":"product","2":"type-product","3":"status-publish","5":"pwb-brand-febi-bilstein","6":"product_cat-pyoranpultit","7":"desktop-align-left","8":"tablet-align-left","9":"mobile-align-left","11":"first","12":"instock","13":"product-type-external"},"brands":[{"id":50,"name":"FEBI BILSTEIN","slug":"febi-bilstein"}],"_links":{"self":[{"href":"https:\/\/www.autonvaraosahaku.fi\/index.php?rest_route=\/wp\/v2\/product\/76336","targetHints":{"allow":["GET"]}}],"collection":[{"href":"https:\/\/www.autonvaraosahaku.fi\/index.php?rest_route=\/wp\/v2\/product"}],"about":[{"href":"https:\/\/www.autonvaraosahaku.fi\/index.php?rest_route=\/wp\/v2\/types\/product"}],"wp:attachment":[{"href":"https:\/\/www.autonvaraosahaku.fi\/index.php?rest_route=%2Fwp%2Fv2%2Fmedia&parent=76336"}],"wp:term":[{"taxonomy":"pwb-brand","embeddable":true,"href":"https:\/\/www.autonvaraosahaku.fi\/index.php?rest_route=%2Fwp%2Fv2%2Fpwb-brand&post=76336"},{"taxonomy":"product_cat","embeddable":true,"href":"https:\/\/www.autonvaraosahaku.fi\/index.php?rest_route=%2Fwp%2Fv2%2Fproduct_cat&post=76336"},{"taxonomy":"product_tag","embeddable":true,"href":"https:\/\/www.autonvaraosahaku.fi\/index.php?rest_route=%2Fwp%2Fv2%2Fproduct_tag&post=76336"}],"curies":[{"name":"wp","href":"https:\/\/api.w.org\/{rel}","templated":true}]}}