{"id":76337,"date":"2021-02-21T19:45:21","date_gmt":"2021-02-21T19:45:21","guid":{"rendered":"https:\/\/www.autonvaraosahaku.fi\/?product=corteco-016254b-kannen-pultit"},"modified":"2021-02-21T19:45:27","modified_gmt":"2021-02-21T19:45:27","slug":"corteco-016254b-kannen-pultit","status":"publish","type":"product","link":"https:\/\/www.autonvaraosahaku.fi\/?product=corteco-016254b-kannen-pultit","title":{"rendered":"CORTECO 016254B Kannen pultit"},"content":{"rendered":"<p>Kierremitta: M10; Kierrenousu 1 [mm]: 1,50; Pituus (mm): 95; M\u00e4\u00e4r\u00e4: 14; Ruuvikanta\/mutteriprofiili: Torx, ulko; OE-numerolle: 11121721938; BMW: 5 E39,5 Touring E39,3 E36,7 E38,3 Coupe E36,Z3 E36,5 E34,3 Cabriolet E36,3 Touring E36,5 Touring E34,Z3 Coupe E36; 11121721938; Sylinterikannen Pultit,Syl.Kannen Pulttisarja<\/p>\n","protected":false},"excerpt":{"rendered":"<p>CORTECO Kannen Pultit 016254B Sylinterikannen Pultit,Syl.Kannen Pulttisarja BMW,5 E39,5 Touring E39,3 E36,7 E38,3 Coupe E36,Z3 E36,5 E34<\/p>\n","protected":false},"featured_media":0,"template":"","meta":{"site-sidebar-layout":"default","site-content-layout":"default","ast-global-header-display":"","ast-main-header-display":"","ast-hfb-above-header-display":"","ast-hfb-below-header-display":"","ast-hfb-mobile-header-display":"","site-post-title":"","ast-breadcrumbs-content":"","ast-featured-img":"","footer-sml-layout":"","theme-transparent-header-meta":"","adv-header-id-meta":"","stick-header-meta":"","header-above-stick-meta":"","header-main-stick-meta":"","header-below-stick-meta":""},"pwb-brand":[53],"product_cat":[67],"product_tag":[],"class_list":{"0":"post-76337","1":"product","2":"type-product","3":"status-publish","5":"pwb-brand-corteco","6":"product_cat-kannen-pultit","7":"desktop-align-left","8":"tablet-align-left","9":"mobile-align-left","11":"first","12":"instock","13":"product-type-external"},"brands":[{"id":53,"name":"CORTECO","slug":"corteco"}],"_links":{"self":[{"href":"https:\/\/www.autonvaraosahaku.fi\/index.php?rest_route=\/wp\/v2\/product\/76337","targetHints":{"allow":["GET"]}}],"collection":[{"href":"https:\/\/www.autonvaraosahaku.fi\/index.php?rest_route=\/wp\/v2\/product"}],"about":[{"href":"https:\/\/www.autonvaraosahaku.fi\/index.php?rest_route=\/wp\/v2\/types\/product"}],"wp:attachment":[{"href":"https:\/\/www.autonvaraosahaku.fi\/index.php?rest_route=%2Fwp%2Fv2%2Fmedia&parent=76337"}],"wp:term":[{"taxonomy":"pwb-brand","embeddable":true,"href":"https:\/\/www.autonvaraosahaku.fi\/index.php?rest_route=%2Fwp%2Fv2%2Fpwb-brand&post=76337"},{"taxonomy":"product_cat","embeddable":true,"href":"https:\/\/www.autonvaraosahaku.fi\/index.php?rest_route=%2Fwp%2Fv2%2Fproduct_cat&post=76337"},{"taxonomy":"product_tag","embeddable":true,"href":"https:\/\/www.autonvaraosahaku.fi\/index.php?rest_route=%2Fwp%2Fv2%2Fproduct_tag&post=76337"}],"curies":[{"name":"wp","href":"https:\/\/api.w.org\/{rel}","templated":true}]}}