{"id":76338,"date":"2021-02-21T19:45:21","date_gmt":"2021-02-21T19:45:21","guid":{"rendered":"https:\/\/www.autonvaraosahaku.fi\/?product=mapco-26012-pyorannapa"},"modified":"2021-02-21T19:45:28","modified_gmt":"2021-02-21T19:45:28","slug":"mapco-26012-pyorannapa","status":"publish","type":"product","link":"https:\/\/www.autonvaraosahaku.fi\/?product=mapco-26012-pyorannapa","title":{"rendered":"MAPCO 26012 Py\u00f6r\u00e4nnapa"},"content":{"rendered":"<p>Asennuspuoli: Etuakseli; L\u00e4pimitta 1\/l\u00e4pimitta 2 [mm]: 37,0\/59,0; Korkeus (mm): 71,5; Vanne, aukkoja: 4; Sis\u00e4hammastus, py\u00f6r\u00e4npuoli: 25; Paino [kg]: 1,3; Alustanumerosta: 604497; ABARTH: 500 \/ 595 312_,500C \/ 595C 312_; LANCIA: YPSILON 843,MUSA 350,LYBRA SW 839BX,DELTA I 831AB0,LYBRA 839AX,THEMA 834,DELTA II 836,DEDRA 835,DEDRA SW 835,THEMA SW 834; FORD: KA RU8; FIAT: PUNTO 188,PANDA 169,500 312,STILO 192,BRAVO II 198,BARCHETTA 183,500 C 312,PUNTO 176,STILO Multi Wagon 192,DUCATO Kasten 290,DUCATO Pritsche\/Fahrgestell 290,PANDA Van 169,DUCATO Kasten 280,DUCATO Pritsche\/Fahrgestell 280,IDEA,COUPE FA\/175,MULTIPLA 186,QUBO 225,PUNTO Van 188AX,DUCATO Panorama 280,BRAVO I 182,BRAVA 182,MAREA Weekend 185,DUCATO Panorama 290,FIORINO Kasten\/Kombi 225,LINEA 323,TIPO 160,CROMA 154,MAREA 185,TALENTO Pritsche\/Fahrgestell 290,TEMPRA 159,PUNTO Van 176L,TEMPRA S.W. 159,TALENTO Bus 290,TALENTO Kasten 290; CITRO\u00cbN: NEMO Kasten AA_,NEMO Kombi,C25 Bus 280_, 290_,C25 Pritsche\/Fahrgestell 280_, 290_,C25 Kasten 280_, 290_; ALFA ROMEO: 164 164,145 930,155 167,146 930; PEUGEOT: J5 Pritsche\/Fahrgestell 280L,J5 Pritsche\/Fahrgestell 290L,J5 Kasten 280L,BIPPER AA_,J5 Bus 290P,BIPPER Tepee,J5 Kasten 290L,J5 Bus 280P; 51824630, 51824630, 60751504, 60800548, 60801750, 7595521, 7645817, 7667265, 82390272, 82433787, 330795, 3307A3, 0060801750, 07667265, 51782550, 51785515, 51824630, 60751504, 60800548, 60801750, 7595521, 7645817, 7657422, 7667265, 7695521, 82390272, 82433787, 1541800, 1701249, AS511104AA, 51824630, 60751504, 60800548, 60801750, 7595521, 7645817, 7667265, 82390272, 82433787, 330795, 3307A3; Py\u00f6r\u00e4n Napa<\/p>\n","protected":false},"excerpt":{"rendered":"<p>MAPCO Py\u00f6r\u00e4nnapa 26012 Py\u00f6r\u00e4n Napa ABARTH,LANCIA,FORD,500 \/ 595 312_,500C \/ 595C 312_,YPSILON 843,MUSA 350,LYBRA SW 839BX,DELTA I 831AB0,LYBRA 839AX<\/p>\n","protected":false},"featured_media":0,"template":"","meta":{"site-sidebar-layout":"default","site-content-layout":"default","ast-global-header-display":"","ast-main-header-display":"","ast-hfb-above-header-display":"","ast-hfb-below-header-display":"","ast-hfb-mobile-header-display":"","site-post-title":"","ast-breadcrumbs-content":"","ast-featured-img":"","footer-sml-layout":"","theme-transparent-header-meta":"","adv-header-id-meta":"","stick-header-meta":"","header-above-stick-meta":"","header-main-stick-meta":"","header-below-stick-meta":""},"pwb-brand":[36],"product_cat":[257],"product_tag":[],"class_list":{"0":"post-76338","1":"product","2":"type-product","3":"status-publish","5":"pwb-brand-mapco","6":"product_cat-pyorannapa","7":"desktop-align-left","8":"tablet-align-left","9":"mobile-align-left","11":"first","12":"instock","13":"product-type-external"},"brands":[{"id":36,"name":"MAPCO","slug":"mapco"}],"_links":{"self":[{"href":"https:\/\/www.autonvaraosahaku.fi\/index.php?rest_route=\/wp\/v2\/product\/76338","targetHints":{"allow":["GET"]}}],"collection":[{"href":"https:\/\/www.autonvaraosahaku.fi\/index.php?rest_route=\/wp\/v2\/product"}],"about":[{"href":"https:\/\/www.autonvaraosahaku.fi\/index.php?rest_route=\/wp\/v2\/types\/product"}],"wp:attachment":[{"href":"https:\/\/www.autonvaraosahaku.fi\/index.php?rest_route=%2Fwp%2Fv2%2Fmedia&parent=76338"}],"wp:term":[{"taxonomy":"pwb-brand","embeddable":true,"href":"https:\/\/www.autonvaraosahaku.fi\/index.php?rest_route=%2Fwp%2Fv2%2Fpwb-brand&post=76338"},{"taxonomy":"product_cat","embeddable":true,"href":"https:\/\/www.autonvaraosahaku.fi\/index.php?rest_route=%2Fwp%2Fv2%2Fproduct_cat&post=76338"},{"taxonomy":"product_tag","embeddable":true,"href":"https:\/\/www.autonvaraosahaku.fi\/index.php?rest_route=%2Fwp%2Fv2%2Fproduct_tag&post=76338"}],"curies":[{"name":"wp","href":"https:\/\/api.w.org\/{rel}","templated":true}]}}