{"id":76353,"date":"2021-02-21T19:45:32","date_gmt":"2021-02-21T19:45:32","guid":{"rendered":"https:\/\/www.autonvaraosahaku.fi\/?product=mapco-15826-jarrulevyt"},"modified":"2021-02-21T19:45:34","modified_gmt":"2021-02-21T19:45:34","slug":"mapco-15826-jarrulevyt","status":"publish","type":"product","link":"https:\/\/www.autonvaraosahaku.fi\/?product=mapco-15826-jarrulevyt","title":{"rendered":"MAPCO 15826 Jarrulevyt"},"content":{"rendered":"<p>Asennuspuoli: Etuakseli; Jarrulevyn paksuus (mm): 22; Ulkol\u00e4pimitta [mm]: 258; Jarrulevytyyppi: Tuuletettu; Reik\u00e4ympyr\u00e4-\u00d8 [mm]: 108; Reikien m\u00e4\u00e4r\u00e4: 4; V\u00e4himm\u00e4ispaksuus (mm): 20; Paino [kg]: 5,15; Valmistusvuosi alkaen: 02\/2000; MAZDA: 2 DY,121 III JASM, JBSM; FORD: FIESTA V JH_, JD_,FOCUS Kombi DNW,FOCUS DAW, DBW,FIESTA IV JA_, JB_,FUSION JU_,KA RB_,FOCUS Stufenheck DFW,STREET KA RL2,PUMA EC_,FIESTA V Van,FIESTA Kasten J5_, J3_,FIESTA Kasten JV_; 1148202, 1320585, 1323620, 1373771, 1464916, 1522230, 3049893, 3555344, 3573537, 4077455, DD323325X, DD593325X, DD633325XA; Jarrulevy<\/p>\n","protected":false},"excerpt":{"rendered":"<p>MAPCO Jarrulevyt 15826 Jarrulevy MAZDA,FORD,2 DY,121 III JASM, JBSM,FIESTA V JH_, JD_,FOCUS Kombi DNW,FOCUS DAW, DBW,FIESTA IV JA_, JB_,FUSION JU_<\/p>\n","protected":false},"featured_media":0,"template":"","meta":{"site-sidebar-layout":"default","site-content-layout":"default","ast-global-header-display":"","ast-main-header-display":"","ast-hfb-above-header-display":"","ast-hfb-below-header-display":"","ast-hfb-mobile-header-display":"","site-post-title":"","ast-breadcrumbs-content":"","ast-featured-img":"","footer-sml-layout":"","theme-transparent-header-meta":"","adv-header-id-meta":"","stick-header-meta":"","header-above-stick-meta":"","header-main-stick-meta":"","header-below-stick-meta":""},"pwb-brand":[36],"product_cat":[66],"product_tag":[],"class_list":{"0":"post-76353","1":"product","2":"type-product","3":"status-publish","5":"pwb-brand-mapco","6":"product_cat-jarrulevyt","7":"desktop-align-left","8":"tablet-align-left","9":"mobile-align-left","11":"first","12":"instock","13":"product-type-external"},"brands":[{"id":36,"name":"MAPCO","slug":"mapco"}],"_links":{"self":[{"href":"https:\/\/www.autonvaraosahaku.fi\/index.php?rest_route=\/wp\/v2\/product\/76353","targetHints":{"allow":["GET"]}}],"collection":[{"href":"https:\/\/www.autonvaraosahaku.fi\/index.php?rest_route=\/wp\/v2\/product"}],"about":[{"href":"https:\/\/www.autonvaraosahaku.fi\/index.php?rest_route=\/wp\/v2\/types\/product"}],"wp:attachment":[{"href":"https:\/\/www.autonvaraosahaku.fi\/index.php?rest_route=%2Fwp%2Fv2%2Fmedia&parent=76353"}],"wp:term":[{"taxonomy":"pwb-brand","embeddable":true,"href":"https:\/\/www.autonvaraosahaku.fi\/index.php?rest_route=%2Fwp%2Fv2%2Fpwb-brand&post=76353"},{"taxonomy":"product_cat","embeddable":true,"href":"https:\/\/www.autonvaraosahaku.fi\/index.php?rest_route=%2Fwp%2Fv2%2Fproduct_cat&post=76353"},{"taxonomy":"product_tag","embeddable":true,"href":"https:\/\/www.autonvaraosahaku.fi\/index.php?rest_route=%2Fwp%2Fv2%2Fproduct_tag&post=76353"}],"curies":[{"name":"wp","href":"https:\/\/api.w.org\/{rel}","templated":true}]}}