{"id":76360,"date":"2021-02-21T19:45:32","date_gmt":"2021-02-21T19:45:32","guid":{"rendered":"https:\/\/www.autonvaraosahaku.fi\/?product=febi-bilstein-31134-iskunvaimentimen-suojakumi-pohjaanlyontikumi"},"modified":"2021-02-21T19:45:36","modified_gmt":"2021-02-21T19:45:36","slug":"febi-bilstein-31134-iskunvaimentimen-suojakumi-pohjaanlyontikumi","status":"publish","type":"product","link":"https:\/\/www.autonvaraosahaku.fi\/?product=febi-bilstein-31134-iskunvaimentimen-suojakumi-pohjaanlyontikumi","title":{"rendered":"FEBI BILSTEIN 31134 Iskunvaimentimen suojakumi &#038; pohjaanly\u00f6ntikumi"},"content":{"rendered":"<p>Paksuus [mm]: 37,0; Sis\u00e4l\u00e4pimitta [mm]: 90,0; Ulkol\u00e4pimitta [mm]: 125,0; Materiaali: Kumi; Asennuspuoli: Etuakseli, Yl\u00e4puolella; Paino [kg]: 0,09, 0,09; Organisaationumerosta: 08705; FIAT: SCUDO 270_,ULYSSE 179AX,SCUDO Kasten 270_,ULYSSE 220,SCUDO Kasten 220L,SCUDO Pritsche\/Fahrgestell 270_; PEUGEOT: 807 E,806 221,EXPERT Tepee VF3V_,EXPERT Kasten VF3A_, VF3U_, VF3X_,EXPERT Kasten 222,EXPERT 224,EXPERT Pritsche\/Fahrgestell 223,EXPERT Pritsche\/Fahrgestell; CITRO\u00cbN: C8 EA_, EB_,JUMPY,JUMPY Kasten,EVASION 22, U6,JUMPY U6U,JUMPY Kasten BS_, BT_, BY_, BZ_,JUMPY Pritsche\/Fahrgestell BU_, BV_, BW_, BX_,JUMPY Pritsche\/Fahrgestell; LANCIA: PHEDRA 179; 503150, 1326749080, 1326749080, 503150; Vaimennuskumi, Jousitus<\/p>\n","protected":false},"excerpt":{"rendered":"<p>FEBI BILSTEIN Pohjaanly\u00f6ntikumi 31134 Vaimennuskumi, Jousitus FIAT,PEUGEOT,CITRO\u00cbN,SCUDO 270_,ULYSSE 179AX,SCUDO Kasten 270_,ULYSSE 220<\/p>\n","protected":false},"featured_media":0,"template":"","meta":{"site-sidebar-layout":"default","site-content-layout":"default","ast-global-header-display":"","ast-main-header-display":"","ast-hfb-above-header-display":"","ast-hfb-below-header-display":"","ast-hfb-mobile-header-display":"","site-post-title":"","ast-breadcrumbs-content":"","ast-featured-img":"","footer-sml-layout":"","theme-transparent-header-meta":"","adv-header-id-meta":"","stick-header-meta":"","header-above-stick-meta":"","header-main-stick-meta":"","header-below-stick-meta":""},"pwb-brand":[50],"product_cat":[92],"product_tag":[],"class_list":{"0":"post-76360","1":"product","2":"type-product","3":"status-publish","5":"pwb-brand-febi-bilstein","6":"product_cat-iskunvaimentimen-suojakumi-pohjaanlyontikumi","7":"desktop-align-left","8":"tablet-align-left","9":"mobile-align-left","11":"first","12":"instock","13":"product-type-external"},"brands":[{"id":50,"name":"FEBI BILSTEIN","slug":"febi-bilstein"}],"_links":{"self":[{"href":"https:\/\/www.autonvaraosahaku.fi\/index.php?rest_route=\/wp\/v2\/product\/76360","targetHints":{"allow":["GET"]}}],"collection":[{"href":"https:\/\/www.autonvaraosahaku.fi\/index.php?rest_route=\/wp\/v2\/product"}],"about":[{"href":"https:\/\/www.autonvaraosahaku.fi\/index.php?rest_route=\/wp\/v2\/types\/product"}],"wp:attachment":[{"href":"https:\/\/www.autonvaraosahaku.fi\/index.php?rest_route=%2Fwp%2Fv2%2Fmedia&parent=76360"}],"wp:term":[{"taxonomy":"pwb-brand","embeddable":true,"href":"https:\/\/www.autonvaraosahaku.fi\/index.php?rest_route=%2Fwp%2Fv2%2Fpwb-brand&post=76360"},{"taxonomy":"product_cat","embeddable":true,"href":"https:\/\/www.autonvaraosahaku.fi\/index.php?rest_route=%2Fwp%2Fv2%2Fproduct_cat&post=76360"},{"taxonomy":"product_tag","embeddable":true,"href":"https:\/\/www.autonvaraosahaku.fi\/index.php?rest_route=%2Fwp%2Fv2%2Fproduct_tag&post=76360"}],"curies":[{"name":"wp","href":"https:\/\/api.w.org\/{rel}","templated":true}]}}