{"id":76383,"date":"2021-02-21T19:45:41","date_gmt":"2021-02-21T19:45:41","guid":{"rendered":"https:\/\/www.autonvaraosahaku.fi\/?product=swag-20-54-0007-jousijalan-tukilaakeri"},"modified":"2021-02-21T19:45:47","modified_gmt":"2021-02-21T19:45:47","slug":"swag-20-54-0007-jousijalan-tukilaakeri","status":"publish","type":"product","link":"https:\/\/www.autonvaraosahaku.fi\/?product=swag-20-54-0007-jousijalan-tukilaakeri","title":{"rendered":"SWAG 20 54 0007 Jousijalan tukilaakeri"},"content":{"rendered":"<p>Materiaali: Kumi-metalli; Asennuspuoli: etuakseli molemminpuoleinen, etuakseli molemminpuoleinen; Paino [kg]: 0,46, 0,46; Valmistusvuosi alkaen: 09\/1997; BMW: 3 E46,5 E39,3 Touring E46,X3 E83,5 Touring E39,3 Compact E46,3 Coupe E46,3 Cabriolet E46; 31331094616, 31336752735, 31336770568, 31352241445, 31352241445SK1, 31352284023, 31352284023SK1; Iskarin Yl\u00e4p\u00e4\u00e4,Iskunvaimentimen Yl\u00e4p\u00e4\u00e4<\/p>\n","protected":false},"excerpt":{"rendered":"<p>SWAG Jousijalan Tukilaakeri 20 54 0007 Iskarin Yl\u00e4p\u00e4\u00e4,Iskunvaimentimen Yl\u00e4p\u00e4\u00e4 BMW,3 E46,5 E39,3 Touring E46,X3 E83,5 Touring E39,3 Compact E46<\/p>\n","protected":false},"featured_media":0,"template":"","meta":{"site-sidebar-layout":"default","site-content-layout":"default","ast-global-header-display":"","ast-main-header-display":"","ast-hfb-above-header-display":"","ast-hfb-below-header-display":"","ast-hfb-mobile-header-display":"","site-post-title":"","ast-breadcrumbs-content":"","ast-featured-img":"","footer-sml-layout":"","theme-transparent-header-meta":"","adv-header-id-meta":"","stick-header-meta":"","header-above-stick-meta":"","header-main-stick-meta":"","header-below-stick-meta":""},"pwb-brand":[103],"product_cat":[45],"product_tag":[],"class_list":{"0":"post-76383","1":"product","2":"type-product","3":"status-publish","5":"pwb-brand-swag","6":"product_cat-jousijalan-tukilaakeri","7":"desktop-align-left","8":"tablet-align-left","9":"mobile-align-left","11":"first","12":"instock","13":"product-type-external"},"brands":[{"id":103,"name":"SWAG","slug":"swag"}],"_links":{"self":[{"href":"https:\/\/www.autonvaraosahaku.fi\/index.php?rest_route=\/wp\/v2\/product\/76383","targetHints":{"allow":["GET"]}}],"collection":[{"href":"https:\/\/www.autonvaraosahaku.fi\/index.php?rest_route=\/wp\/v2\/product"}],"about":[{"href":"https:\/\/www.autonvaraosahaku.fi\/index.php?rest_route=\/wp\/v2\/types\/product"}],"wp:attachment":[{"href":"https:\/\/www.autonvaraosahaku.fi\/index.php?rest_route=%2Fwp%2Fv2%2Fmedia&parent=76383"}],"wp:term":[{"taxonomy":"pwb-brand","embeddable":true,"href":"https:\/\/www.autonvaraosahaku.fi\/index.php?rest_route=%2Fwp%2Fv2%2Fpwb-brand&post=76383"},{"taxonomy":"product_cat","embeddable":true,"href":"https:\/\/www.autonvaraosahaku.fi\/index.php?rest_route=%2Fwp%2Fv2%2Fproduct_cat&post=76383"},{"taxonomy":"product_tag","embeddable":true,"href":"https:\/\/www.autonvaraosahaku.fi\/index.php?rest_route=%2Fwp%2Fv2%2Fproduct_tag&post=76383"}],"curies":[{"name":"wp","href":"https:\/\/api.w.org\/{rel}","templated":true}]}}