{"id":76384,"date":"2021-02-21T19:45:41","date_gmt":"2021-02-21T19:45:41","guid":{"rendered":"https:\/\/www.autonvaraosahaku.fi\/?product=wahler-7523d-kaasulappakotelo"},"modified":"2021-02-21T19:45:47","modified_gmt":"2021-02-21T19:45:47","slug":"wahler-7523d-kaasulappakotelo","status":"publish","type":"product","link":"https:\/\/www.autonvaraosahaku.fi\/?product=wahler-7523d-kaasulappakotelo","title":{"rendered":"WAHLER 7523D Kaasul\u00e4pp\u00e4kotelo"},"content":{"rendered":"<p>K\u00e4ytt\u00f6: S\u00e4hk\u00f6inen; Lis\u00e4tarvike\/lis\u00e4tieto: Tiivisteill\u00e4; Napojen m\u00e4\u00e4r\u00e4: 4; Vakiovaruste: ; Valmistaja rajaus: WAHLER; IVECO: DAILY IV Kasten\/Kombi,DAILY IV Pritsche\/Fahrgestell,MASSIF Station Wagon,DAILY IV Kipper,MASSIF Single Cab,MASSIF Pick-up; FIAT: DUCATO Kasten 250,DUCATO Pritsche\/Fahrgestell 250,DUCATO Bus 250; CITRO\u00cbN: JUMPER Kasten,JUMPER Bus,JUMPER Pritsche\/Fahrgestell; PEUGEOT: BOXER Kasten,BOXER Bus,BOXER Pritsche\/Fahrgestell; MULTICAR: Fumo; 163638, 163671, 504105594, 504264089, 504345917, 504105594, 504264089, 504345917, 163638, 163671; Kaasul\u00e4pp\u00e4,Kaasul\u00e4p\u00e4n Kotelo<\/p>\n","protected":false},"excerpt":{"rendered":"<p>WAHLER Kaasul\u00e4pp\u00e4kotelo 7523D Kaasul\u00e4pp\u00e4,Kaasul\u00e4p\u00e4n Kotelo IVECO,FIAT,CITRO\u00cbN,DAILY IV Kasten\/Kombi,DAILY IV Pritsche\/Fahrgestell,MASSIF Station Wagon<\/p>\n","protected":false},"featured_media":0,"template":"","meta":{"site-sidebar-layout":"default","site-content-layout":"default","ast-global-header-display":"","ast-main-header-display":"","ast-hfb-above-header-display":"","ast-hfb-below-header-display":"","ast-hfb-mobile-header-display":"","site-post-title":"","ast-breadcrumbs-content":"","ast-featured-img":"","footer-sml-layout":"","theme-transparent-header-meta":"","adv-header-id-meta":"","stick-header-meta":"","header-above-stick-meta":"","header-main-stick-meta":"","header-below-stick-meta":""},"pwb-brand":[446],"product_cat":[277],"product_tag":[],"class_list":{"0":"post-76384","1":"product","2":"type-product","3":"status-publish","5":"pwb-brand-wahler","6":"product_cat-kaasulappakotelo","7":"desktop-align-left","8":"tablet-align-left","9":"mobile-align-left","11":"first","12":"instock","13":"product-type-external"},"brands":[{"id":446,"name":"WAHLER","slug":"wahler"}],"_links":{"self":[{"href":"https:\/\/www.autonvaraosahaku.fi\/index.php?rest_route=\/wp\/v2\/product\/76384","targetHints":{"allow":["GET"]}}],"collection":[{"href":"https:\/\/www.autonvaraosahaku.fi\/index.php?rest_route=\/wp\/v2\/product"}],"about":[{"href":"https:\/\/www.autonvaraosahaku.fi\/index.php?rest_route=\/wp\/v2\/types\/product"}],"wp:attachment":[{"href":"https:\/\/www.autonvaraosahaku.fi\/index.php?rest_route=%2Fwp%2Fv2%2Fmedia&parent=76384"}],"wp:term":[{"taxonomy":"pwb-brand","embeddable":true,"href":"https:\/\/www.autonvaraosahaku.fi\/index.php?rest_route=%2Fwp%2Fv2%2Fpwb-brand&post=76384"},{"taxonomy":"product_cat","embeddable":true,"href":"https:\/\/www.autonvaraosahaku.fi\/index.php?rest_route=%2Fwp%2Fv2%2Fproduct_cat&post=76384"},{"taxonomy":"product_tag","embeddable":true,"href":"https:\/\/www.autonvaraosahaku.fi\/index.php?rest_route=%2Fwp%2Fv2%2Fproduct_tag&post=76384"}],"curies":[{"name":"wp","href":"https:\/\/api.w.org\/{rel}","templated":true}]}}