{"id":76413,"date":"2021-02-21T19:45:58","date_gmt":"2021-02-21T19:45:58","guid":{"rendered":"https:\/\/www.autonvaraosahaku.fi\/?product=corteco-20036190b-kampiakselin-tiiviste"},"modified":"2021-02-21T19:46:00","modified_gmt":"2021-02-21T19:46:00","slug":"corteco-20036190b-kampiakselin-tiiviste","status":"publish","type":"product","link":"https:\/\/www.autonvaraosahaku.fi\/?product=corteco-20036190b-kampiakselin-tiiviste","title":{"rendered":"CORTECO 20036190B Kampiakselin tiiviste"},"content":{"rendered":"<p>Asennuspuoli: Vaihteiston puoli; Sis\u00e4l\u00e4pimitta 1 [mm]: 90; Ulkol\u00e4pimitta 1 [mm]: 110; Korkeus 1 (mm): 7; Materiaali: FPM (fluori-kumi); Rihlamalli: Vasen kierre; Suojavaippa: Suojakumilla; Moottorinumero: AHR (DW10FD); VOLVO: S40 II MS; SUZUKI: GRAND VITARA I FT; LANCIA: PHEDRA 179; FORD: FOCUS II Kombi DA_,MONDEO IV Turnier BA7,FOCUS II DA_,S-MAX WA6,FOCUS III Turnier,FOCUS C-MAX,GALAXY WA6,KUGA I,C-MAX DM2,FOCUS III,C-MAX II,MONDEO IV BA7,KUGA II DM2,GRAND C-MAX,FOCUS II Stufenheck DA_,FOCUS II Cabriolet,FOCUS III Stufenheck,MONDEO IV Stufenheck BA7,MONDEO V Turnier,S-MAX,MONDEO V Stufenheck,GRAND C-MAX Van,GALAXY,MONDEO V Schr\u00e4gheck,C-MAX II Van,KUGA II Van,FOCUS III Kasten\/Schr\u00e4gheck; FIAT: SCUDO 270_,ULYSSE 179AX,SCUDO Kasten 270_,SCUDO Pritsche\/Fahrgestell 270_; CITRO\u00cbN: BERLINGO MF,XSARA PICASSO N68,C5 III Break TD_,C4 Picasso I UD_,C4 Grand Picasso I UA_,C8 EA_, EB_,C4 I LC_,JUMPER Kasten,BERLINGO Kasten M_,C5 II Break RE_,C5 I DC_,C5 I Break DE_,C5 III RD_,XSARA N1,C4 Coupe LA_,C4 II B7,C5 II RC_,C-CROSSER EP_,XSARA Break N2,JUMPY,JUMPER Kasten 244,C6 TD_,JUMPY Kasten,C4 Grand Picasso II,C4 Picasso II,DS4,XSARA Coupe N0,JUMPER Bus,DS5,C4 Stufenheck L,JUMPER Pritsche\/Fahrgestell,JUMPY U6U,JUMPY Kasten BS_, BT_, BY_, BZ_,C-CROSSER ENTERPRISE,JUMPER Bus 244, Z_,JUMPER Pritsche\/Fahrgestell 244,C15 VD-_,JUMPY Pritsche\/Fahrgestell BU_, BV_, BW_, BX_,SPACETOURER,C4 Stufenheck N,JUMPY Pritsche\/Fahrgestell,XSARA Kasten\/Schr\u00e4gheck; PEUGEOT: 206 Schr\u00e4gheck 2A\/C,207 WA_, WC_,307 SW 3H,307 CC 3B,407 SW 6E_,307 3A\/C,207 SW WK_,308 SW,206 SW 2E\/K,807 E,308 4A_, 4C_,BOXER Kasten,5008,307 Break 3E,508 SW,607 9D, 9U,407 6D_,3008,406 Break 8E\/F,RCZ,308 CC,PARTNER Combispace 5F,4007 GP_,PARTNER Kasten 5,406 Coupe 8C,406 8B,508,407 Coupe 6C_,EXPERT Tepee VF3V_,EXPERT Kasten VF3A_, VF3U_, VF3X_,BOXER Kasten 244,307 Stufenheck,BOXER Bus,207 Stufenheck,EXPERT Kasten 222,BOXER Pritsche\/Fahrgestell,308 II,BOXER Bus 244, Z_,206 Van,EXPERT 224,BOXER Pritsche\/Fahrgestell 244,EXPERT Pritsche\/Fahrgestell 223,308 SW II,EXPERT Pritsche\/Fahrgestell,3008 SUV,EXPERT Kasten,5008 II,PARTNER Pritsche\/Fahrgestell,TRAVELLER; DS: DS5,DS 4 \/ DS 4 CROSSBACK; 012745, 9400127459, 9645863280, 1231923, 1313840, 1350607, 1826504, 3M5Q6701BA, 3M5Q6701BB, 3M5Q6701BC, 3M5Q6701BD, 012745, 1612166G01, 1612166G01000, 30725004, 30757228, 8653738; Akselitiiviste, Kampiakseli<\/p>\n","protected":false},"excerpt":{"rendered":"<p>CORTECO Kampiakselin Tiiviste 20036190B Akselitiiviste, Kampiakseli VOLVO,SUZUKI,LANCIA,S40 II MS,GRAND VITARA I FT,PHEDRA 179,FOCUS II Kombi DA_<\/p>\n","protected":false},"featured_media":0,"template":"","meta":{"site-sidebar-layout":"default","site-content-layout":"default","ast-global-header-display":"","ast-main-header-display":"","ast-hfb-above-header-display":"","ast-hfb-below-header-display":"","ast-hfb-mobile-header-display":"","site-post-title":"","ast-breadcrumbs-content":"","ast-featured-img":"","footer-sml-layout":"","theme-transparent-header-meta":"","adv-header-id-meta":"","stick-header-meta":"","header-above-stick-meta":"","header-main-stick-meta":"","header-below-stick-meta":""},"pwb-brand":[53],"product_cat":[88],"product_tag":[],"class_list":{"0":"post-76413","1":"product","2":"type-product","3":"status-publish","5":"pwb-brand-corteco","6":"product_cat-kampiakselin-tiiviste","7":"desktop-align-left","8":"tablet-align-left","9":"mobile-align-left","11":"first","12":"instock","13":"product-type-external"},"brands":[{"id":53,"name":"CORTECO","slug":"corteco"}],"_links":{"self":[{"href":"https:\/\/www.autonvaraosahaku.fi\/index.php?rest_route=\/wp\/v2\/product\/76413","targetHints":{"allow":["GET"]}}],"collection":[{"href":"https:\/\/www.autonvaraosahaku.fi\/index.php?rest_route=\/wp\/v2\/product"}],"about":[{"href":"https:\/\/www.autonvaraosahaku.fi\/index.php?rest_route=\/wp\/v2\/types\/product"}],"wp:attachment":[{"href":"https:\/\/www.autonvaraosahaku.fi\/index.php?rest_route=%2Fwp%2Fv2%2Fmedia&parent=76413"}],"wp:term":[{"taxonomy":"pwb-brand","embeddable":true,"href":"https:\/\/www.autonvaraosahaku.fi\/index.php?rest_route=%2Fwp%2Fv2%2Fpwb-brand&post=76413"},{"taxonomy":"product_cat","embeddable":true,"href":"https:\/\/www.autonvaraosahaku.fi\/index.php?rest_route=%2Fwp%2Fv2%2Fproduct_cat&post=76413"},{"taxonomy":"product_tag","embeddable":true,"href":"https:\/\/www.autonvaraosahaku.fi\/index.php?rest_route=%2Fwp%2Fv2%2Fproduct_tag&post=76413"}],"curies":[{"name":"wp","href":"https:\/\/api.w.org\/{rel}","templated":true}]}}