{"id":76438,"date":"2021-02-21T19:46:06","date_gmt":"2021-02-21T19:46:06","guid":{"rendered":"https:\/\/www.autonvaraosahaku.fi\/?product=trw-gdb3418-jarrupalat"},"modified":"2021-02-21T19:46:09","modified_gmt":"2021-02-21T19:46:09","slug":"trw-gdb3418-jarrupalat","status":"publish","type":"product","link":"https:\/\/www.autonvaraosahaku.fi\/?product=trw-gdb3418-jarrupalat","title":{"rendered":"TRW GDB3418 Jarrupalat"},"content":{"rendered":"<p>Pituus (mm): 156,7; Paksuus [mm]: 17,2; Korkeus (mm): 61,0; Valmistaja rajaus: MANDO; Kulumisenilmaisimen liitos: akustisella kulumavaroittimella; Tarkistuskilpi: E9 90R &#8211; 01107\/2242; M\u00e4\u00e4r\u00e4yksikk\u00f6: Akselisarja; Tuotelinja: COTEC; Asennuspuoli: Vorderachse; HYUNDAI: SANTA F\u00c9 I SM,SANTA F\u00c9 II CM,SANTA F\u00c9 III DM,GRAND SANTA F\u00c9; KIA: SORENTO II XM; SSANGYONG: KORANDO,ACTYON SPORTS I QJ,ACTYON SPORTS II,ACTYON II; 581012BA00, 581012BA10, 581012PA70, 581012WA70, 581014DA60, 581014DU00, 581012PA70, 581012WA70, 581014DA60, 581014DU00, 48130341A0; Jarrupalasarja,Jarrupala, Levyjarru<\/p>\n","protected":false},"excerpt":{"rendered":"<p>TRW Jarrupalat GDB3418 Jarrupalasarja,Jarrupala, Levyjarru HYUNDAI,KIA,SSANGYONG,SANTA F\u00c9 I SM,SANTA F\u00c9 II CM,SANTA F\u00c9 III DM,GRAND SANTA F\u00c9<\/p>\n","protected":false},"featured_media":0,"template":"","meta":{"site-sidebar-layout":"default","site-content-layout":"default","ast-global-header-display":"","ast-main-header-display":"","ast-hfb-above-header-display":"","ast-hfb-below-header-display":"","ast-hfb-mobile-header-display":"","site-post-title":"","ast-breadcrumbs-content":"","ast-featured-img":"","footer-sml-layout":"","theme-transparent-header-meta":"","adv-header-id-meta":"","stick-header-meta":"","header-above-stick-meta":"","header-main-stick-meta":"","header-below-stick-meta":""},"pwb-brand":[332],"product_cat":[100],"product_tag":[],"class_list":{"0":"post-76438","1":"product","2":"type-product","3":"status-publish","5":"pwb-brand-trw","6":"product_cat-jarrupalat","7":"desktop-align-left","8":"tablet-align-left","9":"mobile-align-left","11":"first","12":"instock","13":"product-type-external"},"brands":[{"id":332,"name":"TRW","slug":"trw"}],"_links":{"self":[{"href":"https:\/\/www.autonvaraosahaku.fi\/index.php?rest_route=\/wp\/v2\/product\/76438","targetHints":{"allow":["GET"]}}],"collection":[{"href":"https:\/\/www.autonvaraosahaku.fi\/index.php?rest_route=\/wp\/v2\/product"}],"about":[{"href":"https:\/\/www.autonvaraosahaku.fi\/index.php?rest_route=\/wp\/v2\/types\/product"}],"wp:attachment":[{"href":"https:\/\/www.autonvaraosahaku.fi\/index.php?rest_route=%2Fwp%2Fv2%2Fmedia&parent=76438"}],"wp:term":[{"taxonomy":"pwb-brand","embeddable":true,"href":"https:\/\/www.autonvaraosahaku.fi\/index.php?rest_route=%2Fwp%2Fv2%2Fpwb-brand&post=76438"},{"taxonomy":"product_cat","embeddable":true,"href":"https:\/\/www.autonvaraosahaku.fi\/index.php?rest_route=%2Fwp%2Fv2%2Fproduct_cat&post=76438"},{"taxonomy":"product_tag","embeddable":true,"href":"https:\/\/www.autonvaraosahaku.fi\/index.php?rest_route=%2Fwp%2Fv2%2Fproduct_tag&post=76438"}],"curies":[{"name":"wp","href":"https:\/\/api.w.org\/{rel}","templated":true}]}}