{"id":76439,"date":"2021-02-21T19:46:06","date_gmt":"2021-02-21T19:46:06","guid":{"rendered":"https:\/\/www.autonvaraosahaku.fi\/?product=trw-gdb3247-jarrupalat"},"modified":"2021-02-21T19:46:09","modified_gmt":"2021-02-21T19:46:09","slug":"trw-gdb3247-jarrupalat","status":"publish","type":"product","link":"https:\/\/www.autonvaraosahaku.fi\/?product=trw-gdb3247-jarrupalat","title":{"rendered":"TRW GDB3247 Jarrupalat"},"content":{"rendered":"<p>Valmistaja rajaus: AKEBONO; Pituus 1 (mm): 91,0; Pituus 2 (mm): 111,5; Korkeus (mm): 45,0; Paksuus [mm]: 16,4; Kulumisenilmaisimen liitos: Ei kulumisenilmaisimelle; Lis\u00e4tarvike\/lis\u00e4tieto: Tarvikkeilla; Tarkistuskilpi: E9 90R 01120\/267; M\u00e4\u00e4r\u00e4yksikk\u00f6: Akselisarja; Tuotelinja: COTEC; Asennuspuoli: Hinterachse; CITRO\u00cbN: C-CROSSER EP_,C4 AIRCROSS,C-CROSSER ENTERPRISE; PEUGEOT: 4007 GP_,4008; MITSUBISHI: ASX GA_W_,OUTLANDER XL II CW_W,GRANDIS NA_W,LANCER SPORTBACK CX_A,PAJERO III V7_W, V6_W,PAJERO IV V8_W, V9_W,PAJERO IV Van V90, V80,PAJERO CLASSIC V2_W,GALLOPER JK-01,ASX Van GA_W_,PAJERO II V3_W,PAJERO III Gel\u00e4ndewagen offen V6_W, V7_W,PAJERO II Canvas Top V2_W, V4_W; 425391, 425448, 68033078AA, 4605A265, 4605A447, 4605A448, 4605A487, 4605A502, MN102628, MN116286, MR510544, MZ690183, MZ690346, 425390, 425448; Jarrupalasarja,Jarrupala, Levyjarru<\/p>\n","protected":false},"excerpt":{"rendered":"<p>TRW Jarrupalat GDB3247 Jarrupalasarja,Jarrupala, Levyjarru CITRO\u00cbN,PEUGEOT,MITSUBISHI,C-CROSSER EP_,C4 AIRCROSS,C-CROSSER ENTERPRISE,4007 GP_,4008<\/p>\n","protected":false},"featured_media":0,"template":"","meta":{"site-sidebar-layout":"default","site-content-layout":"default","ast-global-header-display":"","ast-main-header-display":"","ast-hfb-above-header-display":"","ast-hfb-below-header-display":"","ast-hfb-mobile-header-display":"","site-post-title":"","ast-breadcrumbs-content":"","ast-featured-img":"","footer-sml-layout":"","theme-transparent-header-meta":"","adv-header-id-meta":"","stick-header-meta":"","header-above-stick-meta":"","header-main-stick-meta":"","header-below-stick-meta":""},"pwb-brand":[332],"product_cat":[100],"product_tag":[],"class_list":{"0":"post-76439","1":"product","2":"type-product","3":"status-publish","5":"pwb-brand-trw","6":"product_cat-jarrupalat","7":"desktop-align-left","8":"tablet-align-left","9":"mobile-align-left","11":"first","12":"instock","13":"product-type-external"},"brands":[{"id":332,"name":"TRW","slug":"trw"}],"_links":{"self":[{"href":"https:\/\/www.autonvaraosahaku.fi\/index.php?rest_route=\/wp\/v2\/product\/76439","targetHints":{"allow":["GET"]}}],"collection":[{"href":"https:\/\/www.autonvaraosahaku.fi\/index.php?rest_route=\/wp\/v2\/product"}],"about":[{"href":"https:\/\/www.autonvaraosahaku.fi\/index.php?rest_route=\/wp\/v2\/types\/product"}],"wp:attachment":[{"href":"https:\/\/www.autonvaraosahaku.fi\/index.php?rest_route=%2Fwp%2Fv2%2Fmedia&parent=76439"}],"wp:term":[{"taxonomy":"pwb-brand","embeddable":true,"href":"https:\/\/www.autonvaraosahaku.fi\/index.php?rest_route=%2Fwp%2Fv2%2Fpwb-brand&post=76439"},{"taxonomy":"product_cat","embeddable":true,"href":"https:\/\/www.autonvaraosahaku.fi\/index.php?rest_route=%2Fwp%2Fv2%2Fproduct_cat&post=76439"},{"taxonomy":"product_tag","embeddable":true,"href":"https:\/\/www.autonvaraosahaku.fi\/index.php?rest_route=%2Fwp%2Fv2%2Fproduct_tag&post=76439"}],"curies":[{"name":"wp","href":"https:\/\/api.w.org\/{rel}","templated":true}]}}