{"id":76448,"date":"2021-02-21T19:46:06","date_gmt":"2021-02-21T19:46:06","guid":{"rendered":"https:\/\/www.autonvaraosahaku.fi\/?product=trw-gdb1040-jarrupalat"},"modified":"2021-02-21T19:46:12","modified_gmt":"2021-02-21T19:46:12","slug":"trw-gdb1040-jarrupalat","status":"publish","type":"product","link":"https:\/\/www.autonvaraosahaku.fi\/?product=trw-gdb1040-jarrupalat","title":{"rendered":"TRW GDB1040 Jarrupalat"},"content":{"rendered":"<p>Valmistaja rajaus: ATE; Kulumisenilmaisimen liitos: Kulumisenilmaisemelle; Tarkistuskilpi: E1 90R 01024\/067; Korkeus (mm): 58,1; Pituus (mm): 140,2; Paksuus [mm]: 17,3; M\u00e4\u00e4r\u00e4yksikk\u00f6: Akselisarja; Tuotelinja: COTEC; Asennuspuoli: Vorderachse; DAEWOO: LANOS KLAT,LANOS Stufenheck KLAT,NEXIA KLETN,NEXIA Stufenheck KLETN; OPEL: CORSA B 73_, 78_, 79_,ASTRA F CC 53_, 54_, 58_, 59_,ASTRA F Caravan 51_, 52_,VECTRA A 86_, 87_,ASTRA F Cabriolet 53_B,ASTRA F 56_, 57_,TIGRA 95_,CORSA A CC 93_, 94_, 98_, 99_,VECTRA A CC 88_, 89_,COMBO 71_,ASTRA F CLASSIC CC,CORSA A TR 91_, 92_, 96_, 97_,ASTRA F CLASSIC Stufenheck,ASTRA F CLASSIC Caravan,CORSA B Kasten 73_,CORSA B Kombi F35,ASTRA F Van 55_,CORSA A Kasten,KADETT E Combo 38_, 48_; VAUXHALL: ASTRA Mk IV G CC,ASTRA Mk III F CC,CORSA Mk I B,ASTRA Mk IV G Sedan,CAVALIER Mk III 87,ASTRA Mk III F Estate,CAVALIER Mk III CC,COMBO Mk I B,TIGRA Mk I F07,ASTRAVAN Mk III F,NOVA,ASTRA Mk IV G Estate,NOVA CC; 11046948372, 90421736, 90442995, 90485140, 90510331, 11046148, 11046948322, 11046948372, 1605087, 1605455, 1605810, 1605824, 1605881, 1605907, 90421736, 90442995, 90485140, 90510331, 93176120, 93192639, 1605087, 1605455, 1605810, 90421736, 90442995, 90485140, 90510331, 93176120, 93192639; Jarrupalasarja,Jarrupala, Levyjarru<\/p>\n","protected":false},"excerpt":{"rendered":"<p>TRW Jarrupalat GDB1040 Jarrupalasarja,Jarrupala, Levyjarru DAEWOO,OPEL,VAUXHALL,LANOS KLAT,LANOS Stufenheck KLAT,NEXIA KLETN,NEXIA Stufenheck KLETN<\/p>\n","protected":false},"featured_media":0,"template":"","meta":{"site-sidebar-layout":"default","site-content-layout":"default","ast-global-header-display":"","ast-main-header-display":"","ast-hfb-above-header-display":"","ast-hfb-below-header-display":"","ast-hfb-mobile-header-display":"","site-post-title":"","ast-breadcrumbs-content":"","ast-featured-img":"","footer-sml-layout":"","theme-transparent-header-meta":"","adv-header-id-meta":"","stick-header-meta":"","header-above-stick-meta":"","header-main-stick-meta":"","header-below-stick-meta":""},"pwb-brand":[332],"product_cat":[100],"product_tag":[],"class_list":{"0":"post-76448","1":"product","2":"type-product","3":"status-publish","5":"pwb-brand-trw","6":"product_cat-jarrupalat","7":"desktop-align-left","8":"tablet-align-left","9":"mobile-align-left","11":"first","12":"instock","13":"product-type-external"},"brands":[{"id":332,"name":"TRW","slug":"trw"}],"_links":{"self":[{"href":"https:\/\/www.autonvaraosahaku.fi\/index.php?rest_route=\/wp\/v2\/product\/76448","targetHints":{"allow":["GET"]}}],"collection":[{"href":"https:\/\/www.autonvaraosahaku.fi\/index.php?rest_route=\/wp\/v2\/product"}],"about":[{"href":"https:\/\/www.autonvaraosahaku.fi\/index.php?rest_route=\/wp\/v2\/types\/product"}],"wp:attachment":[{"href":"https:\/\/www.autonvaraosahaku.fi\/index.php?rest_route=%2Fwp%2Fv2%2Fmedia&parent=76448"}],"wp:term":[{"taxonomy":"pwb-brand","embeddable":true,"href":"https:\/\/www.autonvaraosahaku.fi\/index.php?rest_route=%2Fwp%2Fv2%2Fpwb-brand&post=76448"},{"taxonomy":"product_cat","embeddable":true,"href":"https:\/\/www.autonvaraosahaku.fi\/index.php?rest_route=%2Fwp%2Fv2%2Fproduct_cat&post=76448"},{"taxonomy":"product_tag","embeddable":true,"href":"https:\/\/www.autonvaraosahaku.fi\/index.php?rest_route=%2Fwp%2Fv2%2Fproduct_tag&post=76448"}],"curies":[{"name":"wp","href":"https:\/\/api.w.org\/{rel}","templated":true}]}}