{"id":76453,"date":"2021-02-21T19:46:13","date_gmt":"2021-02-21T19:46:13","guid":{"rendered":"https:\/\/www.autonvaraosahaku.fi\/?product=trw-df6024-jarrulevyt"},"modified":"2021-02-21T19:46:14","modified_gmt":"2021-02-21T19:46:14","slug":"trw-df6024-jarrulevyt","status":"publish","type":"product","link":"https:\/\/www.autonvaraosahaku.fi\/?product=trw-df6024-jarrulevyt","title":{"rendered":"TRW DF6024 Jarrulevyt"},"content":{"rendered":"<p>Jarrulevytyyppi: Tuuletettu; Ulkol\u00e4pimitta [mm]: 303; Jarrulevyn paksuus (mm): 20; V\u00e4himm\u00e4ispaksuus (mm): 18,4; Reikien m\u00e4\u00e4r\u00e4: 5; Korkeus (mm): 71,6; keskitt\u00e4misl\u00e4pimitta [mm]: 70,7; Reik\u00e4ympyr\u00e4-\u00d8 [mm]: 115; Kierremitta: 12,7; Rumpul\u00e4pimitta: 190; V\u00e4ri: Musta; Pinta: Lakattu; Asennuspuoli: Hinterachse; CHEVROLET: CAPTIVA C100, C140,CAPTIVA SPORT; OPEL: ANTARA; VAUXHALL: ANTARA J26, H26; 20968395, 4801857, 4804637, 96625873, 20968395, 4801857, 4804637, 96625873, 20968395, 4801857, 4804637, 96625873; Jarrulevy<\/p>\n","protected":false},"excerpt":{"rendered":"<p>TRW Jarrulevyt DF6024 Jarrulevy CHEVROLET,OPEL,VAUXHALL,CAPTIVA C100, C140,CAPTIVA SPORT,ANTARA,ANTARA J26, H26<\/p>\n","protected":false},"featured_media":0,"template":"","meta":{"site-sidebar-layout":"default","site-content-layout":"default","ast-global-header-display":"","ast-main-header-display":"","ast-hfb-above-header-display":"","ast-hfb-below-header-display":"","ast-hfb-mobile-header-display":"","site-post-title":"","ast-breadcrumbs-content":"","ast-featured-img":"","footer-sml-layout":"","theme-transparent-header-meta":"","adv-header-id-meta":"","stick-header-meta":"","header-above-stick-meta":"","header-main-stick-meta":"","header-below-stick-meta":""},"pwb-brand":[332],"product_cat":[66],"product_tag":[],"class_list":{"0":"post-76453","1":"product","2":"type-product","3":"status-publish","5":"pwb-brand-trw","6":"product_cat-jarrulevyt","7":"desktop-align-left","8":"tablet-align-left","9":"mobile-align-left","11":"first","12":"instock","13":"product-type-external"},"brands":[{"id":332,"name":"TRW","slug":"trw"}],"_links":{"self":[{"href":"https:\/\/www.autonvaraosahaku.fi\/index.php?rest_route=\/wp\/v2\/product\/76453","targetHints":{"allow":["GET"]}}],"collection":[{"href":"https:\/\/www.autonvaraosahaku.fi\/index.php?rest_route=\/wp\/v2\/product"}],"about":[{"href":"https:\/\/www.autonvaraosahaku.fi\/index.php?rest_route=\/wp\/v2\/types\/product"}],"wp:attachment":[{"href":"https:\/\/www.autonvaraosahaku.fi\/index.php?rest_route=%2Fwp%2Fv2%2Fmedia&parent=76453"}],"wp:term":[{"taxonomy":"pwb-brand","embeddable":true,"href":"https:\/\/www.autonvaraosahaku.fi\/index.php?rest_route=%2Fwp%2Fv2%2Fpwb-brand&post=76453"},{"taxonomy":"product_cat","embeddable":true,"href":"https:\/\/www.autonvaraosahaku.fi\/index.php?rest_route=%2Fwp%2Fv2%2Fproduct_cat&post=76453"},{"taxonomy":"product_tag","embeddable":true,"href":"https:\/\/www.autonvaraosahaku.fi\/index.php?rest_route=%2Fwp%2Fv2%2Fproduct_tag&post=76453"}],"curies":[{"name":"wp","href":"https:\/\/api.w.org\/{rel}","templated":true}]}}