{"id":76454,"date":"2021-02-21T19:46:13","date_gmt":"2021-02-21T19:46:13","guid":{"rendered":"https:\/\/www.autonvaraosahaku.fi\/?product=trw-df4962s-jarrulevyt"},"modified":"2021-02-21T19:46:14","modified_gmt":"2021-02-21T19:46:14","slug":"trw-df4962s-jarrulevyt","status":"publish","type":"product","link":"https:\/\/www.autonvaraosahaku.fi\/?product=trw-df4962s-jarrulevyt","title":{"rendered":"TRW DF4962S Jarrulevyt"},"content":{"rendered":"<p>Jarrulevytyyppi: Tuuletettu; Ulkol\u00e4pimitta [mm]: 302; Jarrulevyn paksuus (mm): 26; V\u00e4himm\u00e4ispaksuus (mm): 24; Reikien m\u00e4\u00e4r\u00e4: 4; Korkeus (mm): 34,2; keskitt\u00e4misl\u00e4pimitta [mm]: 66; Reik\u00e4ympyr\u00e4-\u00d8 [mm]: 108; Kierremitta: 13; V\u00e4ri: Musta; Pinta: Lakattu; Asennuspuoli: Vorderachse; CITRO\u00cbN: C4 I LC_,C4 Coupe LA_,C4 II B7,DS4,DS5; PEUGEOT: 308 SW,208,308 4A_, 4C_,5008,3008,308 CC,408,208 Kasten; DS: DS5,DS 4 \/ DS 4 CROSSBACK; 424964, 424981, 424986, 4249J8, 424981, 424986, 4249J8, 4249J8, 424964, 424980, 424981, 424986, 4249J8, 4249J8; Jarrulevy<\/p>\n","protected":false},"excerpt":{"rendered":"<p>TRW Jarrulevyt DF4962S Jarrulevy CITRO\u00cbN,PEUGEOT,DS,C4 I LC_,C4 Coupe LA_,C4 II B7,DS4,DS5,308 SW,208,308 4A_, 4C_,5008,3008,308 CC,408,208 Kasten,DS5<\/p>\n","protected":false},"featured_media":0,"template":"","meta":{"site-sidebar-layout":"default","site-content-layout":"default","ast-global-header-display":"","ast-main-header-display":"","ast-hfb-above-header-display":"","ast-hfb-below-header-display":"","ast-hfb-mobile-header-display":"","site-post-title":"","ast-breadcrumbs-content":"","ast-featured-img":"","footer-sml-layout":"","theme-transparent-header-meta":"","adv-header-id-meta":"","stick-header-meta":"","header-above-stick-meta":"","header-main-stick-meta":"","header-below-stick-meta":""},"pwb-brand":[332],"product_cat":[66],"product_tag":[],"class_list":{"0":"post-76454","1":"product","2":"type-product","3":"status-publish","5":"pwb-brand-trw","6":"product_cat-jarrulevyt","7":"desktop-align-left","8":"tablet-align-left","9":"mobile-align-left","11":"first","12":"instock","13":"product-type-external"},"brands":[{"id":332,"name":"TRW","slug":"trw"}],"_links":{"self":[{"href":"https:\/\/www.autonvaraosahaku.fi\/index.php?rest_route=\/wp\/v2\/product\/76454","targetHints":{"allow":["GET"]}}],"collection":[{"href":"https:\/\/www.autonvaraosahaku.fi\/index.php?rest_route=\/wp\/v2\/product"}],"about":[{"href":"https:\/\/www.autonvaraosahaku.fi\/index.php?rest_route=\/wp\/v2\/types\/product"}],"wp:attachment":[{"href":"https:\/\/www.autonvaraosahaku.fi\/index.php?rest_route=%2Fwp%2Fv2%2Fmedia&parent=76454"}],"wp:term":[{"taxonomy":"pwb-brand","embeddable":true,"href":"https:\/\/www.autonvaraosahaku.fi\/index.php?rest_route=%2Fwp%2Fv2%2Fpwb-brand&post=76454"},{"taxonomy":"product_cat","embeddable":true,"href":"https:\/\/www.autonvaraosahaku.fi\/index.php?rest_route=%2Fwp%2Fv2%2Fproduct_cat&post=76454"},{"taxonomy":"product_tag","embeddable":true,"href":"https:\/\/www.autonvaraosahaku.fi\/index.php?rest_route=%2Fwp%2Fv2%2Fproduct_tag&post=76454"}],"curies":[{"name":"wp","href":"https:\/\/api.w.org\/{rel}","templated":true}]}}