{"id":76458,"date":"2021-02-21T19:46:13","date_gmt":"2021-02-21T19:46:13","guid":{"rendered":"https:\/\/www.autonvaraosahaku.fi\/?product=trw-df4496-jarrulevyt"},"modified":"2021-02-21T19:46:16","modified_gmt":"2021-02-21T19:46:16","slug":"trw-df4496-jarrulevyt","status":"publish","type":"product","link":"https:\/\/www.autonvaraosahaku.fi\/?product=trw-df4496-jarrulevyt","title":{"rendered":"TRW DF4496 Jarrulevyt"},"content":{"rendered":"<p>Jarrulevyn paksuus (mm): 19; Ulkol\u00e4pimitta [mm]: 241; Reik\u00e4ympyr\u00e4-\u00d8 [mm]: 100; Reikien m\u00e4\u00e4r\u00e4: 4; Korkeus (mm): 51; keskitt\u00e4misl\u00e4pimitta [mm]: 63; Kierremitta: 12,4; V\u00e4himm\u00e4ispaksuus (mm): 17; Jarrulevytyyppi: Tuuletettu; V\u00e4ri: Musta; Pinta: Lakattu; Asennuspuoli: Vorderachse; HYUNDAI: ACCENT II LC,ACCENT III Stufenheck MC,ACCENT II Stufenheck LC,ACCENT Stufenheck X-3; 5171225060, 5171225061; Jarrulevy<\/p>\n","protected":false},"excerpt":{"rendered":"<p>TRW Jarrulevyt DF4496 Jarrulevy HYUNDAI,ACCENT II LC,ACCENT III Stufenheck MC,ACCENT II Stufenheck LC,ACCENT Stufenheck X-3<\/p>\n","protected":false},"featured_media":0,"template":"","meta":{"site-sidebar-layout":"default","site-content-layout":"default","ast-global-header-display":"","ast-main-header-display":"","ast-hfb-above-header-display":"","ast-hfb-below-header-display":"","ast-hfb-mobile-header-display":"","site-post-title":"","ast-breadcrumbs-content":"","ast-featured-img":"","footer-sml-layout":"","theme-transparent-header-meta":"","adv-header-id-meta":"","stick-header-meta":"","header-above-stick-meta":"","header-main-stick-meta":"","header-below-stick-meta":""},"pwb-brand":[332],"product_cat":[66],"product_tag":[],"class_list":{"0":"post-76458","1":"product","2":"type-product","3":"status-publish","5":"pwb-brand-trw","6":"product_cat-jarrulevyt","7":"desktop-align-left","8":"tablet-align-left","9":"mobile-align-left","11":"first","12":"instock","13":"product-type-external"},"brands":[{"id":332,"name":"TRW","slug":"trw"}],"_links":{"self":[{"href":"https:\/\/www.autonvaraosahaku.fi\/index.php?rest_route=\/wp\/v2\/product\/76458","targetHints":{"allow":["GET"]}}],"collection":[{"href":"https:\/\/www.autonvaraosahaku.fi\/index.php?rest_route=\/wp\/v2\/product"}],"about":[{"href":"https:\/\/www.autonvaraosahaku.fi\/index.php?rest_route=\/wp\/v2\/types\/product"}],"wp:attachment":[{"href":"https:\/\/www.autonvaraosahaku.fi\/index.php?rest_route=%2Fwp%2Fv2%2Fmedia&parent=76458"}],"wp:term":[{"taxonomy":"pwb-brand","embeddable":true,"href":"https:\/\/www.autonvaraosahaku.fi\/index.php?rest_route=%2Fwp%2Fv2%2Fpwb-brand&post=76458"},{"taxonomy":"product_cat","embeddable":true,"href":"https:\/\/www.autonvaraosahaku.fi\/index.php?rest_route=%2Fwp%2Fv2%2Fproduct_cat&post=76458"},{"taxonomy":"product_tag","embeddable":true,"href":"https:\/\/www.autonvaraosahaku.fi\/index.php?rest_route=%2Fwp%2Fv2%2Fproduct_tag&post=76458"}],"curies":[{"name":"wp","href":"https:\/\/api.w.org\/{rel}","templated":true}]}}