{"id":76471,"date":"2021-02-21T19:46:21","date_gmt":"2021-02-21T19:46:21","guid":{"rendered":"https:\/\/www.autonvaraosahaku.fi\/?product=trw-db4013-jarrurumpu"},"modified":"2021-02-21T19:46:22","modified_gmt":"2021-02-21T19:46:22","slug":"trw-db4013-jarrurumpu","status":"publish","type":"product","link":"https:\/\/www.autonvaraosahaku.fi\/?product=trw-db4013-jarrurumpu","title":{"rendered":"TRW DB4013 Jarrurumpu"},"content":{"rendered":"<p>J-rumpu ulkoleveys [mm]: 53,1; keskitt\u00e4misl\u00e4pimitta [mm]: 59; Jarrurummun ulkol\u00e4pim. [mm]: 205,5; Kierre 1: 13,5; kierre 2: M10 x 1,5; Rumpul\u00e4pimitta: 185,0; Suurin mahdollinen rummun sis\u00e4mitta (mm): 186,8; J-rumpu sis\u00e4leveys [mm]: 36,5; Reikien m\u00e4\u00e4r\u00e4: 4; Reik\u00e4ympyr\u00e4-\u00d8 [mm]: 98; Asennuspuoli: Hinterachse; SEAT: MARBELLA 28,IBIZA I 021A,TERRA Kasten 024A,127 127A,MARBELLA Kasten 028A,MALAGA 023A,TERRA 24,133,850,128,RONDA 022A,PANDA 141A,FURA 025A,RITMO 138; LANCIA: DELTA I 831AB0,Y10 156,A 112,PRISMA 831AB0; FIAT: CINQUECENTO 170,PANDA 141A_,126,500,UNO 146A\/E,127,FIORINO Kasten 146,600,850 Spider,850,128 Coupe,128,850 Coupe,PANDA Van 141_,RITMO I 138A,FIORINO Pick up 146,FIORINO 147,REGATA 138,RITMO Cabriolet,127 Panorama,128 Familiare,FIORINO 127,UNO Kasten 146,147,FIORINO Pick up 147,REGATA Weekend 138,147 Panorama,DUNA 146 B,ELBA 146_,DUNA Weekend 146 B; AUTOBIANCHI: A 112,Y10; ZASTAVA: 750,101 1100,YUGO,YUGO FLORIDA; INNOCENTI: ELBA 146; 7777842, 94379680, 0000004236768, 4234857, 4368516, 4379680, 5890762, 5974792, 7777842, 777842, 94379680, 7777842, 94379680, 4379680, 7777842, 94379680, 4236768, 4379680, 94379680, SE022165201A, 4234857, 4267288, 4368516, 4379680<\/p>\n","protected":false},"excerpt":{"rendered":"<p>TRW Jarrurumpu DB4013  SEAT,LANCIA,FIAT,MARBELLA 28,IBIZA I 021A,TERRA Kasten 024A,127 127A,MARBELLA Kasten 028A,MALAGA 023A,TERRA 24,133,850,128<\/p>\n","protected":false},"featured_media":0,"template":"","meta":{"site-sidebar-layout":"default","site-content-layout":"default","ast-global-header-display":"","ast-main-header-display":"","ast-hfb-above-header-display":"","ast-hfb-below-header-display":"","ast-hfb-mobile-header-display":"","site-post-title":"","ast-breadcrumbs-content":"","ast-featured-img":"","footer-sml-layout":"","theme-transparent-header-meta":"","adv-header-id-meta":"","stick-header-meta":"","header-above-stick-meta":"","header-main-stick-meta":"","header-below-stick-meta":""},"pwb-brand":[332],"product_cat":[304],"product_tag":[],"class_list":{"0":"post-76471","1":"product","2":"type-product","3":"status-publish","5":"pwb-brand-trw","6":"product_cat-jarrurumpu","7":"desktop-align-left","8":"tablet-align-left","9":"mobile-align-left","11":"first","12":"instock","13":"product-type-external"},"brands":[{"id":332,"name":"TRW","slug":"trw"}],"_links":{"self":[{"href":"https:\/\/www.autonvaraosahaku.fi\/index.php?rest_route=\/wp\/v2\/product\/76471","targetHints":{"allow":["GET"]}}],"collection":[{"href":"https:\/\/www.autonvaraosahaku.fi\/index.php?rest_route=\/wp\/v2\/product"}],"about":[{"href":"https:\/\/www.autonvaraosahaku.fi\/index.php?rest_route=\/wp\/v2\/types\/product"}],"wp:attachment":[{"href":"https:\/\/www.autonvaraosahaku.fi\/index.php?rest_route=%2Fwp%2Fv2%2Fmedia&parent=76471"}],"wp:term":[{"taxonomy":"pwb-brand","embeddable":true,"href":"https:\/\/www.autonvaraosahaku.fi\/index.php?rest_route=%2Fwp%2Fv2%2Fpwb-brand&post=76471"},{"taxonomy":"product_cat","embeddable":true,"href":"https:\/\/www.autonvaraosahaku.fi\/index.php?rest_route=%2Fwp%2Fv2%2Fproduct_cat&post=76471"},{"taxonomy":"product_tag","embeddable":true,"href":"https:\/\/www.autonvaraosahaku.fi\/index.php?rest_route=%2Fwp%2Fv2%2Fproduct_tag&post=76471"}],"curies":[{"name":"wp","href":"https:\/\/api.w.org\/{rel}","templated":true}]}}