{"id":76485,"date":"2021-02-21T19:46:21","date_gmt":"2021-02-21T19:46:21","guid":{"rendered":"https:\/\/www.autonvaraosahaku.fi\/?product=febi-bilstein-38854-raidetangon-sisapaa"},"modified":"2021-02-21T19:46:26","modified_gmt":"2021-02-21T19:46:26","slug":"febi-bilstein-38854-raidetangon-sisapaa","status":"publish","type":"product","link":"https:\/\/www.autonvaraosahaku.fi\/?product=febi-bilstein-38854-raidetangon-sisapaa","title":{"rendered":"FEBI BILSTEIN 38854 Raidetangon sis\u00e4p\u00e4\u00e4"},"content":{"rendered":"<p>Pituus (mm): 145; Ulkokierre [mm]: M14 x 1,5; Asennuspuoli: etuakseli molemminpuoleinen; Paino [kg]: 0,425, 0,425; Alustanumeroon: 4D-X-015 000; VW: PASSAT Variant 3B6,PASSAT Variant 3B5,PASSAT 3B2,PASSAT 3B3; AUDI: A4 8D2, B5,A6 Avant 4B5, C5,A4 Avant 8D5, B5,A6 4B2, C5,A8 4D2, 4D8; SKODA: SUPERB 3U4; 4B0419801B, 4B0419801BSK, 4B0419801E, 4B0419801ESK, 4B0419801G, 4B0419801M, 4B0419801MSK, 4B0419810M, 4D0419801B, 4D0419801BSK, 4D0419801D, 4D0419801DSK, 4D0419801E, 4D0419801ESK, 4D0419801G, 4D0419801GSK, 4D0419801L, 4D0419801LSK, 4D0419801M, 4D0419801Q, 4D0422821A, 4B0419801B, 4B0419801BSK, 4B0419801E, 4B0419801ESK, 4B0419801M, 4B0419801MSK, 4B0419810M, 4D0419801B, 4D0419801BSK, 4D0419801D, 4D0419801DSK, 4D0419801E, 4D0419801ESK, 4D0419801G, 4D0419801GSK, 4D0419801L, 4D0419801LSK, 4D0422821A, 4B0419801B, 4B0419801BSK, 4B0419801E, 4B0419801ESK, 4B0419801G, 4B0419801M, 4B0419801MSK, 4B0419810M, 4D0419801B, 4D0419801BSK, 4D0419801D, 4D0419801DSK, 4D0419801E, 4D0419801ESK, 4D0419801G, 4D0419801GSK, 4D0419801L, 4D0419801LSK, 4D0419801M, 4D0419801Q, 4D0422821A; Raidetangon P\u00e4\u00e4 Sisempi,Raidetangon P\u00e4\u00e4, Suora<\/p>\n","protected":false},"excerpt":{"rendered":"<p>FEBI BILSTEIN Raidetangon Sis\u00e4p\u00e4\u00e4 38854 Raidetangon P\u00e4\u00e4 Sisempi,Raidetangon P\u00e4\u00e4, Suora VW,AUDI,SKODA,PASSAT Variant 3B6,PASSAT Variant 3B5,PASSAT 3B2<\/p>\n","protected":false},"featured_media":0,"template":"","meta":{"site-sidebar-layout":"default","site-content-layout":"default","ast-global-header-display":"","ast-main-header-display":"","ast-hfb-above-header-display":"","ast-hfb-below-header-display":"","ast-hfb-mobile-header-display":"","site-post-title":"","ast-breadcrumbs-content":"","ast-featured-img":"","footer-sml-layout":"","theme-transparent-header-meta":"","adv-header-id-meta":"","stick-header-meta":"","header-above-stick-meta":"","header-main-stick-meta":"","header-below-stick-meta":""},"pwb-brand":[50],"product_cat":[208],"product_tag":[],"class_list":{"0":"post-76485","1":"product","2":"type-product","3":"status-publish","5":"pwb-brand-febi-bilstein","6":"product_cat-raidetangon-sisapaa","7":"desktop-align-left","8":"tablet-align-left","9":"mobile-align-left","11":"first","12":"instock","13":"product-type-external"},"brands":[{"id":50,"name":"FEBI BILSTEIN","slug":"febi-bilstein"}],"_links":{"self":[{"href":"https:\/\/www.autonvaraosahaku.fi\/index.php?rest_route=\/wp\/v2\/product\/76485","targetHints":{"allow":["GET"]}}],"collection":[{"href":"https:\/\/www.autonvaraosahaku.fi\/index.php?rest_route=\/wp\/v2\/product"}],"about":[{"href":"https:\/\/www.autonvaraosahaku.fi\/index.php?rest_route=\/wp\/v2\/types\/product"}],"wp:attachment":[{"href":"https:\/\/www.autonvaraosahaku.fi\/index.php?rest_route=%2Fwp%2Fv2%2Fmedia&parent=76485"}],"wp:term":[{"taxonomy":"pwb-brand","embeddable":true,"href":"https:\/\/www.autonvaraosahaku.fi\/index.php?rest_route=%2Fwp%2Fv2%2Fpwb-brand&post=76485"},{"taxonomy":"product_cat","embeddable":true,"href":"https:\/\/www.autonvaraosahaku.fi\/index.php?rest_route=%2Fwp%2Fv2%2Fproduct_cat&post=76485"},{"taxonomy":"product_tag","embeddable":true,"href":"https:\/\/www.autonvaraosahaku.fi\/index.php?rest_route=%2Fwp%2Fv2%2Fproduct_tag&post=76485"}],"curies":[{"name":"wp","href":"https:\/\/api.w.org\/{rel}","templated":true}]}}