{"id":76486,"date":"2021-02-21T19:46:21","date_gmt":"2021-02-21T19:46:21","guid":{"rendered":"https:\/\/www.autonvaraosahaku.fi\/?product=vaico-v25-1757-kierretulppa"},"modified":"2021-02-21T19:46:27","modified_gmt":"2021-02-21T19:46:27","slug":"vaico-v25-1757-kierretulppa","status":"publish","type":"product","link":"https:\/\/www.autonvaraosahaku.fi\/?product=vaico-v25-1757-kierretulppa","title":{"rendered":"VAICO V25-1757 Kierretulppa"},"content":{"rendered":"<p>Kierremitta: M14 x 1,25; Ulkokierre [mm]: M14 x 1,25; Materiaali: Ter\u00e4s; Ruuvikanta\/mutteriprofiili: Kuusiokolo, sis\u00e4; Korvaava tuote\/korvaava tiedote 2: Tiivisterenkaalla; Pituus (mm): 16; Tarvittava kappalem\u00e4\u00e4r\u00e4: 1; Kierteen pituus (mm): 12; Kierrenousu (mm): 1,25; Asennuspuoli: Moottorin puoli; Pinta: Sinkitetty; Paino [kg]: 0,03; Pakkausleveys [cm]: 6; Pakkauskorkeus [mm]: 2,5; Pakkaussyvyys [cm]: 5; lis\u00e4tieto: CST99; FORD: FOCUS II Kombi DA_,MONDEO IV Turnier BA7,FOCUS II DA_,S-MAX WA6,FOCUS C-MAX,GALAXY WA6,KUGA I,C-MAX DM2,MONDEO IV BA7,FOCUS II Stufenheck DA_,FOCUS II Cabriolet,MONDEO IV Stufenheck BA7; 031138, 1250323, 1681599, 031138; \u00d6ljytulppa,Kierretulppa, \u00d6ljypohja<\/p>\n","protected":false},"excerpt":{"rendered":"<p>VAICO Kierretulppa V25-1757 \u00d6ljytulppa,Kierretulppa, \u00d6ljypohja FORD,FOCUS II Kombi DA_,MONDEO IV Turnier BA7,FOCUS II DA_,S-MAX WA6,FOCUS C-MAX<\/p>\n","protected":false},"featured_media":0,"template":"","meta":{"site-sidebar-layout":"default","site-content-layout":"default","ast-global-header-display":"","ast-main-header-display":"","ast-hfb-above-header-display":"","ast-hfb-below-header-display":"","ast-hfb-mobile-header-display":"","site-post-title":"","ast-breadcrumbs-content":"","ast-featured-img":"","footer-sml-layout":"","theme-transparent-header-meta":"","adv-header-id-meta":"","stick-header-meta":"","header-above-stick-meta":"","header-main-stick-meta":"","header-below-stick-meta":""},"pwb-brand":[330],"product_cat":[40],"product_tag":[],"class_list":{"0":"post-76486","1":"product","2":"type-product","3":"status-publish","5":"pwb-brand-vaico","6":"product_cat-kierretulppa","7":"desktop-align-left","8":"tablet-align-left","9":"mobile-align-left","11":"first","12":"instock","13":"product-type-external"},"brands":[{"id":330,"name":"VAICO","slug":"vaico"}],"_links":{"self":[{"href":"https:\/\/www.autonvaraosahaku.fi\/index.php?rest_route=\/wp\/v2\/product\/76486","targetHints":{"allow":["GET"]}}],"collection":[{"href":"https:\/\/www.autonvaraosahaku.fi\/index.php?rest_route=\/wp\/v2\/product"}],"about":[{"href":"https:\/\/www.autonvaraosahaku.fi\/index.php?rest_route=\/wp\/v2\/types\/product"}],"wp:attachment":[{"href":"https:\/\/www.autonvaraosahaku.fi\/index.php?rest_route=%2Fwp%2Fv2%2Fmedia&parent=76486"}],"wp:term":[{"taxonomy":"pwb-brand","embeddable":true,"href":"https:\/\/www.autonvaraosahaku.fi\/index.php?rest_route=%2Fwp%2Fv2%2Fpwb-brand&post=76486"},{"taxonomy":"product_cat","embeddable":true,"href":"https:\/\/www.autonvaraosahaku.fi\/index.php?rest_route=%2Fwp%2Fv2%2Fproduct_cat&post=76486"},{"taxonomy":"product_tag","embeddable":true,"href":"https:\/\/www.autonvaraosahaku.fi\/index.php?rest_route=%2Fwp%2Fv2%2Fproduct_tag&post=76486"}],"curies":[{"name":"wp","href":"https:\/\/api.w.org\/{rel}","templated":true}]}}