{"id":76523,"date":"2021-02-21T19:46:37","date_gmt":"2021-02-21T19:46:37","guid":{"rendered":"https:\/\/www.autonvaraosahaku.fi\/?product=hjs-92-09-1024-anturit-sensorit"},"modified":"2021-02-21T19:46:41","modified_gmt":"2021-02-21T19:46:41","slug":"hjs-92-09-1024-anturit-sensorit","status":"publish","type":"product","link":"https:\/\/www.autonvaraosahaku.fi\/?product=hjs-92-09-1024-anturit-sensorit","title":{"rendered":"HJS 92 09 1024 Anturit (sensorit)"},"content":{"rendered":"<p>Pakoputkisto: autoille alkuper\u00e4isasennetulla noki-\/hiukkassuodattimella; Korvaava tuote\/korvaava tiedote 2: ilman liit\u00e4nt\u00e4johtoa; lis\u00e4tieto: CST1251; Valmistusvuoteen: 09\/2012; FORD: MONDEO IV Turnier BA7,S-MAX WA6,FOCUS III Turnier,GALAXY WA6,KUGA I,FOCUS III,C-MAX II,MONDEO IV BA7,GRAND C-MAX,FOCUS III Stufenheck,MONDEO IV Stufenheck BA7; VOLVO: V50 MW,V70 III BW,C30,V60,S40 II MS,V40 Schr\u00e4gheck,S80 II AS,S60 II; 1681883, 1684593, 1698614, 1775946, 1786775, AG915H209BA, AG915H209BAA, AV615H209EA, AV615L200AA, AV615L200AB, 31319635, 31338869; Sensori Pakokaasupaine<\/p>\n","protected":false},"excerpt":{"rendered":"<p>HJS DPF Paine-Eroanturi 92 09 1024 Sensori Pakokaasupaine FORD,VOLVO,MONDEO IV Turnier BA7,S-MAX WA6,FOCUS III Turnier,GALAXY WA6,KUGA I,FOCUS III<\/p>\n","protected":false},"featured_media":0,"template":"","meta":{"site-sidebar-layout":"default","site-content-layout":"default","ast-global-header-display":"","ast-main-header-display":"","ast-hfb-above-header-display":"","ast-hfb-below-header-display":"","ast-hfb-mobile-header-display":"","site-post-title":"","ast-breadcrumbs-content":"","ast-featured-img":"","footer-sml-layout":"","theme-transparent-header-meta":"","adv-header-id-meta":"","stick-header-meta":"","header-above-stick-meta":"","header-main-stick-meta":"","header-below-stick-meta":""},"pwb-brand":[344],"product_cat":[98],"product_tag":[],"class_list":{"0":"post-76523","1":"product","2":"type-product","3":"status-publish","5":"pwb-brand-hjs","6":"product_cat-anturit-sensorit","7":"desktop-align-left","8":"tablet-align-left","9":"mobile-align-left","11":"first","12":"instock","13":"product-type-external"},"brands":[{"id":344,"name":"HJS","slug":"hjs"}],"_links":{"self":[{"href":"https:\/\/www.autonvaraosahaku.fi\/index.php?rest_route=\/wp\/v2\/product\/76523","targetHints":{"allow":["GET"]}}],"collection":[{"href":"https:\/\/www.autonvaraosahaku.fi\/index.php?rest_route=\/wp\/v2\/product"}],"about":[{"href":"https:\/\/www.autonvaraosahaku.fi\/index.php?rest_route=\/wp\/v2\/types\/product"}],"wp:attachment":[{"href":"https:\/\/www.autonvaraosahaku.fi\/index.php?rest_route=%2Fwp%2Fv2%2Fmedia&parent=76523"}],"wp:term":[{"taxonomy":"pwb-brand","embeddable":true,"href":"https:\/\/www.autonvaraosahaku.fi\/index.php?rest_route=%2Fwp%2Fv2%2Fpwb-brand&post=76523"},{"taxonomy":"product_cat","embeddable":true,"href":"https:\/\/www.autonvaraosahaku.fi\/index.php?rest_route=%2Fwp%2Fv2%2Fproduct_cat&post=76523"},{"taxonomy":"product_tag","embeddable":true,"href":"https:\/\/www.autonvaraosahaku.fi\/index.php?rest_route=%2Fwp%2Fv2%2Fproduct_tag&post=76523"}],"curies":[{"name":"wp","href":"https:\/\/api.w.org\/{rel}","templated":true}]}}