{"id":76535,"date":"2021-02-21T19:46:44","date_gmt":"2021-02-21T19:46:44","guid":{"rendered":"https:\/\/www.autonvaraosahaku.fi\/?product=valeo-588069-laturin-vapaakytkin"},"modified":"2021-02-21T19:46:46","modified_gmt":"2021-02-21T19:46:46","slug":"valeo-588069-laturin-vapaakytkin","status":"publish","type":"product","link":"https:\/\/www.autonvaraosahaku.fi\/?product=valeo-588069-laturin-vapaakytkin","title":{"rendered":"VALEO 588069 Laturin vapaakytkin"},"content":{"rendered":"<p>L\u00e4pimitta [mm]: 64,8; Leveys (mm): 39,3; Kierremitta: M17; kiiloja: 7; Syvyys (mm): 17,3; Reik\u00e4-\u00d8 [mm]: 17; Ruuvikanta\/mutteriprofiili: Torx; Py\u00f6rimissuunta: Py\u00f6rimissuunta my\u00f6t\u00e4p\u00e4iv\u00e4\u00e4n; Korvaava tuote\/korvaava tiedote 2: Erikoisty\u00f6kalu tarpeen asennuksessa; Paino [kg]: 0,77; Valmistusvuoteen: 09\/2015; NISSAN: NAVARA D40,PATHFINDER R51,NAVARA Pritsche\/Fahrgestell D40,MURANO Z51,PICK UP D22,NT400 CABSTAR F24F; 23100EB310, 23151EB301, 23151EB30A; Laturin Hihnapy\u00f6r\u00e4,Vapaakytkin<\/p>\n","protected":false},"excerpt":{"rendered":"<p>VALEO Laturin Vapaakytkin NEW PART 588069 Laturin Hihnapy\u00f6r\u00e4,Vapaakytkin NISSAN,NAVARA D40,PATHFINDER R51,NAVARA Pritsche\/Fahrgestell D40,MURANO Z51<\/p>\n","protected":false},"featured_media":0,"template":"","meta":{"site-sidebar-layout":"default","site-content-layout":"default","ast-global-header-display":"","ast-main-header-display":"","ast-hfb-above-header-display":"","ast-hfb-below-header-display":"","ast-hfb-mobile-header-display":"","site-post-title":"","ast-breadcrumbs-content":"","ast-featured-img":"","footer-sml-layout":"","theme-transparent-header-meta":"","adv-header-id-meta":"","stick-header-meta":"","header-above-stick-meta":"","header-main-stick-meta":"","header-below-stick-meta":""},"pwb-brand":[28],"product_cat":[443],"product_tag":[],"class_list":{"0":"post-76535","1":"product","2":"type-product","3":"status-publish","5":"pwb-brand-valeo","6":"product_cat-laturin-vapaakytkin","7":"desktop-align-left","8":"tablet-align-left","9":"mobile-align-left","11":"first","12":"instock","13":"product-type-external"},"brands":[{"id":28,"name":"VALEO","slug":"valeo"}],"_links":{"self":[{"href":"https:\/\/www.autonvaraosahaku.fi\/index.php?rest_route=\/wp\/v2\/product\/76535","targetHints":{"allow":["GET"]}}],"collection":[{"href":"https:\/\/www.autonvaraosahaku.fi\/index.php?rest_route=\/wp\/v2\/product"}],"about":[{"href":"https:\/\/www.autonvaraosahaku.fi\/index.php?rest_route=\/wp\/v2\/types\/product"}],"wp:attachment":[{"href":"https:\/\/www.autonvaraosahaku.fi\/index.php?rest_route=%2Fwp%2Fv2%2Fmedia&parent=76535"}],"wp:term":[{"taxonomy":"pwb-brand","embeddable":true,"href":"https:\/\/www.autonvaraosahaku.fi\/index.php?rest_route=%2Fwp%2Fv2%2Fpwb-brand&post=76535"},{"taxonomy":"product_cat","embeddable":true,"href":"https:\/\/www.autonvaraosahaku.fi\/index.php?rest_route=%2Fwp%2Fv2%2Fproduct_cat&post=76535"},{"taxonomy":"product_tag","embeddable":true,"href":"https:\/\/www.autonvaraosahaku.fi\/index.php?rest_route=%2Fwp%2Fv2%2Fproduct_tag&post=76535"}],"curies":[{"name":"wp","href":"https:\/\/api.w.org\/{rel}","templated":true}]}}