{"id":76539,"date":"2021-02-21T19:46:44","date_gmt":"2021-02-21T19:46:44","guid":{"rendered":"https:\/\/www.autonvaraosahaku.fi\/?product=valeo-587933-polttoainesuodatin"},"modified":"2021-02-21T19:46:47","modified_gmt":"2021-02-21T19:46:47","slug":"valeo-587933-polttoainesuodatin","status":"publish","type":"product","link":"https:\/\/www.autonvaraosahaku.fi\/?product=valeo-587933-polttoainesuodatin","title":{"rendered":"VALEO 587933 Polttoainesuodatin"},"content":{"rendered":"<p>Ulkol\u00e4pimitta [mm]: 83,6; Ulkol\u00e4pimitta 1 [mm]: 83,6; Ulkol\u00e4pimitta 2 [mm]: 76; Sis\u00e4l\u00e4pimitta [mm]: 39; Korkeus (mm): 76; Suodatintyyppi: Suodatinpanos; Paino [kg]: 0,113; Valmistusvuosi alkaen: 08\/2010; LEXUS: IS II GSE2_, ALE2_, USE2_; TOYOTA: HILUX III Pick-up TGN1_, GGN2_, GGN1_, KUN2_, KUN1_; ISUZU: D-MAX TFR, TFS,D-MAX Pritsche\/Fahrgestell; 8981596930, 233900L010, 233900L030, 233900L041, 233900L010, 233900L020, 233900L030, 233900L041<\/p>\n","protected":false},"excerpt":{"rendered":"<p>VALEO Polttoainesuodatin 587933  LEXUS,TOYOTA,ISUZU,IS II GSE2_, ALE2_, USE2_,HILUX III Pick-up TGN1_, GGN2_, GGN1_, KUN2_, KUN1_,D-MAX TFR, TFS<\/p>\n","protected":false},"featured_media":0,"template":"","meta":{"site-sidebar-layout":"default","site-content-layout":"default","ast-global-header-display":"","ast-main-header-display":"","ast-hfb-above-header-display":"","ast-hfb-below-header-display":"","ast-hfb-mobile-header-display":"","site-post-title":"","ast-breadcrumbs-content":"","ast-featured-img":"","footer-sml-layout":"","theme-transparent-header-meta":"","adv-header-id-meta":"","stick-header-meta":"","header-above-stick-meta":"","header-main-stick-meta":"","header-below-stick-meta":""},"pwb-brand":[28],"product_cat":[29],"product_tag":[],"class_list":{"0":"post-76539","1":"product","2":"type-product","3":"status-publish","5":"pwb-brand-valeo","6":"product_cat-polttoainesuodatin","7":"desktop-align-left","8":"tablet-align-left","9":"mobile-align-left","11":"first","12":"instock","13":"product-type-external"},"brands":[{"id":28,"name":"VALEO","slug":"valeo"}],"_links":{"self":[{"href":"https:\/\/www.autonvaraosahaku.fi\/index.php?rest_route=\/wp\/v2\/product\/76539","targetHints":{"allow":["GET"]}}],"collection":[{"href":"https:\/\/www.autonvaraosahaku.fi\/index.php?rest_route=\/wp\/v2\/product"}],"about":[{"href":"https:\/\/www.autonvaraosahaku.fi\/index.php?rest_route=\/wp\/v2\/types\/product"}],"wp:attachment":[{"href":"https:\/\/www.autonvaraosahaku.fi\/index.php?rest_route=%2Fwp%2Fv2%2Fmedia&parent=76539"}],"wp:term":[{"taxonomy":"pwb-brand","embeddable":true,"href":"https:\/\/www.autonvaraosahaku.fi\/index.php?rest_route=%2Fwp%2Fv2%2Fpwb-brand&post=76539"},{"taxonomy":"product_cat","embeddable":true,"href":"https:\/\/www.autonvaraosahaku.fi\/index.php?rest_route=%2Fwp%2Fv2%2Fproduct_cat&post=76539"},{"taxonomy":"product_tag","embeddable":true,"href":"https:\/\/www.autonvaraosahaku.fi\/index.php?rest_route=%2Fwp%2Fv2%2Fproduct_tag&post=76539"}],"curies":[{"name":"wp","href":"https:\/\/api.w.org\/{rel}","templated":true}]}}