{"id":76549,"date":"2021-02-21T19:46:44","date_gmt":"2021-02-21T19:46:44","guid":{"rendered":"https:\/\/www.autonvaraosahaku.fi\/?product=vaico-v24-0312-polttoainesuodatin"},"modified":"2021-02-21T19:46:50","modified_gmt":"2021-02-21T19:46:50","slug":"vaico-v24-0312-polttoainesuodatin","status":"publish","type":"product","link":"https:\/\/www.autonvaraosahaku.fi\/?product=vaico-v24-0312-polttoainesuodatin","title":{"rendered":"VAICO V24-0312 Polttoainesuodatin"},"content":{"rendered":"<p>Ulkol\u00e4pimitta [mm]: 85; Kierre 1: M12 x 1,5; Sis\u00e4l\u00e4pimitta 1 [mm]: 72; Korkeus (mm): 152; Kierremitta: M16 x 1,5; Suodatintyyppi: Ruuvattava suodatin; Sis\u00e4l\u00e4pimitta 2 [mm]: 62; Paino [kg]: 0,5029; Pakkausleveys [cm]: 10,2; Pakkauskorkeus [mm]: 25,1; Pakkaussyvyys [cm]: 9,3; lis\u00e4tieto: CST99; JEEP: COMPASS MK49,PATRIOT MK74; CHRYSLER: GRAND VOYAGER V RT; LANCIA: VOYAGER Gro\u00dfraumlimousine RT; FIAT: FREEMONT JF_; DODGE: CALIBER; 68057228AA, 71771642, K68057228AA<\/p>\n","protected":false},"excerpt":{"rendered":"<p>VAICO Polttoainesuodatin V24-0312  JEEP,CHRYSLER,LANCIA,COMPASS MK49,PATRIOT MK74,GRAND VOYAGER V RT,VOYAGER Gro\u00dfraumlimousine RT,FREEMONT JF_,CALIBER<\/p>\n","protected":false},"featured_media":0,"template":"","meta":{"site-sidebar-layout":"default","site-content-layout":"default","ast-global-header-display":"","ast-main-header-display":"","ast-hfb-above-header-display":"","ast-hfb-below-header-display":"","ast-hfb-mobile-header-display":"","site-post-title":"","ast-breadcrumbs-content":"","ast-featured-img":"","footer-sml-layout":"","theme-transparent-header-meta":"","adv-header-id-meta":"","stick-header-meta":"","header-above-stick-meta":"","header-main-stick-meta":"","header-below-stick-meta":""},"pwb-brand":[330],"product_cat":[29],"product_tag":[],"class_list":{"0":"post-76549","1":"product","2":"type-product","3":"status-publish","5":"pwb-brand-vaico","6":"product_cat-polttoainesuodatin","7":"desktop-align-left","8":"tablet-align-left","9":"mobile-align-left","11":"first","12":"instock","13":"product-type-external"},"brands":[{"id":330,"name":"VAICO","slug":"vaico"}],"_links":{"self":[{"href":"https:\/\/www.autonvaraosahaku.fi\/index.php?rest_route=\/wp\/v2\/product\/76549","targetHints":{"allow":["GET"]}}],"collection":[{"href":"https:\/\/www.autonvaraosahaku.fi\/index.php?rest_route=\/wp\/v2\/product"}],"about":[{"href":"https:\/\/www.autonvaraosahaku.fi\/index.php?rest_route=\/wp\/v2\/types\/product"}],"wp:attachment":[{"href":"https:\/\/www.autonvaraosahaku.fi\/index.php?rest_route=%2Fwp%2Fv2%2Fmedia&parent=76549"}],"wp:term":[{"taxonomy":"pwb-brand","embeddable":true,"href":"https:\/\/www.autonvaraosahaku.fi\/index.php?rest_route=%2Fwp%2Fv2%2Fpwb-brand&post=76549"},{"taxonomy":"product_cat","embeddable":true,"href":"https:\/\/www.autonvaraosahaku.fi\/index.php?rest_route=%2Fwp%2Fv2%2Fproduct_cat&post=76549"},{"taxonomy":"product_tag","embeddable":true,"href":"https:\/\/www.autonvaraosahaku.fi\/index.php?rest_route=%2Fwp%2Fv2%2Fproduct_tag&post=76549"}],"curies":[{"name":"wp","href":"https:\/\/api.w.org\/{rel}","templated":true}]}}