{"id":7655,"date":"2021-02-21T14:00:46","date_gmt":"2021-02-21T14:00:46","guid":{"rendered":"https:\/\/www.autonvaraosahaku.fi\/?product=elring-225-170-imusarjan-tiivisteet"},"modified":"2021-02-21T14:00:48","modified_gmt":"2021-02-21T14:00:48","slug":"elring-225-170-imusarjan-tiivisteet","status":"publish","type":"product","link":"https:\/\/www.autonvaraosahaku.fi\/?product=elring-225-170-imusarjan-tiivisteet","title":{"rendered":"ELRING 225.170 Imusarjan tiivisteet"},"content":{"rendered":"<p>Asennuspuoli: Sylinterikansi; Tarvittava kappalem\u00e4\u00e4r\u00e4: 6; VW: TOUAREG 7LA, 7L6, 7L7,TOUAREG 7P5; AUDI: A4 Avant 8K5, B8,A6 Avant 4F5, C6,A4 8K2, B8,Q5 8R,A6 4F2, C6,A6 Avant 4G5, C7, 4GD,A5 8T3,A5 Sportback 8TA,Q7 4L,A8 4E_,A6 4G2, C7, 4GC,A6 Allroad 4FH, C6,A7 Sportback 4GA, 4GF,A5 Cabriolet 8F7,A8 4H_,A6 Allroad 4GH, 4GJ,Q7 4M; PORSCHE: CAYENNE,PANAMERA; 06E129717D, 079129717B, 95811024700, 06E129717D, 079129717B, 06E129717D, 079129717B, 06E129717D, 079129717B; Tiiviste, Imusarja<\/p>\n","protected":false},"excerpt":{"rendered":"<p>ELRING Imusarjan Tiivisteet 225.170 Tiiviste, Imusarja VW,AUDI,PORSCHE,TOUAREG 7LA, 7L6, 7L7,TOUAREG 7P5,A4 Avant 8K5, B8,A6 Avant 4F5, C6,A4 8K2, B8<\/p>\n","protected":false},"featured_media":0,"template":"","meta":{"site-sidebar-layout":"default","site-content-layout":"default","ast-global-header-display":"","ast-main-header-display":"","ast-hfb-above-header-display":"","ast-hfb-below-header-display":"","ast-hfb-mobile-header-display":"","site-post-title":"","ast-breadcrumbs-content":"","ast-featured-img":"","footer-sml-layout":"","theme-transparent-header-meta":"","adv-header-id-meta":"","stick-header-meta":"","header-above-stick-meta":"","header-main-stick-meta":"","header-below-stick-meta":""},"pwb-brand":[26],"product_cat":[43],"product_tag":[],"class_list":{"0":"post-7655","1":"product","2":"type-product","3":"status-publish","5":"pwb-brand-elring","6":"product_cat-imusarjan-tiivisteet","7":"desktop-align-left","8":"tablet-align-left","9":"mobile-align-left","11":"first","12":"instock","13":"product-type-external"},"brands":[{"id":26,"name":"ELRING","slug":"elring"}],"_links":{"self":[{"href":"https:\/\/www.autonvaraosahaku.fi\/index.php?rest_route=\/wp\/v2\/product\/7655","targetHints":{"allow":["GET"]}}],"collection":[{"href":"https:\/\/www.autonvaraosahaku.fi\/index.php?rest_route=\/wp\/v2\/product"}],"about":[{"href":"https:\/\/www.autonvaraosahaku.fi\/index.php?rest_route=\/wp\/v2\/types\/product"}],"wp:attachment":[{"href":"https:\/\/www.autonvaraosahaku.fi\/index.php?rest_route=%2Fwp%2Fv2%2Fmedia&parent=7655"}],"wp:term":[{"taxonomy":"pwb-brand","embeddable":true,"href":"https:\/\/www.autonvaraosahaku.fi\/index.php?rest_route=%2Fwp%2Fv2%2Fpwb-brand&post=7655"},{"taxonomy":"product_cat","embeddable":true,"href":"https:\/\/www.autonvaraosahaku.fi\/index.php?rest_route=%2Fwp%2Fv2%2Fproduct_cat&post=7655"},{"taxonomy":"product_tag","embeddable":true,"href":"https:\/\/www.autonvaraosahaku.fi\/index.php?rest_route=%2Fwp%2Fv2%2Fproduct_tag&post=7655"}],"curies":[{"name":"wp","href":"https:\/\/api.w.org\/{rel}","templated":true}]}}