{"id":76554,"date":"2021-02-21T19:46:51","date_gmt":"2021-02-21T19:46:51","guid":{"rendered":"https:\/\/www.autonvaraosahaku.fi\/?product=mapco-95944-kierretulppa"},"modified":"2021-02-21T19:46:52","modified_gmt":"2021-02-21T19:46:52","slug":"mapco-95944-kierretulppa","status":"publish","type":"product","link":"https:\/\/www.autonvaraosahaku.fi\/?product=mapco-95944-kierretulppa","title":{"rendered":"MAPCO 95944 Kierretulppa"},"content":{"rendered":"<p>Kierremitta: M14x1,5; Kierteen pituus (mm): 14; Valmistusvuosi alkaen: 08\/2001; SUZUKI: JIMNY FJ,GRAND VITARA II JT,IGNIS II,LIANA Schr\u00e4gheck,LIANA ER; KIA: SORENTO I JC,PICANTO BA,SPORTAGE SL,SPORTAGE JE_, KM_,SORENTO II XM,CARENS II FJ,CARENS III UN,CARNIVAL II GQ,RIO Kombi DC,CERATO LD,MAGENTIS GD,MAGENTIS MG,CERATO Stufenheck LD,RIO Stufenheck DC_,JOICE,SHUMA II FB,SHUMA II Stufenheck FB,PREGIO Kasten TB,K2500 SD,BONGO Pritsche\/Fahrgestell; HYUNDAI: ix35 LM, EL, ELH,GETZ TB,TUCSON JM,SANTA F\u00c9 I SM,SANTA F\u00c9 II CM,MATRIX FC,TERRACAN HP,COUPE GK,H-1 Travel TQ,ATOS MX,TRAJET FO,SONATA V NF,GALLOPER II JK-01,SONATA IV EF,ACCENT II LC,COUPE RD,H-1 Kasten,H-1 Cargo TQ,ACCENT III MC,H-1 \/ STAREX,ELANTRA XD,ACCENT III Stufenheck MC,ELANTRA Stufenheck XD,ACCENT I X-3,ACCENT II Stufenheck LC,GRANDEUR TG,XG XG,LANTRA II Wagon J-2,LANTRA II J-2,SANTAMO,ACCENT Stufenheck X-3,SONATA III Y-3,PONY X-2,LANTRA I J-1,S COUPE SLC,H100 Bus P,H100 Kasten,ELANTRA Stufenheck HD,PONY \/ EXCEL Stufenheck X-2,H-1 Pritsche\/Fahrgestell,SONATA II Y-2,H100 Pritsche\/Fahrgestell; VOLVO: V40 Kombi VW,S40 I VS; MITSUBISHI: COLT VI Z3_A, Z2_A,SPACE STAR DG_A,OUTLANDER XL II CW_W,CARISMA DA_,GRANDIS NA_W,OUTLANDER I CU_W,LANCER Kombi CS_W,PAJERO PININ H6_W, H7_W,COLT CZC Cabriolet RG,CARISMA Stufenheck DA_,PAJERO IV V8_W, V9_W,L 200 K7_T, K6_T,L 200 KB_T, KA_T,PAJERO II V3_W, V2_W, V4_W,LANCER Stufenheck CS_A, CT0,L 300 Bus P0_W, P1_W, P2_W,PAJERO SPORT K90,PAJERO CLASSIC V2_W,L 300 Pritsche\/Fahrgestell L03_P,L 300 Kasten L03_P,PAJERO III Gel\u00e4ndewagen offen V6_W, V7_W,L 300 Kasten P0_W, P1_W,L 300 Bus LO3_P\/G, L0_2P,PAJERO II Canvas Top V2_W, V4_W,L 300 Pritsche\/Fahrgestell P1_T; 2151221000, 2151221010, 251221010, MD050316, 0924714027; \u00d6ljytulppa,Kierretulppa, \u00d6ljypohja<\/p>\n","protected":false},"excerpt":{"rendered":"<p>MAPCO Kierretulppa 95944 \u00d6ljytulppa,Kierretulppa, \u00d6ljypohja SUZUKI,KIA,HYUNDAI,JIMNY FJ,GRAND VITARA II JT,IGNIS II,LIANA Schr\u00e4gheck,LIANA ER<\/p>\n","protected":false},"featured_media":0,"template":"","meta":{"site-sidebar-layout":"default","site-content-layout":"default","ast-global-header-display":"","ast-main-header-display":"","ast-hfb-above-header-display":"","ast-hfb-below-header-display":"","ast-hfb-mobile-header-display":"","site-post-title":"","ast-breadcrumbs-content":"","ast-featured-img":"","footer-sml-layout":"","theme-transparent-header-meta":"","adv-header-id-meta":"","stick-header-meta":"","header-above-stick-meta":"","header-main-stick-meta":"","header-below-stick-meta":""},"pwb-brand":[36],"product_cat":[40],"product_tag":[],"class_list":{"0":"post-76554","1":"product","2":"type-product","3":"status-publish","5":"pwb-brand-mapco","6":"product_cat-kierretulppa","7":"desktop-align-left","8":"tablet-align-left","9":"mobile-align-left","11":"first","12":"instock","13":"product-type-external"},"brands":[{"id":36,"name":"MAPCO","slug":"mapco"}],"_links":{"self":[{"href":"https:\/\/www.autonvaraosahaku.fi\/index.php?rest_route=\/wp\/v2\/product\/76554","targetHints":{"allow":["GET"]}}],"collection":[{"href":"https:\/\/www.autonvaraosahaku.fi\/index.php?rest_route=\/wp\/v2\/product"}],"about":[{"href":"https:\/\/www.autonvaraosahaku.fi\/index.php?rest_route=\/wp\/v2\/types\/product"}],"wp:attachment":[{"href":"https:\/\/www.autonvaraosahaku.fi\/index.php?rest_route=%2Fwp%2Fv2%2Fmedia&parent=76554"}],"wp:term":[{"taxonomy":"pwb-brand","embeddable":true,"href":"https:\/\/www.autonvaraosahaku.fi\/index.php?rest_route=%2Fwp%2Fv2%2Fpwb-brand&post=76554"},{"taxonomy":"product_cat","embeddable":true,"href":"https:\/\/www.autonvaraosahaku.fi\/index.php?rest_route=%2Fwp%2Fv2%2Fproduct_cat&post=76554"},{"taxonomy":"product_tag","embeddable":true,"href":"https:\/\/www.autonvaraosahaku.fi\/index.php?rest_route=%2Fwp%2Fv2%2Fproduct_tag&post=76554"}],"curies":[{"name":"wp","href":"https:\/\/api.w.org\/{rel}","templated":true}]}}