{"id":76556,"date":"2021-02-21T19:46:51","date_gmt":"2021-02-21T19:46:51","guid":{"rendered":"https:\/\/www.autonvaraosahaku.fi\/?product=hjs-83-35-8075-pakoputken-asennussarja"},"modified":"2021-02-21T19:46:53","modified_gmt":"2021-02-21T19:46:53","slug":"hjs-83-35-8075-pakoputken-asennussarja","status":"publish","type":"product","link":"https:\/\/www.autonvaraosahaku.fi\/?product=hjs-83-35-8075-pakoputken-asennussarja","title":{"rendered":"HJS 83 35 8075 Pakoputken asennussarja"},"content":{"rendered":"<p>Materiaali: Metalli; Asennuspuoli: Keskell\u00e4; Vain jnk. yhteydess\u00e4: OE-Schalld\u00e4mpfer; Valmistusvuoteen: 05\/1999; VOLVO: V70 II SW,S60 I,S80 I TS, XY; 30681626; Pakoputken Kannatinkumi,Pidike, Vaimennin<\/p>\n","protected":false},"excerpt":{"rendered":"<p>HJS Pakoputken Kannatin 83 35 8075 Pakoputken Kannatinkumi,Pidike, Vaimennin VOLVO,V70 II SW,S60 I,S80 I TS, XY<\/p>\n","protected":false},"featured_media":0,"template":"","meta":{"site-sidebar-layout":"default","site-content-layout":"default","ast-global-header-display":"","ast-main-header-display":"","ast-hfb-above-header-display":"","ast-hfb-below-header-display":"","ast-hfb-mobile-header-display":"","site-post-title":"","ast-breadcrumbs-content":"","ast-featured-img":"","footer-sml-layout":"","theme-transparent-header-meta":"","adv-header-id-meta":"","stick-header-meta":"","header-above-stick-meta":"","header-main-stick-meta":"","header-below-stick-meta":""},"pwb-brand":[344],"product_cat":[101],"product_tag":[],"class_list":{"0":"post-76556","1":"product","2":"type-product","3":"status-publish","5":"pwb-brand-hjs","6":"product_cat-pakoputken-asennussarja","7":"desktop-align-left","8":"tablet-align-left","9":"mobile-align-left","11":"first","12":"instock","13":"product-type-external"},"brands":[{"id":344,"name":"HJS","slug":"hjs"}],"_links":{"self":[{"href":"https:\/\/www.autonvaraosahaku.fi\/index.php?rest_route=\/wp\/v2\/product\/76556","targetHints":{"allow":["GET"]}}],"collection":[{"href":"https:\/\/www.autonvaraosahaku.fi\/index.php?rest_route=\/wp\/v2\/product"}],"about":[{"href":"https:\/\/www.autonvaraosahaku.fi\/index.php?rest_route=\/wp\/v2\/types\/product"}],"wp:attachment":[{"href":"https:\/\/www.autonvaraosahaku.fi\/index.php?rest_route=%2Fwp%2Fv2%2Fmedia&parent=76556"}],"wp:term":[{"taxonomy":"pwb-brand","embeddable":true,"href":"https:\/\/www.autonvaraosahaku.fi\/index.php?rest_route=%2Fwp%2Fv2%2Fpwb-brand&post=76556"},{"taxonomy":"product_cat","embeddable":true,"href":"https:\/\/www.autonvaraosahaku.fi\/index.php?rest_route=%2Fwp%2Fv2%2Fproduct_cat&post=76556"},{"taxonomy":"product_tag","embeddable":true,"href":"https:\/\/www.autonvaraosahaku.fi\/index.php?rest_route=%2Fwp%2Fv2%2Fproduct_tag&post=76556"}],"curies":[{"name":"wp","href":"https:\/\/api.w.org\/{rel}","templated":true}]}}