{"id":76571,"date":"2021-02-21T19:46:58","date_gmt":"2021-02-21T19:46:58","guid":{"rendered":"https:\/\/www.autonvaraosahaku.fi\/?product=frigair-35-10015-muut-luokat"},"modified":"2021-02-21T19:46:58","modified_gmt":"2021-02-21T19:46:58","slug":"frigair-35-10015-muut-luokat","status":"publish","type":"product","link":"https:\/\/www.autonvaraosahaku.fi\/?product=frigair-35-10015-muut-luokat","title":{"rendered":"FRIGAIR 35.10015 Muut luokat"},"content":{"rendered":"<p>Vastus [Ohm]: 0,3; Varustelumahdollisuudet: per ventola; LANCIA: YPSILON 843,Y 840A,MUSA 350,LYBRA 839AX; FIAT: PUNTO 188,STILO 192,DUCATO Pritsche\/Fahrgestell 230,DUCATO Bus 230,DUCATO Kasten 244,DOBLO Cargo 223,PUNTO 176,DUCATO Pritsche\/Fahrgestell 244,DUCATO Kasten 230L,DUCATO Bus 244, Z_,IDEA,MULTIPLA 186,BRAVO I 182,BRAVA 182,PUNTO Cabriolet 176C,TIPO 160,TEMPRA 159,PUNTO Van 176L,PALIO 178BX; CITRO\u00cbN: JUMPER Kasten 230L,JUMPER Bus 230P,JUMPER Pritsche\/Fahrgestell 230; ALFA ROMEO: 147 937,156 Sportwagon 932,156 932,166 936; PEUGEOT: BOXER Kasten 230L,BOXER Bus 230P,BOXER Pritsche\/Fahrgestell ZCT_<\/p>\n","protected":false},"excerpt":{"rendered":"<p>FRIGAIR Esivastus, S\u00e4hk\u00f6moottori-J\u00e4\u00e4hdytyspuhallin 35.10015  LANCIA,FIAT,CITRO\u00cbN,YPSILON 843,Y 840A,MUSA 350,LYBRA 839AX,PUNTO 188,STILO 192<\/p>\n","protected":false},"featured_media":0,"template":"","meta":{"site-sidebar-layout":"default","site-content-layout":"default","ast-global-header-display":"","ast-main-header-display":"","ast-hfb-above-header-display":"","ast-hfb-below-header-display":"","ast-hfb-mobile-header-display":"","site-post-title":"","ast-breadcrumbs-content":"","ast-featured-img":"","footer-sml-layout":"","theme-transparent-header-meta":"","adv-header-id-meta":"","stick-header-meta":"","header-above-stick-meta":"","header-main-stick-meta":"","header-below-stick-meta":""},"pwb-brand":[460],"product_cat":[37],"product_tag":[],"class_list":{"0":"post-76571","1":"product","2":"type-product","3":"status-publish","5":"pwb-brand-frigair","6":"product_cat-muut-luokat","7":"desktop-align-left","8":"tablet-align-left","9":"mobile-align-left","11":"first","12":"instock","13":"product-type-external"},"brands":[{"id":460,"name":"FRIGAIR","slug":"frigair"}],"_links":{"self":[{"href":"https:\/\/www.autonvaraosahaku.fi\/index.php?rest_route=\/wp\/v2\/product\/76571","targetHints":{"allow":["GET"]}}],"collection":[{"href":"https:\/\/www.autonvaraosahaku.fi\/index.php?rest_route=\/wp\/v2\/product"}],"about":[{"href":"https:\/\/www.autonvaraosahaku.fi\/index.php?rest_route=\/wp\/v2\/types\/product"}],"wp:attachment":[{"href":"https:\/\/www.autonvaraosahaku.fi\/index.php?rest_route=%2Fwp%2Fv2%2Fmedia&parent=76571"}],"wp:term":[{"taxonomy":"pwb-brand","embeddable":true,"href":"https:\/\/www.autonvaraosahaku.fi\/index.php?rest_route=%2Fwp%2Fv2%2Fpwb-brand&post=76571"},{"taxonomy":"product_cat","embeddable":true,"href":"https:\/\/www.autonvaraosahaku.fi\/index.php?rest_route=%2Fwp%2Fv2%2Fproduct_cat&post=76571"},{"taxonomy":"product_tag","embeddable":true,"href":"https:\/\/www.autonvaraosahaku.fi\/index.php?rest_route=%2Fwp%2Fv2%2Fproduct_tag&post=76571"}],"curies":[{"name":"wp","href":"https:\/\/api.w.org\/{rel}","templated":true}]}}